{"id":1368,"date":"2016-10-07T04:02:47","date_gmt":"2016-10-07T02:02:47","guid":{"rendered":"http:\/\/tn.joomexp.com\/wordpress\/wp-trust\/?page_id=1368"},"modified":"2025-11-27T13:54:35","modified_gmt":"2025-11-27T12:54:35","slug":"forside","status":"publish","type":"page","link":"https:\/\/lead-roedl.dk\/de\/","title":{"rendered":"Startseite"},"content":{"rendered":"<div class=\"wpb-content-wrapper\"><p>[vc_row 0=&#8220;&#8220;][vc_column 0=&#8220;&#8220;][rev_slider_vc alias=&#8220;slider-home-12-2018&#8243;][\/vc_column][\/vc_row][vc_row full_width=&#8220;stretch_row&#8220; column_same_height=&#8220;yes&#8220; custom_responsive=&#8220;small-1-column&#8220;][vc_column width=&#8220;1\/2&#8243; css=&#8220;.vc_custom_1764148142206{padding-right: 50px !important;padding-bottom: 50px !important;padding-left: 50px !important;background-color: #3ABE7C !important;}&#8220;][vc_empty_space height=&#8220;80px&#8220;][vc_column_text 0=&#8220;&#8220; css=&#8220;&#8220;]<a name=\"slidelink\"><\/a><\/p>\n<h3>LEAD | R\u00d6DL<br \/>\nKOPENHAGEN<\/h3>\n<h5>LEAD | R\u00d6DL bietet proaktive Beratung an \u2013 wir sind immer einen Schritt voraus und l\u00f6sen daher Probleme, bevor diese entstehen. Dies ist auch unser Mantra: We pave the way. Worldwide.<\/h5>\n<h5>Wir sind eine junge und dynamische d\u00e4nische Anwaltskanzlei, die sowohl d\u00e4nische als auch internationale Unternehmen ber\u00e4t. Wir heben uns von traditionellen Anwaltskanzleien ab, da wir ein Team aus hochspezialisierten Anw\u00e4lten mit internationalem Hintergrund und\u00a0internationaler Erfahrung sind. Beinahe alle Anw\u00e4lte sind mit mehreren Kulturen und Sprachen aufgewachsen, weswegen wir es gewohnt sind, ausdrucksstark in internationalen Zusammenh\u00e4ngen zu kommunizieren.\u00a0Das sind genau jene Werte, die die Grundlage unseres Kanzleikonzepts bilden.<\/h5>\n<h5>Wir haben jene Kompetenzen gesammelt, die bei exportorientierten d\u00e4nischen und internationalen Unternehmen gefragt sind: Corporate\/Commercial, M&amp;A, Arbeitsrecht, Immobilienrecht, Vergaberecht und internationale Rechtsverh\u00e4ltnisse.<\/h5>\n<h5>LEAD | R\u00d6DL m\u00f6chte etwas Gro\u00dfes erreichen \u2013 zusammen mit Ihnen. Um Ihre Herausforderungen und Tr\u00e4ume zum Erfolg zu bringen, machen wir daher gerne Gebrauch von unserem gro\u00dfen internationalen Netzwerk, denn wie gesagt: We pave the way. Worldwide.<\/h5>\n<p>[\/vc_column_text][\/vc_column][vc_column width=&#8220;1\/2&#8243; css=&#8220;.vc_custom_1500450185689{margin-left: 20px !important;padding-left: 20px !important;}&#8220;][vc_empty_space height=&#8220;80px&#8220;][cms_heading hd_title=&#8220;KOMPETENT, AUSDAUERND UND INNOVATIV&#8220; cms_template=&#8220;cms_heading&#8211;layout3.php&#8220;][vc_empty_space height=&#8220;20px&#8220;][vc_row_inner 0=&#8220;&#8220;][vc_column_inner width=&#8220;1\/2&#8243;][cms_fancybox_single icon_fontawesome=&#8220;fa fa-solid fa-earth-americas&#8220; title_item=&#8220;International&#8220; description_item=&#8220;LEAD | R\u00d6DL verf\u00fcgt \u00fcber ein starkes sprachliches und kulturelles Verst\u00e4ndnis und unsere Beratung erfolgt daher in Ihrer eigenen Sprache.&#8220; cms_template=&#8220;cms_fancybox_single&#8211;layout1.php&#8220; image=&#8220;5205&#8243;][vc_empty_space height=&#8220;22px&#8220;][cms_fancybox_single title_item=&#8220;L\u00f6sungen&#8220; description_item=&#8220;LEAD | R\u00d6DL findet immer die richtige L\u00f6sung, die genau zu Ihnen passt.&#8220; cms_template=&#8220;cms_fancybox_single&#8211;layout1.php&#8220; image=&#8220;5211&#8243;][\/vc_column_inner][vc_column_inner width=&#8220;1\/2&#8243;][cms_fancybox_single title_item=&#8220;Mehrwert&#8220; description_item=&#8220;Unsere Kreativit\u00e4t, Neusch\u00f6pfung und Ausdauer schaffen einen Mehrwert f\u00fcr unsere Mandanten und Gesch\u00e4ftspartner.&#8220; cms_template=&#8220;cms_fancybox_single&#8211;layout1.php&#8220; image=&#8220;5212&#8243;][vc_empty_space height=&#8220;22px&#8220;][cms_fancybox_single title_item=&#8220;Experten&#8220; description_item=&#8220;LEAD | R\u00d6DL leistet spezialisierte Rechtsberatung in jenen Rechtsbereichen, welche von exportorientierten d\u00e4nischen und ausl\u00e4ndischen Unternehmen gefragt sind.&#8220; cms_template=&#8220;cms_fancybox_single&#8211;layout1.php&#8220; image=&#8220;5223&#8243;][\/vc_column_inner][\/vc_row_inner][vc_empty_space height=&#8220;70px&#8220;][\/vc_column][\/vc_row][vc_row full_width=&#8220;stretch_row&#8220;][vc_column 0=&#8220;&#8220;][vc_empty_space height=&#8220;86px&#8220;][cms_heading hd_title=&#8220;ANW\u00c4LTE&#8220; hd_description=&#8220;Wir m\u00f6chten die bevorzugten Partner d\u00e4nischer und ausl\u00e4ndischer Unternehmen sein, wenn es um Rechtsberatung geht, denn auch Ihr Unternehmen soll einen Schritt voraus sein. Das Team hinter dieser Vision finden Sie hier:&#8220; hd_view_text=&#8220;UNSER GESAMTES TEAM&#8220; hd_view_link=&#8220;https:\/\/lead-roedl.dk\/\/medarbejdere&#8220; cms_template=&#8220;cms_heading.php&#8220;][vc_empty_space height=&#8220;40px&#8220;][cms_carousel xsmall_items=&#8220;1&#8243; small_items=&#8220;2&#8243; medium_items=&#8220;3&#8243; large_items=&#8220;4&#8243; margin=&#8220;30&#8243; nav=&#8220;false&#8220; dots=&#8220;false&#8220; autoplay=&#8220;false&#8220; l_icon_fontawesome=&#8220;fa fa-long-arrow-left&#8220; r_icon_fontawesome=&#8220;fa fa-long-arrow-right&#8220; source=&#8220;size:4|order_by:menu_order|order:ASC|post_type:attorneys&#8220; cms_template=&#8220;cms_carousel&#8211;layout-attorneys1.php&#8220;][vc_empty_space height=&#8220;20px&#8220;][\/vc_column][\/vc_row][vc_row full_width=&#8220;stretch_row&#8220; css=&#8220;.vc_custom_1764149443745{background-color: #1C3828 !important;}&#8220;][vc_column 0=&#8220;&#8220;][vc_empty_space height=&#8220;90px&#8220;][cms_heading hd_title=&#8220;KOMPETENZEN&#8220; title_color=&#8220;#ffffff&#8220; hd_description=&#8220;Spezialisierte Rechtsberatung \u2013 das ist genau, was wir unseren Mandanten und Gesch\u00e4ftspartnern anbieten. Unten bekommen Sie einen umfassenden Einblick in die Bereiche, in denen wir am st\u00e4rksten sind.&#8220; hd_view_text=&#8220;Sehen sie alle Kompetenzen&#8220; hd_view_link=&#8220;https:\/\/lead-roedl.dk\/\/kompetencer\/&#8220; cms_template=&#8220;cms_heading.php&#8220;][vc_empty_space height=&#8220;42px&#8220;][cms_grid col_xs=&#8220;1&#8243; col_sm=&#8220;2&#8243; col_md=&#8220;3&#8243; col_lg=&#8220;4&#8243; source=&#8220;size:4|order_by:date|post_type:practice&#8220; cms_template=&#8220;cms_grid&#8211;layout-practice5.php&#8220;][vc_empty_space height=&#8220;42px&#8220;][\/vc_column][\/vc_row][vc_row full_width=&#8220;stretch_row&#8220; css=&#8220;.vc_custom_1502369799643{background-color: rgba(27,26,26,0.86) !important;*background-color: rgb(27,26,26) !important;}&#8220;][vc_column 0=&#8220;&#8220;][vc_empty_space height=&#8220;86px&#8220;][cms_heading subtitle_color=&#8220;#e5e4e4&#8243; hd_title=&#8220;MANDANTENEMPFEHLUNGEN&#8220; title_color=&#8220;#ffffff&#8220; hd_description=&#8220;Unsere Mandanten sind Unternehmen mit einem Plan. Sie wissen, wohin sie m\u00f6chten.<br \/>\nDies sagen sie \u00fcber uns:&#8220; description_color=&#8220;#959595&#8243; text_color=&#8220;#ffffff&#8220; cms_template=&#8220;cms_heading.php&#8220;][vc_empty_space height=&#8220;40px&#8220;][cms_carousel xsmall_items=&#8220;1&#8243; small_items=&#8220;2&#8243; medium_items=&#8220;3&#8243; large_items=&#8220;3&#8243; margin=&#8220;30&#8243; nav=&#8220;false&#8220; title_color=&#8220;#ffffff&#8220; source=&#8220;size:6|order_by:date|post_type:testimonials&#8220; cms_template=&#8220;cms_carousel&#8211;layout-teatimonial2.php&#8220;][vc_empty_space height=&#8220;20px&#8220;][\/vc_column][\/vc_row][vc_row full_width=&#8220;stretch_row&#8220;][vc_column 0=&#8220;&#8220;][vc_empty_space height=&#8220;86px&#8220;][cms_heading hd_title=&#8220;Aktuelles&#8220; hd_description=&#8220;Aktuelle Neuigkeiten von LEAD | R\u00d6DL:&#8220; hd_view_link=&#8220;http:\/\/tn.joomexp.com\/wordpress\/wp-trust\/?page_id=446&#8243; cms_template=&#8220;cms_heading.php&#8220;][vc_empty_space height=&#8220;40px&#8220;][cms_grid col_xs=&#8220;1&#8243; col_sm=&#8220;2&#8243; col_md=&#8220;3&#8243; col_lg=&#8220;4&#8243; source=&#8220;size:4|order_by:date|post_type:post&#8220; cms_template=&#8220;cms_grid&#8211;layout-blog1.php&#8220;][vc_empty_space height=&#8220;50px&#8220;][\/vc_column][\/vc_row]<\/p>\n<\/div>","protected":false},"excerpt":{"rendered":"<p>[vc_row 0=&#8220;&#8220;][vc_column 0=&#8220;&#8220;][rev_slider_vc alias=&#8220;slider-home-12-2018&#8243;][\/vc_column][\/vc_row][vc_row full_width=&#8220;stretch_row&#8220; column_same_height=&#8220;yes&#8220; custom_responsive=&#8220;small-1-column&#8220;][vc_column width=&#8220;1\/2&#8243; css=&#8220;.vc_custom_1764148142206{padding-right: 50px !important;padding-bottom: 50px !important;padding-left: 50px !important;background-color: #3ABE7C !important;}&#8220;][vc_empty_space height=&#8220;80px&#8220;][vc_column_text 0=&#8220;&#8220; css=&#8220;&#8220;] LEAD | R\u00d6DL KOPENHAGEN LEAD | R\u00d6DL bietet proaktive Beratung an \u2013 wir sind immer einen Schritt voraus und l\u00f6sen daher Probleme, bevor diese entstehen. Dies ist auch unser Mantra: We pave the way. Worldwide. [&hellip;]<\/p>\n","protected":false},"author":1,"featured_media":0,"parent":0,"menu_order":0,"comment_status":"closed","ping_status":"closed","template":"","meta":{"footnotes":""},"class_list":["post-1368","page","type-page","status-publish","hentry"],"yoast_head":"<!-- This site is optimized with the Yoast SEO plugin v27.3 - https:\/\/yoast.com\/product\/yoast-seo-wordpress\/ -->\n<title>Startseite - LEAD | R\u00d6DL<\/title>\n<meta name=\"robots\" content=\"index, follow, max-snippet:-1, max-image-preview:large, max-video-preview:-1\" \/>\n<link rel=\"canonical\" href=\"https:\/\/lead-roedl.dk\/\/\" \/>\n<meta property=\"og:locale\" content=\"de_DE\" \/>\n<meta property=\"og:type\" content=\"article\" \/>\n<meta property=\"og:title\" content=\"[:da]Forside[:en]Home[:de]Startseite[:fr]Startseite[:] - LEAD | R\u00d6DL\" \/>\n<meta property=\"og:description\" content=\"[vc_row 0=&#8220;&#8220;][vc_column 0=&#8220;&#8220;][rev_slider_vc alias=&#8220;slider-home-12-2018&#8243;][\/vc_column][\/vc_row][vc_row full_width=&#8220;stretch_row&#8220; column_same_height=&#8220;yes&#8220; custom_responsive=&#8220;small-1-column&#8220;][vc_column width=&#8220;1\/2&#8243; css=&#8220;.vc_custom_1764148142206{padding-right: 50px !important;padding-bottom: 50px !important;padding-left: 50px !important;background-color: #3ABE7C !important;}&#8220;][vc_empty_space height=&#8220;80px&#8220;][vc_column_text 0=&#8220;&#8220; css=&#8220;&#8220;] LEAD | R\u00d6DL KOPENHAGEN LEAD | R\u00d6DL bietet proaktive Beratung an \u2013 wir sind immer einen Schritt voraus und l\u00f6sen daher Probleme, bevor diese entstehen. Dies ist auch unser Mantra: We pave the way. Worldwide. [&hellip;]\" \/>\n<meta property=\"og:url\" content=\"https:\/\/lead-roedl.dk\/\/\" \/>\n<meta property=\"og:site_name\" content=\"LEAD | R\u00d6DL\" \/>\n<meta property=\"article:modified_time\" content=\"2025-11-27T12:54:35+00:00\" \/>\n<meta property=\"og:image\" content=\"https:\/\/lead-roedl.dk\/wp-content\/uploads\/2022\/10\/preview.jpg\" \/>\n\t<meta property=\"og:image:width\" content=\"1200\" \/>\n\t<meta property=\"og:image:height\" content=\"630\" \/>\n\t<meta property=\"og:image:type\" content=\"image\/jpeg\" \/>\n<meta name=\"twitter:card\" content=\"summary_large_image\" \/>\n<meta name=\"twitter:label1\" content=\"Gesch\u00e4tzte Lesezeit\" \/>\n\t<meta name=\"twitter:data1\" content=\"4\u00a0Minuten\" \/>\n<script type=\"application\/ld+json\" class=\"yoast-schema-graph\">{\"@context\":\"https:\\\/\\\/schema.org\",\"@graph\":[{\"@type\":\"WebPage\",\"@id\":\"https:\\\/\\\/lead-roedl.dk\\\/\\\/\",\"url\":\"https:\\\/\\\/lead-roedl.dk\\\/\\\/\",\"name\":\"[:da]Forside[:en]Home[:de]Startseite[:fr]Startseite[:] - LEAD | R\u00d6DL\",\"isPartOf\":{\"@id\":\"https:\\\/\\\/lead-roedl.dk\\\/#website\"},\"datePublished\":\"2016-10-07T02:02:47+00:00\",\"dateModified\":\"2025-11-27T12:54:35+00:00\",\"breadcrumb\":{\"@id\":\"https:\\\/\\\/lead-roedl.dk\\\/\\\/#breadcrumb\"},\"inLanguage\":\"de\",\"potentialAction\":[{\"@type\":\"ReadAction\",\"target\":[\"https:\\\/\\\/lead-roedl.dk\\\/\\\/\"]}]},{\"@type\":\"BreadcrumbList\",\"@id\":\"https:\\\/\\\/lead-roedl.dk\\\/\\\/#breadcrumb\",\"itemListElement\":[{\"@type\":\"ListItem\",\"position\":1,\"name\":\"Startseite\",\"item\":\"https:\\\/\\\/lead-roedl.dk\\\/\\\/\"},{\"@type\":\"ListItem\",\"position\":2,\"name\":\"Forside\"}]},{\"@type\":\"WebSite\",\"@id\":\"https:\\\/\\\/lead-roedl.dk\\\/#website\",\"url\":\"https:\\\/\\\/lead-roedl.dk\\\/\",\"name\":\"LEAD | R\u00d6DL\",\"description\":\"\",\"publisher\":{\"@id\":\"https:\\\/\\\/lead-roedl.dk\\\/#organization\"},\"potentialAction\":[{\"@type\":\"SearchAction\",\"target\":{\"@type\":\"EntryPoint\",\"urlTemplate\":\"https:\\\/\\\/lead-roedl.dk\\\/?s={search_term_string}\"},\"query-input\":{\"@type\":\"PropertyValueSpecification\",\"valueRequired\":true,\"valueName\":\"search_term_string\"}}],\"inLanguage\":\"de\"},{\"@type\":\"Organization\",\"@id\":\"https:\\\/\\\/lead-roedl.dk\\\/#organization\",\"name\":\"LEAD | R\u00d6DL\",\"url\":\"https:\\\/\\\/lead-roedl.dk\\\/\",\"logo\":{\"@type\":\"ImageObject\",\"inLanguage\":\"de\",\"@id\":\"https:\\\/\\\/lead-roedl.dk\\\/#\\\/schema\\\/logo\\\/image\\\/\",\"url\":\"https:\\\/\\\/lead-roedl.dk\\\/\\\/wp-content\\\/uploads\\\/2018\\\/12\\\/LEAD_LOGO_GREEN.jpg\",\"contentUrl\":\"https:\\\/\\\/lead-roedl.dk\\\/\\\/wp-content\\\/uploads\\\/2018\\\/12\\\/LEAD_LOGO_GREEN.jpg\",\"width\":499,\"height\":82,\"caption\":\"LEAD | R\u00d6DL\"},\"image\":{\"@id\":\"https:\\\/\\\/lead-roedl.dk\\\/#\\\/schema\\\/logo\\\/image\\\/\"},\"sameAs\":[\"https:\\\/\\\/www.linkedin.com\\\/in\\\/michael-skovgaard-christensen-3402612\\\/\"]}]}<\/script>\n<!-- \/ Yoast SEO plugin. -->","yoast_head_json":{"title":"[:da]Forside[:en]Home[:de]Startseite[:fr]Startseite[:] - LEAD | R\u00d6DL","robots":{"index":"index","follow":"follow","max-snippet":"max-snippet:-1","max-image-preview":"max-image-preview:large","max-video-preview":"max-video-preview:-1"},"canonical":"https:\/\/lead-roedl.dk\/\/","og_locale":"de_DE","og_type":"article","og_title":"[:da]Forside[:en]Home[:de]Startseite[:fr]Startseite[:] - LEAD | R\u00d6DL","og_description":"[vc_row 0=&#8220;&#8220;][vc_column 0=&#8220;&#8220;][rev_slider_vc alias=&#8220;slider-home-12-2018&#8243;][\/vc_column][\/vc_row][vc_row full_width=&#8220;stretch_row&#8220; column_same_height=&#8220;yes&#8220; custom_responsive=&#8220;small-1-column&#8220;][vc_column width=&#8220;1\/2&#8243; css=&#8220;.vc_custom_1764148142206{padding-right: 50px !important;padding-bottom: 50px !important;padding-left: 50px !important;background-color: #3ABE7C !important;}&#8220;][vc_empty_space height=&#8220;80px&#8220;][vc_column_text 0=&#8220;&#8220; css=&#8220;&#8220;] LEAD | R\u00d6DL KOPENHAGEN LEAD | R\u00d6DL bietet proaktive Beratung an \u2013 wir sind immer einen Schritt voraus und l\u00f6sen daher Probleme, bevor diese entstehen. Dies ist auch unser Mantra: We pave the way. Worldwide. [&hellip;]","og_url":"https:\/\/lead-roedl.dk\/\/","og_site_name":"LEAD | R\u00d6DL","article_modified_time":"2025-11-27T12:54:35+00:00","og_image":[{"width":1200,"height":630,"url":"https:\/\/lead-roedl.dk\/wp-content\/uploads\/2022\/10\/preview.jpg","type":"image\/jpeg"}],"twitter_card":"summary_large_image","twitter_misc":{"Gesch\u00e4tzte Lesezeit":"4\u00a0Minuten"},"schema":{"@context":"https:\/\/schema.org","@graph":[{"@type":"WebPage","@id":"https:\/\/lead-roedl.dk\/\/","url":"https:\/\/lead-roedl.dk\/\/","name":"[:da]Forside[:en]Home[:de]Startseite[:fr]Startseite[:] - LEAD | R\u00d6DL","isPartOf":{"@id":"https:\/\/lead-roedl.dk\/#website"},"datePublished":"2016-10-07T02:02:47+00:00","dateModified":"2025-11-27T12:54:35+00:00","breadcrumb":{"@id":"https:\/\/lead-roedl.dk\/\/#breadcrumb"},"inLanguage":"de","potentialAction":[{"@type":"ReadAction","target":["https:\/\/lead-roedl.dk\/\/"]}]},{"@type":"BreadcrumbList","@id":"https:\/\/lead-roedl.dk\/\/#breadcrumb","itemListElement":[{"@type":"ListItem","position":1,"name":"Startseite","item":"https:\/\/lead-roedl.dk\/\/"},{"@type":"ListItem","position":2,"name":"Forside"}]},{"@type":"WebSite","@id":"https:\/\/lead-roedl.dk\/#website","url":"https:\/\/lead-roedl.dk\/","name":"LEAD | R\u00d6DL","description":"","publisher":{"@id":"https:\/\/lead-roedl.dk\/#organization"},"potentialAction":[{"@type":"SearchAction","target":{"@type":"EntryPoint","urlTemplate":"https:\/\/lead-roedl.dk\/?s={search_term_string}"},"query-input":{"@type":"PropertyValueSpecification","valueRequired":true,"valueName":"search_term_string"}}],"inLanguage":"de"},{"@type":"Organization","@id":"https:\/\/lead-roedl.dk\/#organization","name":"LEAD | R\u00d6DL","url":"https:\/\/lead-roedl.dk\/","logo":{"@type":"ImageObject","inLanguage":"de","@id":"https:\/\/lead-roedl.dk\/#\/schema\/logo\/image\/","url":"https:\/\/lead-roedl.dk\/\/wp-content\/uploads\/2018\/12\/LEAD_LOGO_GREEN.jpg","contentUrl":"https:\/\/lead-roedl.dk\/\/wp-content\/uploads\/2018\/12\/LEAD_LOGO_GREEN.jpg","width":499,"height":82,"caption":"LEAD | R\u00d6DL"},"image":{"@id":"https:\/\/lead-roedl.dk\/#\/schema\/logo\/image\/"},"sameAs":["https:\/\/www.linkedin.com\/in\/michael-skovgaard-christensen-3402612\/"]}]}},"_links":{"self":[{"href":"https:\/\/lead-roedl.dk\/de\/wp-json\/wp\/v2\/pages\/1368","targetHints":{"allow":["GET"]}}],"collection":[{"href":"https:\/\/lead-roedl.dk\/de\/wp-json\/wp\/v2\/pages"}],"about":[{"href":"https:\/\/lead-roedl.dk\/de\/wp-json\/wp\/v2\/types\/page"}],"author":[{"embeddable":true,"href":"https:\/\/lead-roedl.dk\/de\/wp-json\/wp\/v2\/users\/1"}],"replies":[{"embeddable":true,"href":"https:\/\/lead-roedl.dk\/de\/wp-json\/wp\/v2\/comments?post=1368"}],"version-history":[{"count":160,"href":"https:\/\/lead-roedl.dk\/de\/wp-json\/wp\/v2\/pages\/1368\/revisions"}],"predecessor-version":[{"id":5238,"href":"https:\/\/lead-roedl.dk\/de\/wp-json\/wp\/v2\/pages\/1368\/revisions\/5238"}],"wp:attachment":[{"href":"https:\/\/lead-roedl.dk\/de\/wp-json\/wp\/v2\/media?parent=1368"}],"curies":[{"name":"wp","href":"https:\/\/api.w.org\/{rel}","templated":true}]}}