{"id":3395,"date":"2018-12-13T11:17:55","date_gmt":"2018-12-13T10:17:55","guid":{"rendered":"https:\/\/lead-roedl.dk\/?page_id=3395"},"modified":"2021-08-09T15:37:08","modified_gmt":"2021-08-09T13:37:08","slug":"cookie-policy","status":"publish","type":"page","link":"https:\/\/lead-roedl.dk\/de\/cookie-policy\/","title":{"rendered":"Cookiepolitik"},"content":{"rendered":"<div class=\"wpb-content-wrapper\"><p>[vc_row][vc_column][vc_column_text]<\/p>\n<h2><strong>COOKIEPOLITIK<\/strong><\/h2>\n<p><strong>Eigent\u00fcmer- und Kontaktinformationen<\/strong><\/p>\n<p>LEAD Advokatpartnerselskab<br \/>\nStore Kongensgade 40H, 2.<br \/>\nDK-1264 K\u00f8benhavn K<\/p>\n<p>CVR nr.:32321488<br \/>\n<a href=\"mailto:info@lead-roedl.dk\">info@lead-roedl.dk<\/a><\/p>\n<p><strong>Was sind Cookies?<\/strong><\/p>\n<p>Ein Cookie ist eine kleine Textdatei, die auf Ihrem Computer oder Notepad gespeichert wird, damit dieser wiedererkannt wird. Der Cookie speichert keine pers\u00f6nlichen Daten und enth\u00e4lt keinen Virus.<\/p>\n<p><strong>Zweck der Verwendung von Cookies durch LEAD | R\u00d6DL.<\/strong><\/p>\n<p>Wir nutzen Cookies, so dass Sie die technischen Funktionen nutzen k\u00f6nnen, die wir auf unserer Homepage eingerichtet haben, hierunter das Formular zu Anmeldung an unserem Newsletter und Chatfunktionen. Dar\u00fcber hinaus nutzen wir Cookies im Rahmen unseres Gebrauches von Google Analytics, so dass wir Besucher unserer Homepage registrieren k\u00f6nnen. Es werden keine pers\u00f6nlichen Daten gesammelt und wir k\u00f6nnen anhand der Informationen weder Ihren Namen noch Ihre Adresse identifizieren.<\/p>\n<p>LEAD | R\u00d6DL setzt 3 first-part-cookies, die nur solange auf Ihrem Computer gelagert werden, bis Sie den Browser schlie\u00dfen. Zweck dieser Cookies ist es Sie als Nutzer zu identifizieren und Ihre Pr\u00e4ferenzen bez\u00fcglich Sprachwahl zu speichern und die Chatfunktion zu erm\u00f6glichen, w\u00e4hrend Sie auf unserer Homepage surfen, dar\u00fcber hinaus wird der Zeitpunkt registriert, wann Sie die Seite schlie\u00dfen. Des weiteren setzt lead-roedl.dk 3 first-part Cookies, die in Zeitr\u00e4umen von 30 Minuten bis zu 2 Jahren auf Ihrem Computer gespeichert werden:<\/p>\n<p>Dabei werden Informationen zu der Herkunft Ihrer IP Adresse, sowie zu der L\u00e4nge und H\u00e4ufigkeit Ihres Besuchs gespeichert. Diese Cookies speichern auch, ob Sie durch Ein-gabe von Suchw\u00f6rtern zu unserer Homepage gekommen sind, oder ob dies durch Eingabe des Links geschehen ist.<\/p>\n<p><strong>So l\u00f6schen oder blockieren Sie Cookies<\/strong><\/p>\n<p>Wie Sie Cookies, die auf Ihren IT- Ger\u00e4ten gesetzt werden, l\u00f6schen oder verhindern dass die Cookies \u00fcberhaupt gesetzt werden, h\u00e4ngt von Ihrem Browser und Ihrer Ausr\u00fcstung ab. Wenn Sie einen PC nutzen, \u00f6ffnen Sie durch Eingabe von [CTRL] [SHIFT] [Delete] das relevante Fenster und k\u00f6nnen die weiteren Instruktionen in dem neuen Fenster folgen.<\/p>\n<p>Anderenfalls finden Sie die relevanten Instruktionen auf einen der folgenden Internetseiten, abh\u00e4ngig davon, welchen Browser Sie nutzen:<\/p>\n<p><a href=\"https:\/\/support.microsoft.com\/en-us\/help\/17442\/windows-internet-explorer-delete-manage-cookies\">Internet Explorer<\/a><\/p>\n<p><a href=\"https:\/\/support.mozilla.org\/en-US\/kb\/clear-cookies-and-site-data-firefox?redirectlocale=en-US&amp;redirectslug=delete-cookies-remove-info-websites-stored\">Mozilla Firefox<\/a><\/p>\n<p><a href=\"https:\/\/support.google.com\/chrome\/answer\/95647?hl=en\">Google Chrome<\/a><\/p>\n<p><a href=\"https:\/\/help.opera.com\/en\/latest\/web-preferences\/#cookies\">Opera<\/a><\/p>\n<p><a href=\"https:\/\/support.apple.com\/en-us\/HT201265\">Safari<\/a><\/p>\n<p><a href=\"http:\/\/www.macromedia.com\/support\/documentation\/en\/flashplayer\/help\/settings_manager07.html\">Flash cookies<\/a><\/p>\n<p>&nbsp;<\/p>\n<p>[\/vc_column_text][vc_empty_space height=&#8220;72px&#8220;][\/vc_column][\/vc_row][vc_row][vc_column][\/vc_column][\/vc_row]<\/p>\n<\/div>","protected":false},"excerpt":{"rendered":"<p>[vc_row][vc_column][vc_column_text] COOKIEPOLITIK Eigent\u00fcmer- und Kontaktinformationen LEAD Advokatpartnerselskab Store Kongensgade 40H, 2. DK-1264 K\u00f8benhavn K CVR nr.:32321488 info@lead-roedl.dk Was sind Cookies? Ein Cookie ist eine kleine Textdatei, die auf Ihrem Computer oder Notepad gespeichert wird, damit dieser wiedererkannt wird. Der Cookie speichert keine pers\u00f6nlichen Daten und enth\u00e4lt keinen Virus. Zweck der Verwendung von Cookies durch LEAD [&hellip;]<\/p>\n","protected":false},"author":1,"featured_media":0,"parent":0,"menu_order":0,"comment_status":"closed","ping_status":"closed","template":"","meta":{"footnotes":""},"class_list":["post-3395","page","type-page","status-publish","hentry"],"yoast_head":"<!-- This site is optimized with the Yoast SEO plugin v27.3 - https:\/\/yoast.com\/product\/yoast-seo-wordpress\/ -->\n<title>Cookiepolitik - LEAD | R\u00d6DL<\/title>\n<meta name=\"robots\" content=\"index, follow, max-snippet:-1, max-image-preview:large, max-video-preview:-1\" \/>\n<link rel=\"canonical\" href=\"https:\/\/lead-roedl.dk\/\/de\/cookie-policy\/\" \/>\n<meta property=\"og:locale\" content=\"de_DE\" \/>\n<meta property=\"og:type\" content=\"article\" \/>\n<meta property=\"og:title\" content=\"[:da]Cookiepolitik[:en]Cookie Policy[:de]Cookiepolitik[:fr]Politque de gestion des cookies[:] - LEAD | R\u00d6DL\" \/>\n<meta property=\"og:description\" content=\"[vc_row][vc_column][vc_column_text] COOKIEPOLITIK Eigent\u00fcmer- und Kontaktinformationen LEAD Advokatpartnerselskab Store Kongensgade 40H, 2. DK-1264 K\u00f8benhavn K CVR nr.:32321488 info@lead-roedl.dk Was sind Cookies? Ein Cookie ist eine kleine Textdatei, die auf Ihrem Computer oder Notepad gespeichert wird, damit dieser wiedererkannt wird. Der Cookie speichert keine pers\u00f6nlichen Daten und enth\u00e4lt keinen Virus. Zweck der Verwendung von Cookies durch LEAD [&hellip;]\" \/>\n<meta property=\"og:url\" content=\"https:\/\/lead-roedl.dk\/\/de\/cookie-policy\/\" \/>\n<meta property=\"og:site_name\" content=\"LEAD | R\u00d6DL\" \/>\n<meta property=\"article:modified_time\" content=\"2021-08-09T13:37:08+00:00\" \/>\n<meta property=\"og:image\" content=\"https:\/\/lead-roedl.dk\/wp-content\/uploads\/2022\/10\/preview.jpg\" \/>\n\t<meta property=\"og:image:width\" content=\"1200\" \/>\n\t<meta property=\"og:image:height\" content=\"630\" \/>\n\t<meta property=\"og:image:type\" content=\"image\/jpeg\" \/>\n<meta name=\"twitter:card\" content=\"summary_large_image\" \/>\n<meta name=\"twitter:label1\" content=\"Gesch\u00e4tzte Lesezeit\" \/>\n\t<meta name=\"twitter:data1\" content=\"8\u00a0Minuten\" \/>\n<script type=\"application\/ld+json\" class=\"yoast-schema-graph\">{\"@context\":\"https:\\\/\\\/schema.org\",\"@graph\":[{\"@type\":\"WebPage\",\"@id\":\"https:\\\/\\\/lead-roedl.dk\\\/\\\/de\\\/cookie-policy\\\/\",\"url\":\"https:\\\/\\\/lead-roedl.dk\\\/\\\/de\\\/cookie-policy\\\/\",\"name\":\"[:da]Cookiepolitik[:en]Cookie Policy[:de]Cookiepolitik[:fr]Politque de gestion des cookies[:] - LEAD | R\u00d6DL\",\"isPartOf\":{\"@id\":\"https:\\\/\\\/lead-roedl.dk\\\/#website\"},\"datePublished\":\"2018-12-13T10:17:55+00:00\",\"dateModified\":\"2021-08-09T13:37:08+00:00\",\"breadcrumb\":{\"@id\":\"https:\\\/\\\/lead-roedl.dk\\\/\\\/de\\\/cookie-policy\\\/#breadcrumb\"},\"inLanguage\":\"de\",\"potentialAction\":[{\"@type\":\"ReadAction\",\"target\":[\"https:\\\/\\\/lead-roedl.dk\\\/\\\/de\\\/cookie-policy\\\/\"]}]},{\"@type\":\"BreadcrumbList\",\"@id\":\"https:\\\/\\\/lead-roedl.dk\\\/\\\/de\\\/cookie-policy\\\/#breadcrumb\",\"itemListElement\":[{\"@type\":\"ListItem\",\"position\":1,\"name\":\"Startseite\",\"item\":\"https:\\\/\\\/lead-roedl.dk\\\/\\\/\"},{\"@type\":\"ListItem\",\"position\":2,\"name\":\"Cookiepolitik\"}]},{\"@type\":\"WebSite\",\"@id\":\"https:\\\/\\\/lead-roedl.dk\\\/#website\",\"url\":\"https:\\\/\\\/lead-roedl.dk\\\/\",\"name\":\"LEAD | R\u00d6DL\",\"description\":\"\",\"publisher\":{\"@id\":\"https:\\\/\\\/lead-roedl.dk\\\/#organization\"},\"potentialAction\":[{\"@type\":\"SearchAction\",\"target\":{\"@type\":\"EntryPoint\",\"urlTemplate\":\"https:\\\/\\\/lead-roedl.dk\\\/?s={search_term_string}\"},\"query-input\":{\"@type\":\"PropertyValueSpecification\",\"valueRequired\":true,\"valueName\":\"search_term_string\"}}],\"inLanguage\":\"de\"},{\"@type\":\"Organization\",\"@id\":\"https:\\\/\\\/lead-roedl.dk\\\/#organization\",\"name\":\"LEAD | R\u00d6DL\",\"url\":\"https:\\\/\\\/lead-roedl.dk\\\/\",\"logo\":{\"@type\":\"ImageObject\",\"inLanguage\":\"de\",\"@id\":\"https:\\\/\\\/lead-roedl.dk\\\/#\\\/schema\\\/logo\\\/image\\\/\",\"url\":\"https:\\\/\\\/lead-roedl.dk\\\/\\\/wp-content\\\/uploads\\\/2018\\\/12\\\/LEAD_LOGO_GREEN.jpg\",\"contentUrl\":\"https:\\\/\\\/lead-roedl.dk\\\/\\\/wp-content\\\/uploads\\\/2018\\\/12\\\/LEAD_LOGO_GREEN.jpg\",\"width\":499,\"height\":82,\"caption\":\"LEAD | R\u00d6DL\"},\"image\":{\"@id\":\"https:\\\/\\\/lead-roedl.dk\\\/#\\\/schema\\\/logo\\\/image\\\/\"},\"sameAs\":[\"https:\\\/\\\/www.linkedin.com\\\/in\\\/michael-skovgaard-christensen-3402612\\\/\"]}]}<\/script>\n<!-- \/ Yoast SEO plugin. -->","yoast_head_json":{"title":"[:da]Cookiepolitik[:en]Cookie Policy[:de]Cookiepolitik[:fr]Politque de gestion des cookies[:] - LEAD | R\u00d6DL","robots":{"index":"index","follow":"follow","max-snippet":"max-snippet:-1","max-image-preview":"max-image-preview:large","max-video-preview":"max-video-preview:-1"},"canonical":"https:\/\/lead-roedl.dk\/\/de\/cookie-policy\/","og_locale":"de_DE","og_type":"article","og_title":"[:da]Cookiepolitik[:en]Cookie Policy[:de]Cookiepolitik[:fr]Politque de gestion des cookies[:] - LEAD | R\u00d6DL","og_description":"[vc_row][vc_column][vc_column_text] COOKIEPOLITIK Eigent\u00fcmer- und Kontaktinformationen LEAD Advokatpartnerselskab Store Kongensgade 40H, 2. DK-1264 K\u00f8benhavn K CVR nr.:32321488 info@lead-roedl.dk Was sind Cookies? Ein Cookie ist eine kleine Textdatei, die auf Ihrem Computer oder Notepad gespeichert wird, damit dieser wiedererkannt wird. Der Cookie speichert keine pers\u00f6nlichen Daten und enth\u00e4lt keinen Virus. Zweck der Verwendung von Cookies durch LEAD [&hellip;]","og_url":"https:\/\/lead-roedl.dk\/\/de\/cookie-policy\/","og_site_name":"LEAD | R\u00d6DL","article_modified_time":"2021-08-09T13:37:08+00:00","og_image":[{"width":1200,"height":630,"url":"https:\/\/lead-roedl.dk\/wp-content\/uploads\/2022\/10\/preview.jpg","type":"image\/jpeg"}],"twitter_card":"summary_large_image","twitter_misc":{"Gesch\u00e4tzte Lesezeit":"8\u00a0Minuten"},"schema":{"@context":"https:\/\/schema.org","@graph":[{"@type":"WebPage","@id":"https:\/\/lead-roedl.dk\/\/de\/cookie-policy\/","url":"https:\/\/lead-roedl.dk\/\/de\/cookie-policy\/","name":"[:da]Cookiepolitik[:en]Cookie Policy[:de]Cookiepolitik[:fr]Politque de gestion des cookies[:] - LEAD | R\u00d6DL","isPartOf":{"@id":"https:\/\/lead-roedl.dk\/#website"},"datePublished":"2018-12-13T10:17:55+00:00","dateModified":"2021-08-09T13:37:08+00:00","breadcrumb":{"@id":"https:\/\/lead-roedl.dk\/\/de\/cookie-policy\/#breadcrumb"},"inLanguage":"de","potentialAction":[{"@type":"ReadAction","target":["https:\/\/lead-roedl.dk\/\/de\/cookie-policy\/"]}]},{"@type":"BreadcrumbList","@id":"https:\/\/lead-roedl.dk\/\/de\/cookie-policy\/#breadcrumb","itemListElement":[{"@type":"ListItem","position":1,"name":"Startseite","item":"https:\/\/lead-roedl.dk\/\/"},{"@type":"ListItem","position":2,"name":"Cookiepolitik"}]},{"@type":"WebSite","@id":"https:\/\/lead-roedl.dk\/#website","url":"https:\/\/lead-roedl.dk\/","name":"LEAD | R\u00d6DL","description":"","publisher":{"@id":"https:\/\/lead-roedl.dk\/#organization"},"potentialAction":[{"@type":"SearchAction","target":{"@type":"EntryPoint","urlTemplate":"https:\/\/lead-roedl.dk\/?s={search_term_string}"},"query-input":{"@type":"PropertyValueSpecification","valueRequired":true,"valueName":"search_term_string"}}],"inLanguage":"de"},{"@type":"Organization","@id":"https:\/\/lead-roedl.dk\/#organization","name":"LEAD | R\u00d6DL","url":"https:\/\/lead-roedl.dk\/","logo":{"@type":"ImageObject","inLanguage":"de","@id":"https:\/\/lead-roedl.dk\/#\/schema\/logo\/image\/","url":"https:\/\/lead-roedl.dk\/\/wp-content\/uploads\/2018\/12\/LEAD_LOGO_GREEN.jpg","contentUrl":"https:\/\/lead-roedl.dk\/\/wp-content\/uploads\/2018\/12\/LEAD_LOGO_GREEN.jpg","width":499,"height":82,"caption":"LEAD | R\u00d6DL"},"image":{"@id":"https:\/\/lead-roedl.dk\/#\/schema\/logo\/image\/"},"sameAs":["https:\/\/www.linkedin.com\/in\/michael-skovgaard-christensen-3402612\/"]}]}},"_links":{"self":[{"href":"https:\/\/lead-roedl.dk\/de\/wp-json\/wp\/v2\/pages\/3395","targetHints":{"allow":["GET"]}}],"collection":[{"href":"https:\/\/lead-roedl.dk\/de\/wp-json\/wp\/v2\/pages"}],"about":[{"href":"https:\/\/lead-roedl.dk\/de\/wp-json\/wp\/v2\/types\/page"}],"author":[{"embeddable":true,"href":"https:\/\/lead-roedl.dk\/de\/wp-json\/wp\/v2\/users\/1"}],"replies":[{"embeddable":true,"href":"https:\/\/lead-roedl.dk\/de\/wp-json\/wp\/v2\/comments?post=3395"}],"version-history":[{"count":27,"href":"https:\/\/lead-roedl.dk\/de\/wp-json\/wp\/v2\/pages\/3395\/revisions"}],"predecessor-version":[{"id":4329,"href":"https:\/\/lead-roedl.dk\/de\/wp-json\/wp\/v2\/pages\/3395\/revisions\/4329"}],"wp:attachment":[{"href":"https:\/\/lead-roedl.dk\/de\/wp-json\/wp\/v2\/media?parent=3395"}],"curies":[{"name":"wp","href":"https:\/\/api.w.org\/{rel}","templated":true}]}}