{"id":3399,"date":"2018-12-13T11:19:15","date_gmt":"2018-12-13T10:19:15","guid":{"rendered":"https:\/\/lead-roedl.dk\/?page_id=3399"},"modified":"2024-12-18T10:16:21","modified_gmt":"2024-12-18T09:16:21","slug":"english-privacy-policy","status":"publish","type":"page","link":"https:\/\/lead-roedl.dk\/de\/english-privacy-policy\/","title":{"rendered":"Privacy Policy"},"content":{"rendered":"<div class=\"wpb-content-wrapper\"><p>[vc_row][vc_column][vc_column_text css=&#8220;&#8220;]<\/p>\n<h2><strong>Datenschutzbestimmungen<\/strong><\/h2>\n<h4><strong>1. Einleitung<\/strong><\/h4>\n<p>Die Privatsph\u00e4re und der Datenschutz sind uns wichtig. Daher wird in dieser Datenschutzerkl\u00e4rung erl\u00e4utert, wie wir mit den personenbezogenen Daten umgehen, die wir von unseren Mandanten und den Personen erhalten, auf die sich die Angelegenheiten unserer Mandanten beziehen.<\/p>\n<p>Wenn LEAD | R\u00d6DL personenbezogene Daten verarbeitet, ist LEAD | R\u00d6DL ein f\u00fcr die Verarbeitung personenbezogener Daten Verantwortlicher. Daher bestimmt LEAD | R\u00d6DL den Zweck und die Mittel f\u00fcr die Verarbeitung der personenbezogenen Daten und tr\u00e4gt die Verantwortung gem\u00e4\u00df den geltenden Datenschutzbestimmungen.<\/p>\n<p>&nbsp;<\/p>\n<h4><strong>2. LEAD | R\u00d6DL Kontakt Informationen<\/strong><\/h4>\n<p>Verantwortlich f\u00fcr die Verarbeitung personenbezogener Daten ist:<\/p>\n<p><strong>LEAD ADVOKATPARTNERSELSKAB<\/strong><\/p>\n<p><strong>CVR-no.<\/strong>\u00a0\u00a0\u00a0\u00a0\u00a0\u00a0 32 32 14 88<\/p>\n<p><strong>Telefon<\/strong>\u00a0 \u00a0 \u00a0 \u00a0 \u00a0+45 4445 5000<\/p>\n<p><strong>E-mail<\/strong>\u00a0\u00a0\u00a0\u00a0\u00a0\u00a0\u00a0\u00a0\u00a0\u00a0\u00a0<a href=\"mailto:info@lead-roedl.dk\">info@lead-roedl.dk<\/a><\/p>\n<p><strong>Adresse<\/strong>\u00a0 \u00a0 \u00a0 Store Kongensgade 40 H, 2. Sal, DK-1264 K\u00f8benhavn K<\/p>\n<p>Bei Fragen bez\u00fcglich der Verarbeitung von personenbezogenen Daten k\u00f6nnen Sie uns gerne \u00fcber die oben genannte E-Mail-Adresse kontaktieren.<\/p>\n<p>&nbsp;<\/p>\n<h4><strong>3. Datenverarbeitungsprozess<\/strong><\/h4>\n<p>Nachfolgend haben wir aufgelistet, welche Art von personenbezogenen Daten wir verarbeiten, zu welchem Zweck die Verarbeitung erfolgt und auf welcher Rechtsgrundlage die Verarbeitung personenbezogener Daten beruht. Unternehmensdaten fallen nicht unter die Datenschutzgrundverordnung (DSGVO).<\/p>\n<p>(1)<\/p>\n<p><strong>Pers\u00f6nliche Daten:<\/strong><\/p>\n<p><em>-Kontakt Informationen 1:<\/em><\/p>\n<p>-vollst\u00e4ndiger Name<\/p>\n<p>-E-Mail-Adresse<\/p>\n<p>&nbsp;<\/p>\n<p><strong>Verarbeitungszweck:<\/strong><\/p>\n<p>-Registrierung von Unternehmen als Mandanten und Kontaktpersonen des Unternehmens<\/p>\n<p>-Registrierung von nat\u00fcrlichen Personen als Mandanten<\/p>\n<p>-Rechnungsstellung an unsere Mandanten<\/p>\n<p>-Einhaltung der Buchf\u00fchrungsvorschriften<\/p>\n<p>&nbsp;<\/p>\n<p><strong>Rechtsgrundlage:<\/strong><\/p>\n<p>-Erf\u00fcllung von vertraglichen Pflichten<\/p>\n<p>-Erf\u00fcllung von gesetzlichen Vorgaben<\/p>\n<p>&nbsp;<\/p>\n<p>(2)<\/p>\n<p><strong>Pers\u00f6nliche Daten:<\/strong><\/p>\n<p><em>Kontakt Informationen 2:<\/em><\/p>\n<p>-vollst\u00e4ndiger Name<\/p>\n<p>-E-Mail-Adresse<\/p>\n<p>-Stra\u00dfenname<\/p>\n<p>-Steueridentifikationsnummer<\/p>\n<p>&nbsp;<\/p>\n<p><strong>Verarbeitungszweck:<\/strong><\/p>\n<p>-Sicherstellung, dass kein Interessenkonflikt vorliegt<\/p>\n<p>-Rechnungsstellung an unsere Mandanten<\/p>\n<p>-Einhaltung der Buchf\u00fchrungsvorschriften<\/p>\n<p>&nbsp;<\/p>\n<p><strong>Rechtsgrundlage:<\/strong><\/p>\n<p>-die Verarbeitung ist notwendig zur Auftragserf\u00fcllung<\/p>\n<p>-Erf\u00fcllung von vertraglichen Pflichten<\/p>\n<p>-Erf\u00fcllung von gesetzlichen Vorgaben<\/p>\n<p>&nbsp;<\/p>\n<p>(3)<\/p>\n<p><strong>Pers\u00f6nliche Daten<\/strong><\/p>\n<p><em>Informationen nach dem d\u00e4nischen Geldw\u00e4schegesetz<\/em> <em>(hvidvaskloven) (DMLA):<\/em><\/p>\n<p>-Angaben zur Identit\u00e4t, wie etwa Name, Steueridentifikationsnummer, etc.<\/p>\n<p>-Eine Kopie des Reisepasses oder eines \u00e4hnlichen Dokuments, das zur Identifizierung verwendet werden kann, sowie die Reisepassnummer.<\/p>\n<p>-eine \u00dcberpr\u00fcfung, ob eine politisch exponierte Person betroffen ist<\/p>\n<p>&nbsp;<\/p>\n<p><strong>Verarbeitungszweck:<\/strong><\/p>\n<p>-Einhaltung der Vorschriften des d\u00e4nischen Geldw\u00e4schegesetz (DMLA)<\/p>\n<p>&nbsp;<\/p>\n<p><strong>Rechtsgrundlage:<\/strong><\/p>\n<p>-Erf\u00fcllung von gesetzlichen Vorgaben<\/p>\n<p>&nbsp;<\/p>\n<p>(4)<\/p>\n<p><strong>Personenbezogene Daten:<\/strong><\/p>\n<p>Angesichts der Art der T\u00e4tigkeit einer Anwaltskanzlei ist es nicht m\u00f6glich, eine ersch\u00f6pfende Liste der Arten von personenbezogenen Daten zu erstellen, die verarbeitet werden. Nachstehend sind einige Beispiele aufgef\u00fchrt:<\/p>\n<p>-Kontakt Informationen<\/p>\n<p>-Notizen zu Besprechungen, etc.<\/p>\n<p>-Erw\u00e4hnung von Personen in Dokumenten und sowie ihrer Entw\u00fcrfe<\/p>\n<p>-sonstige Informationen, die f\u00fcr die Fallbearbeitung von Bedeutung sind<\/p>\n<p>&nbsp;<\/p>\n<p><strong>Zweck:<\/strong><\/p>\n<p>&#8211; Ein notwendiger Schritt, um einen Vertrag zu schlie\u00dfen, den der Mandant beantragt hat.<\/p>\n<p>&#8211; Bearbeitung der Angelegenheit des Klienten gem\u00e4\u00df den Anweisungen des Klienten und in \u00dcbereinstimmung mit den Standesregeln der d\u00e4nischen Anwaltskammer.<\/p>\n<p>&nbsp;<\/p>\n<p><strong>Rechtsgrundlage:<\/strong><\/p>\n<p><em>Regul\u00e4re personenbezogene Daten:<\/em><\/p>\n<p>-Erf\u00fcllung von vertraglichen Pflichten<\/p>\n<p>-Erf\u00fcllung von gesetzlichen Vorgaben<\/p>\n<p>&nbsp;<\/p>\n<p>Je nach Umst\u00e4nden verarbeiten wir ebenfalls sensible personenbezogene Daten, die sich auf Straftaten beziehen oder andere sensible Personendaten, wenn dies f\u00fcr die Feststellung, Aus\u00fcbung oder Verteidigung von Rechtsangelegenheiten notwendig ist, vgl. \u00a7 8 Punkt 3 und 4 des d\u00e4nischen Datenschutzgesetzes (databeskyttelsesloven).<\/p>\n<p>&nbsp;<\/p>\n<p>(5)<\/p>\n<p><strong>Pers\u00f6nliche Daten:<\/strong><\/p>\n<p><em>Wenn Sie sich f\u00fcr unsere Kurse anmelden &#8211; Kontaktinformationen 3:<\/em><\/p>\n<p>-Name<\/p>\n<p>-Unternehmen<\/p>\n<p>-Position<\/p>\n<p>-E-Mail-Adresse<\/p>\n<p>-Telefonnummer<\/p>\n<p>-Stra\u00dfenname<\/p>\n<p>&nbsp;<\/p>\n<p><strong>\u00a0Zweck:<\/strong><\/p>\n<p>&#8211; Wir k\u00f6nnen diese Informationen im Zusammenhang mit unseren Kursen verwenden, wenn wir Sie wegen einer Stornierung, einer \u00c4nderung des Kursortes, einer \u00c4nderung der Kurszeit usw. kontaktieren m\u00fcssen.<\/p>\n<p>&#8211; Wir k\u00f6nnen diese Informationen f\u00fcr Direktmarketing f\u00fcr andere relevante Kurse verwenden.<\/p>\n<p>&nbsp;<\/p>\n<p><strong>Rechtsgrundlage:<\/strong><\/p>\n<p>LEAD | R\u00d6DL sammelt Ihre Daten mit Ihrer vorherigen Zustimmung. Damit k\u00f6nnen Sie stets selbst entscheiden, ob Sie uns Informationen zur Verf\u00fcgung stellen. Dabei ist jedoch zu bedenken, dass LEAD | R\u00d6DL nur dann Dienstleistungen erbringen kann, wenn die angeforderten Informationen sowie die Informationen gem\u00e4ss dem d\u00e4nischen Geldw\u00e4schegesetz bereitgestellt werden. Sie haben das Recht, Ihre Zustimmung jederzeit zu widerrufen, beachten Sie jedoch, dass dies negative Auswirkungen auf Ihren Vertrag mit LEAD | R\u00d6DL zur Folge haben kann. Dar\u00fcber hinaus sollten Sie beachten, dass der Widerruf Ihrer Einwilligung keine Auswirkungen auf unsere Verarbeitung und Weitergabe vor dem Widerruf Ihrer Einwilligung hat. Gelegentlich kann LEAD | R\u00d6DL Ihre Kontaktinformationen aus \u00f6ffentlich zug\u00e4nglichen Quellen erhalten, beispielsweise von Ihrem Arbeitgeber, der gegnerischen Partei, etc. In diesem Fall stehen Ihnen weiterhin die unter Punkt 7 aufgef\u00fchrten Rechte zu. Diese Informationen k\u00f6nnen ohne Ihre vorherige Zustimmung verarbeitet werden, um die Dienstleistung an unsere Mandanten erbringen zu k\u00f6nnen.<\/p>\n<p>&nbsp;<\/p>\n<h4><strong>4. Empf\u00e4nger<\/strong><\/h4>\n<p>Wir behandeln Ihre Daten vertraulich und geben diese nicht grundlos an Dritte weiter. Jedoch k\u00f6nnen, wenn erforderlich, personenbezogene Daten an folgende Empf\u00e4nger \u00fcbermittelt werden:<\/p>\n<p>-Gerichte, \u00e4hnliche juristische Einrichtungen und\/oder Beh\u00f6rden<\/p>\n<p>-anderen Beh\u00f6rden, wie etwa SKAT (die d\u00e4nische Steuerbeh\u00f6rde)<\/p>\n<p>-Empf\u00e4nger, an die LEAD | R\u00d6DL auf Anweisung des Mandanten Informationen weitergeben darf<\/p>\n<p>-Unternehmen, die Dienstleistungen anbieten, auf die LEAD | R\u00d6DL f\u00fcr ihre Hauptt\u00e4tigkeit angewiesen ist (z.B. digitale Infrastruktur)<\/p>\n<p>&nbsp;<\/p>\n<h4><strong>5. \u00dcbermittlung an Drittl\u00e4nder<\/strong><\/h4>\n<p>LEAD | R\u00d6DL wird Ihre personenbezogenen Daten nicht in Drittl\u00e4nder (L\u00e4nder ausserhalb der EU\/ EWR) \u00fcbermitteln, es sei denn, dies ist zur Erf\u00fcllung des vom Mandanten erteilten Auftrages erforderlich. Ist dies der Fall und liegt keine Entscheidung der EU-Kommission dahingehend vor, dass das Land, in welches die Daten \u00fcbermittelt werden sollen, \u00fcber ein angemessenes Datenschutzniveau verf\u00fcgt, um die Sicherheit der personenbezogenen Daten zu gew\u00e4hrleisten, wird LEAD | R\u00d6DL entsprechende Schutzma\u00dfnahmen ergreifen, um die Sicherheit der personenbezogenen Daten zu gew\u00e4hrleisten.<\/p>\n<h4><strong>6. Speicherung und L\u00f6schung von personenbezogenen Daten<\/strong><\/h4>\n<p>LEAD | R\u00d6DL speichert alle mandantenbezogenen Daten sowie personenbezogene Daten, solange dies einem legitimen Zweck dient. Da es keine generelle Regelung zur Dauer der Speicherung von personenbezogenen Daten gibt, orientiert LEAD | R\u00d6DL sich an den Leitlinien der d\u00e4nischen Anwaltskammer, welche eine Speicherung von bis zu 10 Jahren nach Beendigung des Auftrages vorsehen. Besondere Gesetze, darunter das d\u00e4nische Buchf\u00fchrungsgesetz, das d\u00e4nische Geldw\u00e4schegesetz und das d\u00e4nische Verj\u00e4hrungsgesetz, k\u00f6nnen uns dazu verpflichten, Daten f\u00fcr einen l\u00e4ngeren Zeitraum zu speichern. Anonymisierte Daten k\u00f6nnen ebenfalls f\u00fcr einen l\u00e4ngeren Zeitraum gespeichert und verarbeitet werden. Die von uns nach dem d\u00e4nischen Geldw\u00e4schegesetz erhobenen personenbezogenen Daten werden 5 Jahre lang nach Beendigung des Mandantenverh\u00e4ltnisses gespeichert und dann gel\u00f6scht.<\/p>\n<p>&nbsp;<\/p>\n<h4><strong>7. Ihre Rechte<\/strong><\/h4>\n<p>Das bedeutet, dass LEAD | R\u00d6DL keine Informationen \u00fcber die Angelegenheiten der Mandanten an andere Personen als den Mandanten weitergeben darf.<\/p>\n<p>Um Rechte in Bezug auf pers\u00f6nliche Daten geltend machen zu k\u00f6nnen, m\u00fcssen bestimmte Kriterien erf\u00fcllt sein. Zudem gibt es einige Ausnahmen von diesen Rechten. LEAD | R\u00d6DL wird dem Anliegen nachkommen, soweit LEAD | R\u00d6DL dazu nach den datenschutzrechtlichen Bestimmungen verpflichtet ist und dies nicht den Interessen der Mandanten von LEAD | R\u00d6DL zuwiderl\u00e4uft.<\/p>\n<p>Folgende Rechte haben Sie in Bezug auf Ihre personenbezogenen Daten:<\/p>\n<p><strong>-Zugang:<\/strong> Sie haben das Recht auf Auskunft \u00fcber die Verarbeitung der personenbezogenen Daten, Zugang zu diesen Daten sowie das Recht, eine Kopie der Daten zu erhalten.<\/p>\n<p><strong>-Richtigstellung:<\/strong> LEAD | R\u00d6DL muss unrichtige personenbezogene Daten berichtigen.<\/p>\n<p><strong>-L\u00f6schung:<\/strong> LEAD | R\u00d6DL muss personenbezogene Daten unter bestimmten Voraussetzungen l\u00f6schen, z.B. wenn kein legitimer Zweck mehr f\u00fcr die Verarbeitung der Daten vorliegt.<\/p>\n<p><strong>-Widerspruch gegen die Verarbeitung:<\/strong> Sie haben das Recht, der Verarbeitung von personenbezogenen Daten durch LEAD | R\u00d6DL zu widersprechen.<\/p>\n<p><strong>-Einschr\u00e4nkung der Verarbeitung:<\/strong> Sie haben das Recht, die Verarbeitung von personenbezogenen Daten durch LEAD | R\u00d6DL einschr\u00e4nken zu lassen (jedoch nicht l\u00f6schen zu lassen).<\/p>\n<p><strong>-Daten\u00fcbertragung: <\/strong>Wenn Sie m\u00f6chten, dass LEAD | R\u00d6DL die personenbezogenen Daten an einen anderen Verantwortlichen f\u00fcr die Verarbeitung der personenbezogenen Daten \u00fcbertr\u00e4gt, muss LEAD | R\u00d6DL diesem Wunsch nachkommen.<\/p>\n<p>Wenn Sie eines der oben genannten Rechte in Bezug auf Ihre personenbezogenen Daten aus\u00fcben m\u00f6chten, wenden Sie sich bitte an\u00a0<a href=\"mailto:info@lead-roedl.dk\">info@lead-roedl.dk<\/a> mit dem Betreff \u201eDatenschutz\u201c.\u00a0Diese Rechte k\u00f6nnen an Bedingungen oder Einschr\u00e4nkungen gekn\u00fcpft sein. Dementsprechend besteht keine Gew\u00e4hr f\u00fcr eine uneingeschr\u00e4nkte M\u00f6glichkeit der Aus\u00fcbung dieser Rechte.<\/p>\n<p>Wenn Sie mit der Art und Weise oder den Zwecken, f\u00fcr die wir Ihre personenbezogenen Daten verarbeiten, nicht einverstanden sind, k\u00f6nnen Sie sich ebenfalls unter der oben genannten E-Mail an uns wenden. Ebenfalls k\u00f6nnen Sie eine Beschwerde bei Aufsichtsbeh\u00f6rde einreichen, wenn Sie der Meinung sind, dass die Verarbeitung der personenbezogenen Daten durch LEAD | R\u00d6DL gegen geltende Datenschutzbestimmungen verst\u00f6\u00dft. Die zust\u00e4ndige Aufsichtsbeh\u00f6rde in D\u00e4nemark ist Datatilsynet.<\/p>\n<p>&nbsp;<\/p>\n<p>D\u00e4nische Datenschutzbeh\u00f6rde<\/p>\n<p>Borgergade 28, 5. Stock<\/p>\n<p>1300 Kopenhagen<\/p>\n<p>D\u00e4nemark<\/p>\n<p>T: +45 3319 3200<\/p>\n<p>E-mail:\u00a0<a href=\"mailto:dt@datatilsynet.dk\">dt@datatilsynet.dk<\/a><\/p>\n<p>Wenn Sie nicht in D\u00e4nemark ans\u00e4ssig sind, k\u00f6nnen Sie sich an die f\u00fcr Sie zust\u00e4ndige Beh\u00f6rde wenden.[\/vc_column_text][\/vc_column][\/vc_row]<\/p>\n<\/div>","protected":false},"excerpt":{"rendered":"<p>[vc_row][vc_column][vc_column_text css=&#8220;&#8220;] Datenschutzbestimmungen 1. Einleitung Die Privatsph\u00e4re und der Datenschutz sind uns wichtig. Daher wird in dieser Datenschutzerkl\u00e4rung erl\u00e4utert, wie wir mit den personenbezogenen Daten umgehen, die wir von unseren Mandanten und den Personen erhalten, auf die sich die Angelegenheiten unserer Mandanten beziehen. Wenn LEAD | R\u00d6DL personenbezogene Daten verarbeitet, ist LEAD | R\u00d6DL ein [&hellip;]<\/p>\n","protected":false},"author":1,"featured_media":0,"parent":0,"menu_order":0,"comment_status":"closed","ping_status":"closed","template":"","meta":{"footnotes":""},"class_list":["post-3399","page","type-page","status-publish","hentry"],"yoast_head":"<!-- This site is optimized with the Yoast SEO plugin v27.3 - https:\/\/yoast.com\/product\/yoast-seo-wordpress\/ -->\n<title>Privacy Policy - LEAD | R\u00d6DL<\/title>\n<meta name=\"robots\" content=\"index, follow, max-snippet:-1, max-image-preview:large, max-video-preview:-1\" \/>\n<link rel=\"canonical\" href=\"https:\/\/lead-roedl.dk\/\/english-privacy-policy\/\" \/>\n<meta property=\"og:locale\" content=\"de_DE\" \/>\n<meta property=\"og:type\" content=\"article\" \/>\n<meta property=\"og:title\" content=\"[:da]Privatlivspolitik[:en]Privacy Policy[:de]Privacy Policy[:fr]Privacy Policy[:] - LEAD | R\u00d6DL\" \/>\n<meta property=\"og:description\" content=\"[vc_row][vc_column][vc_column_text css=&#8220;&#8220;] Datenschutzbestimmungen 1. Einleitung Die Privatsph\u00e4re und der Datenschutz sind uns wichtig. Daher wird in dieser Datenschutzerkl\u00e4rung erl\u00e4utert, wie wir mit den personenbezogenen Daten umgehen, die wir von unseren Mandanten und den Personen erhalten, auf die sich die Angelegenheiten unserer Mandanten beziehen. Wenn LEAD | R\u00d6DL personenbezogene Daten verarbeitet, ist LEAD | R\u00d6DL ein [&hellip;]\" \/>\n<meta property=\"og:url\" content=\"https:\/\/lead-roedl.dk\/\/english-privacy-policy\/\" \/>\n<meta property=\"og:site_name\" content=\"LEAD | R\u00d6DL\" \/>\n<meta property=\"article:modified_time\" content=\"2024-12-18T09:16:21+00:00\" \/>\n<meta property=\"og:image\" content=\"https:\/\/lead-roedl.dk\/wp-content\/uploads\/2022\/10\/preview.jpg\" \/>\n\t<meta property=\"og:image:width\" content=\"1200\" \/>\n\t<meta property=\"og:image:height\" content=\"630\" \/>\n\t<meta property=\"og:image:type\" content=\"image\/jpeg\" \/>\n<meta name=\"twitter:card\" content=\"summary_large_image\" \/>\n<meta name=\"twitter:label1\" content=\"Gesch\u00e4tzte Lesezeit\" \/>\n\t<meta name=\"twitter:data1\" content=\"8\u00a0Minuten\" \/>\n<script type=\"application\/ld+json\" class=\"yoast-schema-graph\">{\"@context\":\"https:\\\/\\\/schema.org\",\"@graph\":[{\"@type\":\"WebPage\",\"@id\":\"https:\\\/\\\/lead-roedl.dk\\\/\\\/english-privacy-policy\\\/\",\"url\":\"https:\\\/\\\/lead-roedl.dk\\\/\\\/english-privacy-policy\\\/\",\"name\":\"[:da]Privatlivspolitik[:en]Privacy Policy[:de]Privacy Policy[:fr]Privacy Policy[:] - LEAD | R\u00d6DL\",\"isPartOf\":{\"@id\":\"https:\\\/\\\/lead-roedl.dk\\\/#website\"},\"datePublished\":\"2018-12-13T10:19:15+00:00\",\"dateModified\":\"2024-12-18T09:16:21+00:00\",\"breadcrumb\":{\"@id\":\"https:\\\/\\\/lead-roedl.dk\\\/\\\/english-privacy-policy\\\/#breadcrumb\"},\"inLanguage\":\"de\",\"potentialAction\":[{\"@type\":\"ReadAction\",\"target\":[\"https:\\\/\\\/lead-roedl.dk\\\/\\\/english-privacy-policy\\\/\"]}]},{\"@type\":\"BreadcrumbList\",\"@id\":\"https:\\\/\\\/lead-roedl.dk\\\/\\\/english-privacy-policy\\\/#breadcrumb\",\"itemListElement\":[{\"@type\":\"ListItem\",\"position\":1,\"name\":\"Startseite\",\"item\":\"https:\\\/\\\/lead-roedl.dk\\\/\\\/\"},{\"@type\":\"ListItem\",\"position\":2,\"name\":\"Privatlivspolitik\"}]},{\"@type\":\"WebSite\",\"@id\":\"https:\\\/\\\/lead-roedl.dk\\\/#website\",\"url\":\"https:\\\/\\\/lead-roedl.dk\\\/\",\"name\":\"LEAD | R\u00d6DL\",\"description\":\"\",\"publisher\":{\"@id\":\"https:\\\/\\\/lead-roedl.dk\\\/#organization\"},\"potentialAction\":[{\"@type\":\"SearchAction\",\"target\":{\"@type\":\"EntryPoint\",\"urlTemplate\":\"https:\\\/\\\/lead-roedl.dk\\\/?s={search_term_string}\"},\"query-input\":{\"@type\":\"PropertyValueSpecification\",\"valueRequired\":true,\"valueName\":\"search_term_string\"}}],\"inLanguage\":\"de\"},{\"@type\":\"Organization\",\"@id\":\"https:\\\/\\\/lead-roedl.dk\\\/#organization\",\"name\":\"LEAD | R\u00d6DL\",\"url\":\"https:\\\/\\\/lead-roedl.dk\\\/\",\"logo\":{\"@type\":\"ImageObject\",\"inLanguage\":\"de\",\"@id\":\"https:\\\/\\\/lead-roedl.dk\\\/#\\\/schema\\\/logo\\\/image\\\/\",\"url\":\"https:\\\/\\\/lead-roedl.dk\\\/\\\/wp-content\\\/uploads\\\/2018\\\/12\\\/LEAD_LOGO_GREEN.jpg\",\"contentUrl\":\"https:\\\/\\\/lead-roedl.dk\\\/\\\/wp-content\\\/uploads\\\/2018\\\/12\\\/LEAD_LOGO_GREEN.jpg\",\"width\":499,\"height\":82,\"caption\":\"LEAD | R\u00d6DL\"},\"image\":{\"@id\":\"https:\\\/\\\/lead-roedl.dk\\\/#\\\/schema\\\/logo\\\/image\\\/\"},\"sameAs\":[\"https:\\\/\\\/www.linkedin.com\\\/in\\\/michael-skovgaard-christensen-3402612\\\/\"]}]}<\/script>\n<!-- \/ Yoast SEO plugin. -->","yoast_head_json":{"title":"[:da]Privatlivspolitik[:en]Privacy Policy[:de]Privacy Policy[:fr]Privacy Policy[:] - LEAD | R\u00d6DL","robots":{"index":"index","follow":"follow","max-snippet":"max-snippet:-1","max-image-preview":"max-image-preview:large","max-video-preview":"max-video-preview:-1"},"canonical":"https:\/\/lead-roedl.dk\/\/english-privacy-policy\/","og_locale":"de_DE","og_type":"article","og_title":"[:da]Privatlivspolitik[:en]Privacy Policy[:de]Privacy Policy[:fr]Privacy Policy[:] - LEAD | R\u00d6DL","og_description":"[vc_row][vc_column][vc_column_text css=&#8220;&#8220;] Datenschutzbestimmungen 1. Einleitung Die Privatsph\u00e4re und der Datenschutz sind uns wichtig. Daher wird in dieser Datenschutzerkl\u00e4rung erl\u00e4utert, wie wir mit den personenbezogenen Daten umgehen, die wir von unseren Mandanten und den Personen erhalten, auf die sich die Angelegenheiten unserer Mandanten beziehen. Wenn LEAD | R\u00d6DL personenbezogene Daten verarbeitet, ist LEAD | R\u00d6DL ein [&hellip;]","og_url":"https:\/\/lead-roedl.dk\/\/english-privacy-policy\/","og_site_name":"LEAD | R\u00d6DL","article_modified_time":"2024-12-18T09:16:21+00:00","og_image":[{"width":1200,"height":630,"url":"https:\/\/lead-roedl.dk\/wp-content\/uploads\/2022\/10\/preview.jpg","type":"image\/jpeg"}],"twitter_card":"summary_large_image","twitter_misc":{"Gesch\u00e4tzte Lesezeit":"8\u00a0Minuten"},"schema":{"@context":"https:\/\/schema.org","@graph":[{"@type":"WebPage","@id":"https:\/\/lead-roedl.dk\/\/english-privacy-policy\/","url":"https:\/\/lead-roedl.dk\/\/english-privacy-policy\/","name":"[:da]Privatlivspolitik[:en]Privacy Policy[:de]Privacy Policy[:fr]Privacy Policy[:] - LEAD | R\u00d6DL","isPartOf":{"@id":"https:\/\/lead-roedl.dk\/#website"},"datePublished":"2018-12-13T10:19:15+00:00","dateModified":"2024-12-18T09:16:21+00:00","breadcrumb":{"@id":"https:\/\/lead-roedl.dk\/\/english-privacy-policy\/#breadcrumb"},"inLanguage":"de","potentialAction":[{"@type":"ReadAction","target":["https:\/\/lead-roedl.dk\/\/english-privacy-policy\/"]}]},{"@type":"BreadcrumbList","@id":"https:\/\/lead-roedl.dk\/\/english-privacy-policy\/#breadcrumb","itemListElement":[{"@type":"ListItem","position":1,"name":"Startseite","item":"https:\/\/lead-roedl.dk\/\/"},{"@type":"ListItem","position":2,"name":"Privatlivspolitik"}]},{"@type":"WebSite","@id":"https:\/\/lead-roedl.dk\/#website","url":"https:\/\/lead-roedl.dk\/","name":"LEAD | R\u00d6DL","description":"","publisher":{"@id":"https:\/\/lead-roedl.dk\/#organization"},"potentialAction":[{"@type":"SearchAction","target":{"@type":"EntryPoint","urlTemplate":"https:\/\/lead-roedl.dk\/?s={search_term_string}"},"query-input":{"@type":"PropertyValueSpecification","valueRequired":true,"valueName":"search_term_string"}}],"inLanguage":"de"},{"@type":"Organization","@id":"https:\/\/lead-roedl.dk\/#organization","name":"LEAD | R\u00d6DL","url":"https:\/\/lead-roedl.dk\/","logo":{"@type":"ImageObject","inLanguage":"de","@id":"https:\/\/lead-roedl.dk\/#\/schema\/logo\/image\/","url":"https:\/\/lead-roedl.dk\/\/wp-content\/uploads\/2018\/12\/LEAD_LOGO_GREEN.jpg","contentUrl":"https:\/\/lead-roedl.dk\/\/wp-content\/uploads\/2018\/12\/LEAD_LOGO_GREEN.jpg","width":499,"height":82,"caption":"LEAD | R\u00d6DL"},"image":{"@id":"https:\/\/lead-roedl.dk\/#\/schema\/logo\/image\/"},"sameAs":["https:\/\/www.linkedin.com\/in\/michael-skovgaard-christensen-3402612\/"]}]}},"_links":{"self":[{"href":"https:\/\/lead-roedl.dk\/de\/wp-json\/wp\/v2\/pages\/3399","targetHints":{"allow":["GET"]}}],"collection":[{"href":"https:\/\/lead-roedl.dk\/de\/wp-json\/wp\/v2\/pages"}],"about":[{"href":"https:\/\/lead-roedl.dk\/de\/wp-json\/wp\/v2\/types\/page"}],"author":[{"embeddable":true,"href":"https:\/\/lead-roedl.dk\/de\/wp-json\/wp\/v2\/users\/1"}],"replies":[{"embeddable":true,"href":"https:\/\/lead-roedl.dk\/de\/wp-json\/wp\/v2\/comments?post=3399"}],"version-history":[{"count":25,"href":"https:\/\/lead-roedl.dk\/de\/wp-json\/wp\/v2\/pages\/3399\/revisions"}],"predecessor-version":[{"id":5039,"href":"https:\/\/lead-roedl.dk\/de\/wp-json\/wp\/v2\/pages\/3399\/revisions\/5039"}],"wp:attachment":[{"href":"https:\/\/lead-roedl.dk\/de\/wp-json\/wp\/v2\/media?parent=3399"}],"curies":[{"name":"wp","href":"https:\/\/api.w.org\/{rel}","templated":true}]}}