{"id":3401,"date":"2018-12-13T11:19:34","date_gmt":"2018-12-13T10:19:34","guid":{"rendered":"https:\/\/lead-roedl.dk\/?page_id=3401"},"modified":"2021-01-11T16:23:28","modified_gmt":"2021-01-11T15:23:28","slug":"english-legal-notice-disclaimer","status":"publish","type":"page","link":"https:\/\/lead-roedl.dk\/de\/english-legal-notice-disclaimer\/","title":{"rendered":"Impressum"},"content":{"rendered":"<div class=\"wpb-content-wrapper\"><p>[vc_row][vc_column][vc_column_text]<\/p>\n<h2><strong>IMPRESSUM<\/strong><\/h2>\n<p>Die d\u00e4nische Anwaltskammer hat standesrechtliche Regelungen ausgearbeitet, welche nach ihrer Auffassung den professionellen Standard und die berufsst\u00e4ndische Ethik bei Aus\u00fcbung der Anwaltst\u00e4tigkeit darstellen.<\/p>\n<p>Nach Punkt 3.3 dieser berufsrechtlichen Regelungen sind wir verpflichtet, Mandanten \u00fcber die unten angef\u00fchrten Punkte zu informieren:<\/p>\n<p><strong>LEAD Advokatpartnerselskab<\/strong><br \/>\nStore Kongensgade 40 H, 2. Sal<br \/>\nDK-1264 K\u00f8benhavn K<\/p>\n<p>CVR-nummer: 32321488<br \/>\nTlf. +45 44455000<br \/>\nFax +45 44455001<br \/>\n<a href=\"mailto:info@lead-roedl.dk\">info@lead-roedl.dk<\/a><\/p>\n<p>LEAD Advokatpartnerselskab ist als Aktienkommanditgesellschaft gem\u00e4\u00df Kap. 21 des d\u00e4nischen Gesellschaftsgesetzes organisiert.<\/p>\n<p>Die Anw\u00e4lte von LEAD Advokatpartnerselskab haben die gesetzliche Berufsbezeichnung &#8222;Advokat&#8220; (d.h. d\u00e4nischen Anwaltstitel) vom d\u00e4nischen Justizministerium verliehen bekommen und sind Mitglieder der Rechtsanwaltskammer. Dar\u00fcber hinaus hat LEAD Advokatpartnerselskab Mitarbeiter, welche ihre Berufsbezeichnung in anderen L\u00e4ndern der EU verliehen bekommen haben. Diese Personen sind bei der d\u00e4nischen Rechtsanwaltskammer registriert und \u00fcben ihre Anwaltst\u00e4tigkeit in D\u00e4nemark unter ihrem ausl\u00e4ndischen Titel aus.<\/p>\n<p>Alle Anw\u00e4lte bei LEAD Advokatpartnerselskab sind von der Haftpflichtversicherung und Garantieordnung von LEAD Advokatpartnerselskab, abgeschlossen bei HDI-Gerling Forsikring, DK-2100 K\u00f8benhavn \u00d8., umfasst. Dies gilt unabh\u00e4ngig davon, ob der Anwalt eine d\u00e4nische oder eine ausl\u00e4ndische Berufsbezeichnung f\u00fchrt. Die Haftpflichtversicherung deckt jegliche von LEAD Advokatpartnerselskab ausge\u00fcbte Anwaltst\u00e4tigkeit unabh\u00e4ngig davon, wo die T\u00e4tigkeit ausge\u00fcbt wird.<\/p>\n<p>LEAD Advokatpartnerselskab wendet folgende <a href=\"https:\/\/lead-roedl.dk\/\/de\/om-os-underside\/#forretningsbetingelser\">allgemeinen Gesch\u00e4ftsbedingungen<\/a> an.<\/p>\n<p>Auf Streitigkeiten zwischen einem Mandanten und LEAD Advokatpartnerselskab findet d\u00e4nisches Recht Anwendung. Zust\u00e4ndig f\u00fcr solche Streitigkeiten sind ausschliesslich die d\u00e4nischen Gerichte.<\/p>\n<p>LEAD Advokatpartnerselskab arbeitet mit anderen Kanzleien oder Anw\u00e4lten hinsichtlich der Beratung nach Vereinbarung mit dem Mandanten zusammen, und teilt auf Nachfrage des Mandanten Informationen dazu mit. welche Massnahmen LEAD Advokatpartnerselskab getroffen hat, um eventuelle Interessenkonflikte in diesem Zusammenhang zu vermeiden.<\/p>\n<p>Die Anw\u00e4lte der LEAD Advokatpartnerselskab sind vom Aufsichts- und Disziplin\u00e4rsystem der d\u00e4nischen Rechtsanwaltskammer sowie den Regeln betreffend guter Anwaltspraxis, gem. \u00a7 126 der d\u00e4nischen Prozessordnung, umfasst. Dar\u00fcber hinaus gelten die standesrechtlichen Regelungen.<\/p>\n<p>Die Regeln, die insbesondere f\u00fcr die Aus\u00fcbung des Anwaltsberufes gelten, k\u00f6nnen auf der <a href=\"http:\/\/www.advokatsamfundet.dk\">Homepage der d\u00e4nischen Rechtsanwaltskammer<\/a> eingesehen werden.[\/vc_column_text][\/vc_column][\/vc_row]<\/p>\n<\/div>","protected":false},"excerpt":{"rendered":"<p>[vc_row][vc_column][vc_column_text] IMPRESSUM Die d\u00e4nische Anwaltskammer hat standesrechtliche Regelungen ausgearbeitet, welche nach ihrer Auffassung den professionellen Standard und die berufsst\u00e4ndische Ethik bei Aus\u00fcbung der Anwaltst\u00e4tigkeit darstellen. Nach Punkt 3.3 dieser berufsrechtlichen Regelungen sind wir verpflichtet, Mandanten \u00fcber die unten angef\u00fchrten Punkte zu informieren: LEAD Advokatpartnerselskab Store Kongensgade 40 H, 2. Sal DK-1264 K\u00f8benhavn K CVR-nummer: 32321488 [&hellip;]<\/p>\n","protected":false},"author":1,"featured_media":0,"parent":0,"menu_order":0,"comment_status":"closed","ping_status":"closed","template":"","meta":{"footnotes":""},"class_list":["post-3401","page","type-page","status-publish","hentry"],"yoast_head":"<!-- This site is optimized with the Yoast SEO plugin v27.3 - https:\/\/yoast.com\/product\/yoast-seo-wordpress\/ -->\n<title>Impressum - LEAD | R\u00d6DL<\/title>\n<meta name=\"robots\" content=\"index, follow, max-snippet:-1, max-image-preview:large, max-video-preview:-1\" \/>\n<link rel=\"canonical\" href=\"https:\/\/lead-roedl.dk\/\/en\/english-legal-notice-disclaimer\/\" \/>\n<meta property=\"og:locale\" content=\"de_DE\" \/>\n<meta property=\"og:type\" content=\"article\" \/>\n<meta property=\"og:title\" content=\"[:da]Klientoplysninger[:en]Legal notice &amp; Disclaimer[:de]Impressum[:fr]Imformations Clients[:] - LEAD | R\u00d6DL\" \/>\n<meta property=\"og:description\" content=\"[vc_row][vc_column][vc_column_text] IMPRESSUM Die d\u00e4nische Anwaltskammer hat standesrechtliche Regelungen ausgearbeitet, welche nach ihrer Auffassung den professionellen Standard und die berufsst\u00e4ndische Ethik bei Aus\u00fcbung der Anwaltst\u00e4tigkeit darstellen. Nach Punkt 3.3 dieser berufsrechtlichen Regelungen sind wir verpflichtet, Mandanten \u00fcber die unten angef\u00fchrten Punkte zu informieren: LEAD Advokatpartnerselskab Store Kongensgade 40 H, 2. Sal DK-1264 K\u00f8benhavn K CVR-nummer: 32321488 [&hellip;]\" \/>\n<meta property=\"og:url\" content=\"https:\/\/lead-roedl.dk\/\/en\/english-legal-notice-disclaimer\/\" \/>\n<meta property=\"og:site_name\" content=\"LEAD | R\u00d6DL\" \/>\n<meta property=\"article:modified_time\" content=\"2021-01-11T15:23:28+00:00\" \/>\n<meta property=\"og:image\" content=\"https:\/\/lead-roedl.dk\/wp-content\/uploads\/2022\/10\/preview.jpg\" \/>\n\t<meta property=\"og:image:width\" content=\"1200\" \/>\n\t<meta property=\"og:image:height\" content=\"630\" \/>\n\t<meta property=\"og:image:type\" content=\"image\/jpeg\" \/>\n<meta name=\"twitter:card\" content=\"summary_large_image\" \/>\n<meta name=\"twitter:label1\" content=\"Gesch\u00e4tzte Lesezeit\" \/>\n\t<meta name=\"twitter:data1\" content=\"6\u00a0Minuten\" \/>\n<script type=\"application\/ld+json\" class=\"yoast-schema-graph\">{\"@context\":\"https:\\\/\\\/schema.org\",\"@graph\":[{\"@type\":\"WebPage\",\"@id\":\"https:\\\/\\\/lead-roedl.dk\\\/\\\/en\\\/english-legal-notice-disclaimer\\\/\",\"url\":\"https:\\\/\\\/lead-roedl.dk\\\/\\\/en\\\/english-legal-notice-disclaimer\\\/\",\"name\":\"[:da]Klientoplysninger[:en]Legal notice & Disclaimer[:de]Impressum[:fr]Imformations Clients[:] - LEAD | R\u00d6DL\",\"isPartOf\":{\"@id\":\"https:\\\/\\\/lead-roedl.dk\\\/#website\"},\"datePublished\":\"2018-12-13T10:19:34+00:00\",\"dateModified\":\"2021-01-11T15:23:28+00:00\",\"breadcrumb\":{\"@id\":\"https:\\\/\\\/lead-roedl.dk\\\/\\\/en\\\/english-legal-notice-disclaimer\\\/#breadcrumb\"},\"inLanguage\":\"de\",\"potentialAction\":[{\"@type\":\"ReadAction\",\"target\":[\"https:\\\/\\\/lead-roedl.dk\\\/\\\/en\\\/english-legal-notice-disclaimer\\\/\"]}]},{\"@type\":\"BreadcrumbList\",\"@id\":\"https:\\\/\\\/lead-roedl.dk\\\/\\\/en\\\/english-legal-notice-disclaimer\\\/#breadcrumb\",\"itemListElement\":[{\"@type\":\"ListItem\",\"position\":1,\"name\":\"Startseite\",\"item\":\"https:\\\/\\\/lead-roedl.dk\\\/\\\/\"},{\"@type\":\"ListItem\",\"position\":2,\"name\":\"Legal notice &#038; Disclaimer\"}]},{\"@type\":\"WebSite\",\"@id\":\"https:\\\/\\\/lead-roedl.dk\\\/#website\",\"url\":\"https:\\\/\\\/lead-roedl.dk\\\/\",\"name\":\"LEAD | R\u00d6DL\",\"description\":\"\",\"publisher\":{\"@id\":\"https:\\\/\\\/lead-roedl.dk\\\/#organization\"},\"potentialAction\":[{\"@type\":\"SearchAction\",\"target\":{\"@type\":\"EntryPoint\",\"urlTemplate\":\"https:\\\/\\\/lead-roedl.dk\\\/?s={search_term_string}\"},\"query-input\":{\"@type\":\"PropertyValueSpecification\",\"valueRequired\":true,\"valueName\":\"search_term_string\"}}],\"inLanguage\":\"de\"},{\"@type\":\"Organization\",\"@id\":\"https:\\\/\\\/lead-roedl.dk\\\/#organization\",\"name\":\"LEAD | R\u00d6DL\",\"url\":\"https:\\\/\\\/lead-roedl.dk\\\/\",\"logo\":{\"@type\":\"ImageObject\",\"inLanguage\":\"de\",\"@id\":\"https:\\\/\\\/lead-roedl.dk\\\/#\\\/schema\\\/logo\\\/image\\\/\",\"url\":\"https:\\\/\\\/lead-roedl.dk\\\/\\\/wp-content\\\/uploads\\\/2018\\\/12\\\/LEAD_LOGO_GREEN.jpg\",\"contentUrl\":\"https:\\\/\\\/lead-roedl.dk\\\/\\\/wp-content\\\/uploads\\\/2018\\\/12\\\/LEAD_LOGO_GREEN.jpg\",\"width\":499,\"height\":82,\"caption\":\"LEAD | R\u00d6DL\"},\"image\":{\"@id\":\"https:\\\/\\\/lead-roedl.dk\\\/#\\\/schema\\\/logo\\\/image\\\/\"},\"sameAs\":[\"https:\\\/\\\/www.linkedin.com\\\/in\\\/michael-skovgaard-christensen-3402612\\\/\"]}]}<\/script>\n<!-- \/ Yoast SEO plugin. -->","yoast_head_json":{"title":"[:da]Klientoplysninger[:en]Legal notice & Disclaimer[:de]Impressum[:fr]Imformations Clients[:] - LEAD | R\u00d6DL","robots":{"index":"index","follow":"follow","max-snippet":"max-snippet:-1","max-image-preview":"max-image-preview:large","max-video-preview":"max-video-preview:-1"},"canonical":"https:\/\/lead-roedl.dk\/\/en\/english-legal-notice-disclaimer\/","og_locale":"de_DE","og_type":"article","og_title":"[:da]Klientoplysninger[:en]Legal notice & Disclaimer[:de]Impressum[:fr]Imformations Clients[:] - LEAD | R\u00d6DL","og_description":"[vc_row][vc_column][vc_column_text] IMPRESSUM Die d\u00e4nische Anwaltskammer hat standesrechtliche Regelungen ausgearbeitet, welche nach ihrer Auffassung den professionellen Standard und die berufsst\u00e4ndische Ethik bei Aus\u00fcbung der Anwaltst\u00e4tigkeit darstellen. Nach Punkt 3.3 dieser berufsrechtlichen Regelungen sind wir verpflichtet, Mandanten \u00fcber die unten angef\u00fchrten Punkte zu informieren: LEAD Advokatpartnerselskab Store Kongensgade 40 H, 2. Sal DK-1264 K\u00f8benhavn K CVR-nummer: 32321488 [&hellip;]","og_url":"https:\/\/lead-roedl.dk\/\/en\/english-legal-notice-disclaimer\/","og_site_name":"LEAD | R\u00d6DL","article_modified_time":"2021-01-11T15:23:28+00:00","og_image":[{"width":1200,"height":630,"url":"https:\/\/lead-roedl.dk\/wp-content\/uploads\/2022\/10\/preview.jpg","type":"image\/jpeg"}],"twitter_card":"summary_large_image","twitter_misc":{"Gesch\u00e4tzte Lesezeit":"6\u00a0Minuten"},"schema":{"@context":"https:\/\/schema.org","@graph":[{"@type":"WebPage","@id":"https:\/\/lead-roedl.dk\/\/en\/english-legal-notice-disclaimer\/","url":"https:\/\/lead-roedl.dk\/\/en\/english-legal-notice-disclaimer\/","name":"[:da]Klientoplysninger[:en]Legal notice & Disclaimer[:de]Impressum[:fr]Imformations Clients[:] - LEAD | R\u00d6DL","isPartOf":{"@id":"https:\/\/lead-roedl.dk\/#website"},"datePublished":"2018-12-13T10:19:34+00:00","dateModified":"2021-01-11T15:23:28+00:00","breadcrumb":{"@id":"https:\/\/lead-roedl.dk\/\/en\/english-legal-notice-disclaimer\/#breadcrumb"},"inLanguage":"de","potentialAction":[{"@type":"ReadAction","target":["https:\/\/lead-roedl.dk\/\/en\/english-legal-notice-disclaimer\/"]}]},{"@type":"BreadcrumbList","@id":"https:\/\/lead-roedl.dk\/\/en\/english-legal-notice-disclaimer\/#breadcrumb","itemListElement":[{"@type":"ListItem","position":1,"name":"Startseite","item":"https:\/\/lead-roedl.dk\/\/"},{"@type":"ListItem","position":2,"name":"Legal notice &#038; Disclaimer"}]},{"@type":"WebSite","@id":"https:\/\/lead-roedl.dk\/#website","url":"https:\/\/lead-roedl.dk\/","name":"LEAD | R\u00d6DL","description":"","publisher":{"@id":"https:\/\/lead-roedl.dk\/#organization"},"potentialAction":[{"@type":"SearchAction","target":{"@type":"EntryPoint","urlTemplate":"https:\/\/lead-roedl.dk\/?s={search_term_string}"},"query-input":{"@type":"PropertyValueSpecification","valueRequired":true,"valueName":"search_term_string"}}],"inLanguage":"de"},{"@type":"Organization","@id":"https:\/\/lead-roedl.dk\/#organization","name":"LEAD | R\u00d6DL","url":"https:\/\/lead-roedl.dk\/","logo":{"@type":"ImageObject","inLanguage":"de","@id":"https:\/\/lead-roedl.dk\/#\/schema\/logo\/image\/","url":"https:\/\/lead-roedl.dk\/\/wp-content\/uploads\/2018\/12\/LEAD_LOGO_GREEN.jpg","contentUrl":"https:\/\/lead-roedl.dk\/\/wp-content\/uploads\/2018\/12\/LEAD_LOGO_GREEN.jpg","width":499,"height":82,"caption":"LEAD | R\u00d6DL"},"image":{"@id":"https:\/\/lead-roedl.dk\/#\/schema\/logo\/image\/"},"sameAs":["https:\/\/www.linkedin.com\/in\/michael-skovgaard-christensen-3402612\/"]}]}},"_links":{"self":[{"href":"https:\/\/lead-roedl.dk\/de\/wp-json\/wp\/v2\/pages\/3401","targetHints":{"allow":["GET"]}}],"collection":[{"href":"https:\/\/lead-roedl.dk\/de\/wp-json\/wp\/v2\/pages"}],"about":[{"href":"https:\/\/lead-roedl.dk\/de\/wp-json\/wp\/v2\/types\/page"}],"author":[{"embeddable":true,"href":"https:\/\/lead-roedl.dk\/de\/wp-json\/wp\/v2\/users\/1"}],"replies":[{"embeddable":true,"href":"https:\/\/lead-roedl.dk\/de\/wp-json\/wp\/v2\/comments?post=3401"}],"version-history":[{"count":7,"href":"https:\/\/lead-roedl.dk\/de\/wp-json\/wp\/v2\/pages\/3401\/revisions"}],"predecessor-version":[{"id":4285,"href":"https:\/\/lead-roedl.dk\/de\/wp-json\/wp\/v2\/pages\/3401\/revisions\/4285"}],"wp:attachment":[{"href":"https:\/\/lead-roedl.dk\/de\/wp-json\/wp\/v2\/media?parent=3401"}],"curies":[{"name":"wp","href":"https:\/\/api.w.org\/{rel}","templated":true}]}}