{"id":708,"date":"2015-10-09T08:06:20","date_gmt":"2015-10-09T06:06:20","guid":{"rendered":"http:\/\/tn.joomexp.com\/wordpress\/wp-trust\/?page_id=708"},"modified":"2025-11-27T13:44:59","modified_gmt":"2025-11-27T12:44:59","slug":"om-os","status":"publish","type":"page","link":"https:\/\/lead-roedl.dk\/de\/om-os\/","title":{"rendered":"\u00dcber uns"},"content":{"rendered":"<div class=\"wpb-content-wrapper\"><p>[vc_row 0=&#8220;&#8220;][vc_column 0=&#8220;&#8220;][vc_empty_space height=&#8220;70 px&#8220;][vc_column_text css_animation=&#8220;slideInLeft&#8220; css=&#8220;&#8220;]<\/p>\n<h5>LEAD | R\u00d6DL ist kein gew\u00f6hnliches d\u00e4nisches Anwaltsb\u00fcro.<br \/>\nWir sind viel mehr als das. Unsere Vision ist, einen hohen fachlichen Standard mit einer eingehenden Kenntnis zu den sprachlichen und kulturellen Hintergr\u00fcnden unserer internationalen Mandanten zu verbinden. Dadurch schaffen wir Sicherheit f\u00fcr Sie.<\/h5>\n<h5>Seit unserem Beginn in 2011 ist die Nachfrage stetig gestiegen, und LEAD | R\u00d6DL ber\u00e4t heute Unternehmen aus der ganzen Welt. In 2017 sind LEAD und <a href=\"http:\/\/www.roedl.de\">LEAD | R\u00d6DL<\/a>\u00a0eine Partnerschaft eingegangen. R\u00f6dl &amp; Partner hat seinen Sitz in Deutschland und h\u00e4lt 111 eigene B\u00fcros in mehr als 50 L\u00e4ndern.<\/h5>\n<p>[\/vc_column_text][\/vc_column][\/vc_row][vc_row 0=&#8220;&#8220;][vc_column 0=&#8220;&#8220;][vc_empty_space height=&#8220;70 px&#8220;][vc_row_inner 0=&#8220;&#8220;][vc_column_inner width=&#8220;1\/3&#8243;][cms_fancybox_single title_item=&#8220;Vision&#8220; button_type=&#8220;text&#8220; button_link=&#8220;&#8220; cms_fancybox_order_box=&#8220;01&#8243; description_item=&#8220;Unsere Vision ist es, ihr Ausw\u00e4rtsspiel zum Heimspiel zu machen. Zusammen finden wir die richtige L\u00f6sung f\u00fcr Sie. Deswegen sind wir der bevorzugte Partner unserer d\u00e4nischen und ausl\u00e4ndischen Mandanten.&#8220; cms_template=&#8220;cms_fancybox_single.php&#8220;][\/vc_column_inner][vc_column_inner width=&#8220;1\/3&#8243;][cms_fancybox_single title_item=&#8220;Mission&#8220; button_type=&#8220;text&#8220; button_link=&#8220;&#8220; cms_fancybox_order_box=&#8220;02&#8243; description_item=&#8220;Unsere Mission ist simpel: Team, trust with a touch of tradition.&#8220; cms_template=&#8220;cms_fancybox_single.php&#8220;][\/vc_column_inner][vc_column_inner width=&#8220;1\/3&#8243;][cms_fancybox_single title_item=&#8220;Pers\u00f6nlicher Kontakt&#8220; button_type=&#8220;text&#8220; button_link=&#8220;&#8220; cms_fancybox_order_box=&#8220;03&#8243; description_item=&#8220;Durch unsere Beratung schaffen wir einen Mehrwert f\u00fcr Sie. Es ist daher f\u00fcr uns ma\u00dfgebend, Ihr Unternehmen zu kennen und zu verstehen. Die Beratung erfolgt daher in st\u00e4ndiger Kommunikation mit dem Mandanten und in Offenlegung der Prozesse bei der Sachbearbeitung.&#8220; cms_template=&#8220;cms_fancybox_single.php&#8220;][\/vc_column_inner][\/vc_row_inner][vc_empty_space height=&#8220;84px&#8220;][\/vc_column][\/vc_row][vc_row full_width=&#8220;stretch_row&#8220; parallax=&#8220;content-moving&#8220; background_overlay_color=&#8220;yes&#8220; row_overlay_color=&#8220;rgba(27,26,26,0.85)&#8220;][vc_column 0=&#8220;&#8220;][vc_empty_space height=&#8220;130px&#8220;][cms_carousel xsmall_items=&#8220;1&#8243; small_items=&#8220;1&#8243; medium_items=&#8220;1&#8243; large_items=&#8220;1&#8243; margin=&#8220;0&#8243; nav=&#8220;false&#8220; dots=&#8220;false&#8220; autoplay=&#8220;false&#8220; description_color=&#8220;#ffffff&#8220; source=&#8220;size:3|order_by:date|post_type:testimonials|remove_query:52&#8243; cms_template=&#8220;cms_carousel&#8211;layout-teatimonial3.php&#8220;][vc_empty_space height=&#8220;130px&#8220;][\/vc_column][\/vc_row][vc_row 0=&#8220;&#8220;][vc_column 0=&#8220;&#8220;][vc_empty_space height=&#8220;86px&#8220;][cms_heading hd_title=&#8220;N\u00fctzliche Informationen&#8220; cms_template=&#8220;cms_heading&#8211;layout10.php&#8220;][\/vc_column][\/vc_row][vc_row 0=&#8220;&#8220;][vc_column width=&#8220;1\/4&#8243;][cms_cta cta_text=&#8220;IMPRESSUM&#8220; cta_text_color=&#8220;#000000&#8243; button_text=&#8220;Lesen Sie mehr&#8220; link_button=&#8220;https:\/\/lead-roedl.dk\/\/de\/english-legal-notice-disclaimer\/&#8220; icon_fontawesome=&#8220;fa fa-user&#8220; button_style=&#8220;btn-primary&#8220; button_size=&#8220;btn-lg&#8220; button_align=&#8220;cta-bottom&#8220;][vc_empty_space height=&#8220;86px&#8220;][\/vc_column][vc_column width=&#8220;1\/4&#8243;][cms_cta cta_text=&#8220;KARRIERE&#8220; cta_text_color=&#8220;#000000&#8243; button_text=&#8220;Lesen Sie mehr&#8220; link_button=&#8220;https:\/\/lead-roedl.dk\/\/de\/karriere\/&#8220; icon_fontawesome=&#8220;fa fa-heart&#8220; button_style=&#8220;btn-primary&#8220; button_size=&#8220;btn-lg&#8220; button_align=&#8220;cta-bottom&#8220;][vc_empty_space height=&#8220;86px&#8220;][\/vc_column][vc_column width=&#8220;1\/4&#8243;][cms_cta cta_text=&#8220;AGB&#8220; cta_text_color=&#8220;#000000&#8243; button_text=&#8220;Lesen Sie mehr&#8220; link_button=&#8220;https:\/\/lead-roedl.dk\/\/de\/terms-of-business\/&#8220; icon_fontawesome=&#8220;fa fa-paragraph&#8220; button_style=&#8220;btn-primary&#8220; button_size=&#8220;btn-lg&#8220; button_align=&#8220;cta-bottom&#8220;][vc_empty_space height=&#8220;86px&#8220;][\/vc_column][vc_column width=&#8220;1\/4&#8243;][cms_cta cta_text=&#8220;COOKIEPOLITIK&#8220; cta_text_color=&#8220;#000000&#8243; button_text=&#8220;Lesen Sie mehr&#8220; link_button=&#8220;https:\/\/lead-roedl.dk\/\/de\/cookie-policy\/&#8220; icon_fontawesome=&#8220;fa fa-folder-open&#8220; button_style=&#8220;btn-primary&#8220; button_size=&#8220;btn-lg&#8220; button_align=&#8220;cta-bottom&#8220;][vc_empty_space height=&#8220;86px&#8220;][\/vc_column][\/vc_row][vc_row full_width=&#8220;stretch_row&#8220; css=&#8220;.vc_custom_1499860618361{background-color: #f9f9f9 !important;}&#8220;][vc_column 0=&#8220;&#8220;][vc_empty_space height=&#8220;86px&#8220;][cms_heading hd_title=&#8220;ANW\u00c4LTE&#8220; hd_description=&#8220;Wir m\u00f6chten die bevorzugten Partner d\u00e4nischer und ausl\u00e4ndischer Unternehmen sein, wenn es um Rechtsberatung geht. Denn auch Ihr Unternehmen soll einen Schritt voraus sein. Das Team hinter dieser Vision finden sie hier:&#8220; hd_view_text=&#8220;UNSER GESAMTES TEAM&#8220; hd_view_link=&#8220;https:\/\/lead-roedl.dk\/\/de\/medarbejdere\/&#8220; cms_template=&#8220;cms_heading.php&#8220;][vc_empty_space height=&#8220;40px&#8220;][cms_carousel xsmall_items=&#8220;1&#8243; small_items=&#8220;2&#8243; medium_items=&#8220;3&#8243; large_items=&#8220;4&#8243; margin=&#8220;30&#8243; nav=&#8220;false&#8220; dots=&#8220;false&#8220; autoplay=&#8220;false&#8220; source=&#8220;size:4|order_by:ID|order:DESC|post_type:attorneys&#8220; cms_template=&#8220;cms_carousel&#8211;layout-attorneys1.php&#8220;][vc_empty_space height=&#8220;61px&#8220;][\/vc_column][\/vc_row]<\/p>\n<\/div>","protected":false},"excerpt":{"rendered":"<p>[vc_row 0=&#8220;&#8220;][vc_column 0=&#8220;&#8220;][vc_empty_space height=&#8220;70 px&#8220;][vc_column_text css_animation=&#8220;slideInLeft&#8220; css=&#8220;&#8220;] LEAD | R\u00d6DL ist kein gew\u00f6hnliches d\u00e4nisches Anwaltsb\u00fcro. Wir sind viel mehr als das. Unsere Vision ist, einen hohen fachlichen Standard mit einer eingehenden Kenntnis zu den sprachlichen und kulturellen Hintergr\u00fcnden unserer internationalen Mandanten zu verbinden. Dadurch schaffen wir Sicherheit f\u00fcr Sie. Seit unserem Beginn in 2011 ist [&hellip;]<\/p>\n","protected":false},"author":1,"featured_media":0,"parent":0,"menu_order":0,"comment_status":"closed","ping_status":"closed","template":"","meta":{"footnotes":""},"class_list":["post-708","page","type-page","status-publish","hentry"],"yoast_head":"<!-- This site is optimized with the Yoast SEO plugin v27.5 - https:\/\/yoast.com\/product\/yoast-seo-wordpress\/ -->\n<title>\u00dcber uns - LEAD | R\u00d6DL<\/title>\n<meta name=\"robots\" content=\"index, follow, max-snippet:-1, max-image-preview:large, max-video-preview:-1\" \/>\n<link rel=\"canonical\" href=\"https:\/\/lead-roedl.dk\/\/om-os\/\" \/>\n<meta property=\"og:locale\" content=\"de_DE\" \/>\n<meta property=\"og:type\" content=\"article\" \/>\n<meta property=\"og:title\" content=\"[:da]Om os[:en]About us[:de]\u00dcber uns[:fr]A propos de nous[:] - LEAD | R\u00d6DL\" \/>\n<meta property=\"og:description\" content=\"[vc_row 0=&#8220;&#8220;][vc_column 0=&#8220;&#8220;][vc_empty_space height=&#8220;70 px&#8220;][vc_column_text css_animation=&#8220;slideInLeft&#8220; css=&#8220;&#8220;] LEAD | R\u00d6DL ist kein gew\u00f6hnliches d\u00e4nisches Anwaltsb\u00fcro. Wir sind viel mehr als das. Unsere Vision ist, einen hohen fachlichen Standard mit einer eingehenden Kenntnis zu den sprachlichen und kulturellen Hintergr\u00fcnden unserer internationalen Mandanten zu verbinden. Dadurch schaffen wir Sicherheit f\u00fcr Sie. Seit unserem Beginn in 2011 ist [&hellip;]\" \/>\n<meta property=\"og:url\" content=\"https:\/\/lead-roedl.dk\/\/om-os\/\" \/>\n<meta property=\"og:site_name\" content=\"LEAD | R\u00d6DL\" \/>\n<meta property=\"article:modified_time\" content=\"2025-11-27T12:44:59+00:00\" \/>\n<meta property=\"og:image\" content=\"https:\/\/lead-roedl.dk\/wp-content\/uploads\/2022\/10\/preview.jpg\" \/>\n\t<meta property=\"og:image:width\" content=\"1200\" \/>\n\t<meta property=\"og:image:height\" content=\"630\" \/>\n\t<meta property=\"og:image:type\" content=\"image\/jpeg\" \/>\n<meta name=\"twitter:card\" content=\"summary_large_image\" \/>\n<meta name=\"twitter:label1\" content=\"Gesch\u00e4tzte Lesezeit\" \/>\n\t<meta name=\"twitter:data1\" content=\"2\u00a0Minuten\" \/>\n<script type=\"application\/ld+json\" class=\"yoast-schema-graph\">{\"@context\":\"https:\\\/\\\/schema.org\",\"@graph\":[{\"@type\":\"WebPage\",\"@id\":\"https:\\\/\\\/lead-roedl.dk\\\/\\\/om-os\\\/\",\"url\":\"https:\\\/\\\/lead-roedl.dk\\\/\\\/om-os\\\/\",\"name\":\"[:da]Om os[:en]About us[:de]\u00dcber uns[:fr]A propos de nous[:] - LEAD | R\u00d6DL\",\"isPartOf\":{\"@id\":\"https:\\\/\\\/lead-roedl.dk\\\/#website\"},\"datePublished\":\"2015-10-09T06:06:20+00:00\",\"dateModified\":\"2025-11-27T12:44:59+00:00\",\"breadcrumb\":{\"@id\":\"https:\\\/\\\/lead-roedl.dk\\\/\\\/om-os\\\/#breadcrumb\"},\"inLanguage\":\"de\",\"potentialAction\":[{\"@type\":\"ReadAction\",\"target\":[\"https:\\\/\\\/lead-roedl.dk\\\/\\\/om-os\\\/\"]}]},{\"@type\":\"BreadcrumbList\",\"@id\":\"https:\\\/\\\/lead-roedl.dk\\\/\\\/om-os\\\/#breadcrumb\",\"itemListElement\":[{\"@type\":\"ListItem\",\"position\":1,\"name\":\"Startseite\",\"item\":\"https:\\\/\\\/lead-roedl.dk\\\/\\\/\"},{\"@type\":\"ListItem\",\"position\":2,\"name\":\"Om os\"}]},{\"@type\":\"WebSite\",\"@id\":\"https:\\\/\\\/lead-roedl.dk\\\/#website\",\"url\":\"https:\\\/\\\/lead-roedl.dk\\\/\",\"name\":\"LEAD | R\u00d6DL\",\"description\":\"\",\"publisher\":{\"@id\":\"https:\\\/\\\/lead-roedl.dk\\\/#organization\"},\"potentialAction\":[{\"@type\":\"SearchAction\",\"target\":{\"@type\":\"EntryPoint\",\"urlTemplate\":\"https:\\\/\\\/lead-roedl.dk\\\/?s={search_term_string}\"},\"query-input\":{\"@type\":\"PropertyValueSpecification\",\"valueRequired\":true,\"valueName\":\"search_term_string\"}}],\"inLanguage\":\"de\"},{\"@type\":\"Organization\",\"@id\":\"https:\\\/\\\/lead-roedl.dk\\\/#organization\",\"name\":\"LEAD | R\u00d6DL\",\"url\":\"https:\\\/\\\/lead-roedl.dk\\\/\",\"logo\":{\"@type\":\"ImageObject\",\"inLanguage\":\"de\",\"@id\":\"https:\\\/\\\/lead-roedl.dk\\\/#\\\/schema\\\/logo\\\/image\\\/\",\"url\":\"https:\\\/\\\/lead-roedl.dk\\\/\\\/wp-content\\\/uploads\\\/2018\\\/12\\\/LEAD_LOGO_GREEN.jpg\",\"contentUrl\":\"https:\\\/\\\/lead-roedl.dk\\\/\\\/wp-content\\\/uploads\\\/2018\\\/12\\\/LEAD_LOGO_GREEN.jpg\",\"width\":499,\"height\":82,\"caption\":\"LEAD | R\u00d6DL\"},\"image\":{\"@id\":\"https:\\\/\\\/lead-roedl.dk\\\/#\\\/schema\\\/logo\\\/image\\\/\"},\"sameAs\":[\"https:\\\/\\\/www.linkedin.com\\\/in\\\/michael-skovgaard-christensen-3402612\\\/\"]}]}<\/script>\n<!-- \/ Yoast SEO plugin. -->","yoast_head_json":{"title":"[:da]Om os[:en]About us[:de]\u00dcber uns[:fr]A propos de nous[:] - LEAD | R\u00d6DL","robots":{"index":"index","follow":"follow","max-snippet":"max-snippet:-1","max-image-preview":"max-image-preview:large","max-video-preview":"max-video-preview:-1"},"canonical":"https:\/\/lead-roedl.dk\/\/om-os\/","og_locale":"de_DE","og_type":"article","og_title":"[:da]Om os[:en]About us[:de]\u00dcber uns[:fr]A propos de nous[:] - LEAD | R\u00d6DL","og_description":"[vc_row 0=&#8220;&#8220;][vc_column 0=&#8220;&#8220;][vc_empty_space height=&#8220;70 px&#8220;][vc_column_text css_animation=&#8220;slideInLeft&#8220; css=&#8220;&#8220;] LEAD | R\u00d6DL ist kein gew\u00f6hnliches d\u00e4nisches Anwaltsb\u00fcro. Wir sind viel mehr als das. Unsere Vision ist, einen hohen fachlichen Standard mit einer eingehenden Kenntnis zu den sprachlichen und kulturellen Hintergr\u00fcnden unserer internationalen Mandanten zu verbinden. Dadurch schaffen wir Sicherheit f\u00fcr Sie. Seit unserem Beginn in 2011 ist [&hellip;]","og_url":"https:\/\/lead-roedl.dk\/\/om-os\/","og_site_name":"LEAD | R\u00d6DL","article_modified_time":"2025-11-27T12:44:59+00:00","og_image":[{"width":1200,"height":630,"url":"https:\/\/lead-roedl.dk\/wp-content\/uploads\/2022\/10\/preview.jpg","type":"image\/jpeg"}],"twitter_card":"summary_large_image","twitter_misc":{"Gesch\u00e4tzte Lesezeit":"2\u00a0Minuten"},"schema":{"@context":"https:\/\/schema.org","@graph":[{"@type":"WebPage","@id":"https:\/\/lead-roedl.dk\/\/om-os\/","url":"https:\/\/lead-roedl.dk\/\/om-os\/","name":"[:da]Om os[:en]About us[:de]\u00dcber uns[:fr]A propos de nous[:] - LEAD | R\u00d6DL","isPartOf":{"@id":"https:\/\/lead-roedl.dk\/#website"},"datePublished":"2015-10-09T06:06:20+00:00","dateModified":"2025-11-27T12:44:59+00:00","breadcrumb":{"@id":"https:\/\/lead-roedl.dk\/\/om-os\/#breadcrumb"},"inLanguage":"de","potentialAction":[{"@type":"ReadAction","target":["https:\/\/lead-roedl.dk\/\/om-os\/"]}]},{"@type":"BreadcrumbList","@id":"https:\/\/lead-roedl.dk\/\/om-os\/#breadcrumb","itemListElement":[{"@type":"ListItem","position":1,"name":"Startseite","item":"https:\/\/lead-roedl.dk\/\/"},{"@type":"ListItem","position":2,"name":"Om os"}]},{"@type":"WebSite","@id":"https:\/\/lead-roedl.dk\/#website","url":"https:\/\/lead-roedl.dk\/","name":"LEAD | R\u00d6DL","description":"","publisher":{"@id":"https:\/\/lead-roedl.dk\/#organization"},"potentialAction":[{"@type":"SearchAction","target":{"@type":"EntryPoint","urlTemplate":"https:\/\/lead-roedl.dk\/?s={search_term_string}"},"query-input":{"@type":"PropertyValueSpecification","valueRequired":true,"valueName":"search_term_string"}}],"inLanguage":"de"},{"@type":"Organization","@id":"https:\/\/lead-roedl.dk\/#organization","name":"LEAD | R\u00d6DL","url":"https:\/\/lead-roedl.dk\/","logo":{"@type":"ImageObject","inLanguage":"de","@id":"https:\/\/lead-roedl.dk\/#\/schema\/logo\/image\/","url":"https:\/\/lead-roedl.dk\/\/wp-content\/uploads\/2018\/12\/LEAD_LOGO_GREEN.jpg","contentUrl":"https:\/\/lead-roedl.dk\/\/wp-content\/uploads\/2018\/12\/LEAD_LOGO_GREEN.jpg","width":499,"height":82,"caption":"LEAD | R\u00d6DL"},"image":{"@id":"https:\/\/lead-roedl.dk\/#\/schema\/logo\/image\/"},"sameAs":["https:\/\/www.linkedin.com\/in\/michael-skovgaard-christensen-3402612\/"]}]}},"_links":{"self":[{"href":"https:\/\/lead-roedl.dk\/de\/wp-json\/wp\/v2\/pages\/708","targetHints":{"allow":["GET"]}}],"collection":[{"href":"https:\/\/lead-roedl.dk\/de\/wp-json\/wp\/v2\/pages"}],"about":[{"href":"https:\/\/lead-roedl.dk\/de\/wp-json\/wp\/v2\/types\/page"}],"author":[{"embeddable":true,"href":"https:\/\/lead-roedl.dk\/de\/wp-json\/wp\/v2\/users\/1"}],"replies":[{"embeddable":true,"href":"https:\/\/lead-roedl.dk\/de\/wp-json\/wp\/v2\/comments?post=708"}],"version-history":[{"count":73,"href":"https:\/\/lead-roedl.dk\/de\/wp-json\/wp\/v2\/pages\/708\/revisions"}],"predecessor-version":[{"id":5240,"href":"https:\/\/lead-roedl.dk\/de\/wp-json\/wp\/v2\/pages\/708\/revisions\/5240"}],"wp:attachment":[{"href":"https:\/\/lead-roedl.dk\/de\/wp-json\/wp\/v2\/media?parent=708"}],"curies":[{"name":"wp","href":"https:\/\/api.w.org\/{rel}","templated":true}]}}