{"id":715,"date":"2015-10-09T08:23:17","date_gmt":"2015-10-09T08:23:17","guid":{"rendered":"http:\/\/tn.joomexp.com\/wordpress\/wp-trust\/?page_id=715"},"modified":"2025-12-10T14:11:45","modified_gmt":"2025-12-10T13:11:45","slug":"klienter","status":"publish","type":"page","link":"https:\/\/lead-roedl.dk\/de\/klienter\/","title":{"rendered":"Mandanten"},"content":{"rendered":"<div class=\"wpb-content-wrapper\"><p>[vc_row full_width=&#8220;stretch_row&#8220;][vc_column][vc_empty_space height=&#8220;5px&#8220;][cms_heading hd_title=&#8220;Mandanten&#8220; cms_template=&#8220;cms_heading.php&#8220;][vc_column_text]<\/p>\n<h5>Unsere Mandanten sind Unternehmen mit einem Plan. Sie wissen, wohin sie wollen. Und sie erkennen den Wert eines Expertenbeitrages, weil sie wissen, dass dieser ihnen dabei helfen kann, noch einen Schritt weiter zu kommen. Unsere Mandanten m\u00f6chten Berater, die nach L\u00f6sungen anstatt Problemen suchen. Die sich in ihr Unternehmen und ihren Gesch\u00e4ftsbereich hineinversetzen. Die klar und pr\u00e4zise kommunizieren und mit L\u00f6sungen beitragen, die ihnen einen Mehrwert bringen.<\/h5>\n<h5>Wenn dies nach Ihnen klingt, dann ist LEAD | R\u00d6DL Ihr Partner auf der rechtlichen Seite. Wir f\u00fchlen uns wohl mit Herausforderungen und wir legen Wert auf L\u00f6sungen, welche auf dem Verst\u00e4ndnis f\u00fcr das Unternehmen des Mandanten aufgebaut sind.<\/h5>\n<p>[\/vc_column_text][vc_empty_space height=&#8220;42px&#8220;][\/vc_column][\/vc_row][vc_row full_width=&#8220;stretch_row&#8220; background_image_fixed=&#8220;yes&#8220; background_overlay_color=&#8220;yes&#8220; css=&#8220;.vc_custom_1501597344189{background-position: center !important;background-repeat: no-repeat !important;background-size: cover !important;}&#8220; row_overlay_color=&#8220;rgba(27,26,26,0.86)&#8220;][vc_column][vc_empty_space height=&#8220;86px&#8220;][cms_heading subtitle_color=&#8220;#e5e4e4&#8243; hd_title=&#8220;MANDANTENEMPFEHLUNGEN&#8220; title_color=&#8220;#ffffff&#8220; hd_description=&#8220;Folgendes haben unsere Mandanten \u00fcber uns gesagt:&#8220; description_color=&#8220;#959595&#8243; text_color=&#8220;#ffffff&#8220; cms_template=&#8220;cms_heading.php&#8220;][vc_empty_space height=&#8220;40px&#8220;][cms_carousel xsmall_items=&#8220;1&#8243; small_items=&#8220;2&#8243; medium_items=&#8220;3&#8243; large_items=&#8220;3&#8243; margin=&#8220;30&#8243; nav=&#8220;false&#8220; title_color=&#8220;#ffffff&#8220; source=&#8220;size:6|order_by:date|post_type:testimonials&#8220; cms_template=&#8220;cms_carousel&#8211;layout-teatimonial2.php&#8220;][vc_empty_space height=&#8220;20px&#8220;][\/vc_column][\/vc_row]<\/p>\n<\/div>","protected":false},"excerpt":{"rendered":"<p>[vc_row full_width=&#8220;stretch_row&#8220;][vc_column][vc_empty_space height=&#8220;5px&#8220;][cms_heading hd_title=&#8220;Mandanten&#8220; cms_template=&#8220;cms_heading.php&#8220;][vc_column_text] Unsere Mandanten sind Unternehmen mit einem Plan. Sie wissen, wohin sie wollen. Und sie erkennen den Wert eines Expertenbeitrages, weil sie wissen, dass dieser ihnen dabei helfen kann, noch einen Schritt weiter zu kommen. Unsere Mandanten m\u00f6chten Berater, die nach L\u00f6sungen anstatt Problemen suchen. Die sich in ihr Unternehmen und [&hellip;]<\/p>\n","protected":false},"author":1,"featured_media":0,"parent":0,"menu_order":0,"comment_status":"closed","ping_status":"closed","template":"","meta":{"footnotes":""},"class_list":["post-715","page","type-page","status-publish","hentry"],"yoast_head":"<!-- This site is optimized with the Yoast SEO plugin v27.5 - https:\/\/yoast.com\/product\/yoast-seo-wordpress\/ -->\n<title>Mandanten - LEAD | R\u00d6DL<\/title>\n<meta name=\"robots\" content=\"index, follow, max-snippet:-1, max-image-preview:large, max-video-preview:-1\" \/>\n<link rel=\"canonical\" href=\"https:\/\/lead-roedl.dk\/klienter\/\" \/>\n<meta property=\"og:locale\" content=\"de_DE\" \/>\n<meta property=\"og:type\" content=\"article\" \/>\n<meta property=\"og:title\" content=\"[:da]Klienter[:en]Clients[:de]Mandanten[:fr]Clients[:] - LEAD | R\u00d6DL\" \/>\n<meta property=\"og:description\" content=\"[vc_row full_width=&#8220;stretch_row&#8220;][vc_column][vc_empty_space height=&#8220;5px&#8220;][cms_heading hd_title=&#8220;Mandanten&#8220; cms_template=&#8220;cms_heading.php&#8220;][vc_column_text] Unsere Mandanten sind Unternehmen mit einem Plan. Sie wissen, wohin sie wollen. Und sie erkennen den Wert eines Expertenbeitrages, weil sie wissen, dass dieser ihnen dabei helfen kann, noch einen Schritt weiter zu kommen. Unsere Mandanten m\u00f6chten Berater, die nach L\u00f6sungen anstatt Problemen suchen. Die sich in ihr Unternehmen und [&hellip;]\" \/>\n<meta property=\"og:url\" content=\"https:\/\/lead-roedl.dk\/klienter\/\" \/>\n<meta property=\"og:site_name\" content=\"LEAD | R\u00d6DL\" \/>\n<meta property=\"article:modified_time\" content=\"2025-12-10T13:11:45+00:00\" \/>\n<meta property=\"og:image\" content=\"https:\/\/lead-roedl.dk\/wp-content\/uploads\/2022\/10\/preview.jpg\" \/>\n\t<meta property=\"og:image:width\" content=\"1200\" \/>\n\t<meta property=\"og:image:height\" content=\"630\" \/>\n\t<meta property=\"og:image:type\" content=\"image\/jpeg\" \/>\n<meta name=\"twitter:card\" content=\"summary_large_image\" \/>\n<meta name=\"twitter:label1\" content=\"Gesch\u00e4tzte Lesezeit\" \/>\n\t<meta name=\"twitter:data1\" content=\"5\u00a0Minuten\" \/>\n<script type=\"application\/ld+json\" class=\"yoast-schema-graph\">{\"@context\":\"https:\\\/\\\/schema.org\",\"@graph\":[{\"@type\":\"WebPage\",\"@id\":\"https:\\\/\\\/lead-roedl.dk\\\/klienter\\\/\",\"url\":\"https:\\\/\\\/lead-roedl.dk\\\/klienter\\\/\",\"name\":\"[:da]Klienter[:en]Clients[:de]Mandanten[:fr]Clients[:] - LEAD | R\u00d6DL\",\"isPartOf\":{\"@id\":\"https:\\\/\\\/lead-roedl.dk\\\/#website\"},\"datePublished\":\"2015-10-09T08:23:17+00:00\",\"dateModified\":\"2025-12-10T13:11:45+00:00\",\"breadcrumb\":{\"@id\":\"https:\\\/\\\/lead-roedl.dk\\\/klienter\\\/#breadcrumb\"},\"inLanguage\":\"de\",\"potentialAction\":[{\"@type\":\"ReadAction\",\"target\":[\"https:\\\/\\\/lead-roedl.dk\\\/klienter\\\/\"]}]},{\"@type\":\"BreadcrumbList\",\"@id\":\"https:\\\/\\\/lead-roedl.dk\\\/klienter\\\/#breadcrumb\",\"itemListElement\":[{\"@type\":\"ListItem\",\"position\":1,\"name\":\"Startseite\",\"item\":\"https:\\\/\\\/lead-roedl.dk\\\/\\\/\"},{\"@type\":\"ListItem\",\"position\":2,\"name\":\"[:da]Klienter[:en]Clients[:de]Mandanten[:fr]Clients[:]\"}]},{\"@type\":\"WebSite\",\"@id\":\"https:\\\/\\\/lead-roedl.dk\\\/#website\",\"url\":\"https:\\\/\\\/lead-roedl.dk\\\/\",\"name\":\"LEAD | R\u00d6DL\",\"description\":\"\",\"publisher\":{\"@id\":\"https:\\\/\\\/lead-roedl.dk\\\/#organization\"},\"potentialAction\":[{\"@type\":\"SearchAction\",\"target\":{\"@type\":\"EntryPoint\",\"urlTemplate\":\"https:\\\/\\\/lead-roedl.dk\\\/?s={search_term_string}\"},\"query-input\":{\"@type\":\"PropertyValueSpecification\",\"valueRequired\":true,\"valueName\":\"search_term_string\"}}],\"inLanguage\":\"de\"},{\"@type\":\"Organization\",\"@id\":\"https:\\\/\\\/lead-roedl.dk\\\/#organization\",\"name\":\"LEAD | R\u00d6DL\",\"url\":\"https:\\\/\\\/lead-roedl.dk\\\/\",\"logo\":{\"@type\":\"ImageObject\",\"inLanguage\":\"de\",\"@id\":\"https:\\\/\\\/lead-roedl.dk\\\/#\\\/schema\\\/logo\\\/image\\\/\",\"url\":\"https:\\\/\\\/lead-roedl.dk\\\/\\\/wp-content\\\/uploads\\\/2018\\\/12\\\/LEAD_LOGO_GREEN.jpg\",\"contentUrl\":\"https:\\\/\\\/lead-roedl.dk\\\/\\\/wp-content\\\/uploads\\\/2018\\\/12\\\/LEAD_LOGO_GREEN.jpg\",\"width\":499,\"height\":82,\"caption\":\"LEAD | R\u00d6DL\"},\"image\":{\"@id\":\"https:\\\/\\\/lead-roedl.dk\\\/#\\\/schema\\\/logo\\\/image\\\/\"},\"sameAs\":[\"https:\\\/\\\/www.linkedin.com\\\/in\\\/michael-skovgaard-christensen-3402612\\\/\"]}]}<\/script>\n<!-- \/ Yoast SEO plugin. -->","yoast_head_json":{"title":"[:da]Klienter[:en]Clients[:de]Mandanten[:fr]Clients[:] - LEAD | R\u00d6DL","robots":{"index":"index","follow":"follow","max-snippet":"max-snippet:-1","max-image-preview":"max-image-preview:large","max-video-preview":"max-video-preview:-1"},"canonical":"https:\/\/lead-roedl.dk\/klienter\/","og_locale":"de_DE","og_type":"article","og_title":"[:da]Klienter[:en]Clients[:de]Mandanten[:fr]Clients[:] - LEAD | R\u00d6DL","og_description":"[vc_row full_width=&#8220;stretch_row&#8220;][vc_column][vc_empty_space height=&#8220;5px&#8220;][cms_heading hd_title=&#8220;Mandanten&#8220; cms_template=&#8220;cms_heading.php&#8220;][vc_column_text] Unsere Mandanten sind Unternehmen mit einem Plan. Sie wissen, wohin sie wollen. Und sie erkennen den Wert eines Expertenbeitrages, weil sie wissen, dass dieser ihnen dabei helfen kann, noch einen Schritt weiter zu kommen. Unsere Mandanten m\u00f6chten Berater, die nach L\u00f6sungen anstatt Problemen suchen. Die sich in ihr Unternehmen und [&hellip;]","og_url":"https:\/\/lead-roedl.dk\/klienter\/","og_site_name":"LEAD | R\u00d6DL","article_modified_time":"2025-12-10T13:11:45+00:00","og_image":[{"width":1200,"height":630,"url":"https:\/\/lead-roedl.dk\/wp-content\/uploads\/2022\/10\/preview.jpg","type":"image\/jpeg"}],"twitter_card":"summary_large_image","twitter_misc":{"Gesch\u00e4tzte Lesezeit":"5\u00a0Minuten"},"schema":{"@context":"https:\/\/schema.org","@graph":[{"@type":"WebPage","@id":"https:\/\/lead-roedl.dk\/klienter\/","url":"https:\/\/lead-roedl.dk\/klienter\/","name":"[:da]Klienter[:en]Clients[:de]Mandanten[:fr]Clients[:] - LEAD | R\u00d6DL","isPartOf":{"@id":"https:\/\/lead-roedl.dk\/#website"},"datePublished":"2015-10-09T08:23:17+00:00","dateModified":"2025-12-10T13:11:45+00:00","breadcrumb":{"@id":"https:\/\/lead-roedl.dk\/klienter\/#breadcrumb"},"inLanguage":"de","potentialAction":[{"@type":"ReadAction","target":["https:\/\/lead-roedl.dk\/klienter\/"]}]},{"@type":"BreadcrumbList","@id":"https:\/\/lead-roedl.dk\/klienter\/#breadcrumb","itemListElement":[{"@type":"ListItem","position":1,"name":"Startseite","item":"https:\/\/lead-roedl.dk\/\/"},{"@type":"ListItem","position":2,"name":"[:da]Klienter[:en]Clients[:de]Mandanten[:fr]Clients[:]"}]},{"@type":"WebSite","@id":"https:\/\/lead-roedl.dk\/#website","url":"https:\/\/lead-roedl.dk\/","name":"LEAD | R\u00d6DL","description":"","publisher":{"@id":"https:\/\/lead-roedl.dk\/#organization"},"potentialAction":[{"@type":"SearchAction","target":{"@type":"EntryPoint","urlTemplate":"https:\/\/lead-roedl.dk\/?s={search_term_string}"},"query-input":{"@type":"PropertyValueSpecification","valueRequired":true,"valueName":"search_term_string"}}],"inLanguage":"de"},{"@type":"Organization","@id":"https:\/\/lead-roedl.dk\/#organization","name":"LEAD | R\u00d6DL","url":"https:\/\/lead-roedl.dk\/","logo":{"@type":"ImageObject","inLanguage":"de","@id":"https:\/\/lead-roedl.dk\/#\/schema\/logo\/image\/","url":"https:\/\/lead-roedl.dk\/\/wp-content\/uploads\/2018\/12\/LEAD_LOGO_GREEN.jpg","contentUrl":"https:\/\/lead-roedl.dk\/\/wp-content\/uploads\/2018\/12\/LEAD_LOGO_GREEN.jpg","width":499,"height":82,"caption":"LEAD | R\u00d6DL"},"image":{"@id":"https:\/\/lead-roedl.dk\/#\/schema\/logo\/image\/"},"sameAs":["https:\/\/www.linkedin.com\/in\/michael-skovgaard-christensen-3402612\/"]}]}},"_links":{"self":[{"href":"https:\/\/lead-roedl.dk\/de\/wp-json\/wp\/v2\/pages\/715","targetHints":{"allow":["GET"]}}],"collection":[{"href":"https:\/\/lead-roedl.dk\/de\/wp-json\/wp\/v2\/pages"}],"about":[{"href":"https:\/\/lead-roedl.dk\/de\/wp-json\/wp\/v2\/types\/page"}],"author":[{"embeddable":true,"href":"https:\/\/lead-roedl.dk\/de\/wp-json\/wp\/v2\/users\/1"}],"replies":[{"embeddable":true,"href":"https:\/\/lead-roedl.dk\/de\/wp-json\/wp\/v2\/comments?post=715"}],"version-history":[{"count":55,"href":"https:\/\/lead-roedl.dk\/de\/wp-json\/wp\/v2\/pages\/715\/revisions"}],"predecessor-version":[{"id":3664,"href":"https:\/\/lead-roedl.dk\/de\/wp-json\/wp\/v2\/pages\/715\/revisions\/3664"}],"wp:attachment":[{"href":"https:\/\/lead-roedl.dk\/de\/wp-json\/wp\/v2\/media?parent=715"}],"curies":[{"name":"wp","href":"https:\/\/api.w.org\/{rel}","templated":true}]}}