{"id":217,"date":"2015-09-30T09:01:53","date_gmt":"2015-09-30T09:01:53","guid":{"rendered":"http:\/\/tn.joomexp.com\/wordpress\/wp-trust\/?page_id=217"},"modified":"2022-10-06T13:40:47","modified_gmt":"2022-10-06T11:40:47","slug":"kontakt","status":"publish","type":"page","link":"https:\/\/lead-roedl.dk\/fr\/kontakt\/","title":{"rendered":"Contact"},"content":{"rendered":"<div class=\"wpb-content-wrapper\"><p>[vc_row full_width=\u00a0\u00bbstretch_row_content_no_spaces\u00a0\u00bb][vc_column][vc_single_image image=\u00a0\u00bb4507&Prime; img_size=\u00a0\u00bbfull\u00a0\u00bb alignment=\u00a0\u00bbcenter\u00a0\u00bb onclick=\u00a0\u00bbcustom_link\u00a0\u00bb img_link_target=\u00a0\u00bb_blank\u00a0\u00bb link=\u00a0\u00bbhttps:\/\/www.google.de\/maps\/place\/Lead+Advokatpartnerselskab\/@55.6828387,12.5845509,17z\/data=!3m1!4b1!4m5!3m4!1s0x4652531474fd0b73:0x6abf889239ef0b51!8m2!3d55.6828357!4d12.5867396?hl=de&amp;authuser=0&Prime;][vc_empty_space height=\u00a0\u00bb90px\u00a0\u00bb][\/vc_column][\/vc_row][vc_row][vc_column][cms_heading hd_subtitle=\u00a0\u00bbLEAD | R\u00d6DL \u00e0 Copenhague\u00a0\u00bb hd_title=\u00a0\u00bbNous contacter\u00a0\u00bb hd_description=\u00a0\u00bbNous vous r\u00e9pondrons sous peu\u00a0\u00bb cms_template=\u00a0\u00bbcms_heading.php\u00a0\u00bb][vc_empty_space height=\u00a0\u00bb43px\u00a0\u00bb][\/vc_column][\/vc_row][vc_row css=\u00a0\u00bb.vc_custom_1443841003888{padding-bottom: 60px !important;}\u00a0\u00bb][vc_column width=\u00a0\u00bb2\/3&Prime;]\n<div class=\"wpcf7 no-js\" id=\"wpcf7-f3023-o4\" lang=\"da-DK\" dir=\"ltr\" data-wpcf7-id=\"3023\">\n<div class=\"screen-reader-response\"><p role=\"status\" aria-live=\"polite\" aria-atomic=\"true\"><\/p> <ul><\/ul><\/div>\n<form action=\"\/fr\/wp-json\/wp\/v2\/pages\/217#wpcf7-f3023-o4\" method=\"post\" class=\"wpcf7-form init\" aria-label=\"Kontaktformular\" novalidate=\"novalidate\" data-status=\"init\">\n<fieldset class=\"hidden-fields-container\"><input type=\"hidden\" name=\"_wpcf7\" value=\"3023\" \/><input type=\"hidden\" name=\"_wpcf7_version\" value=\"6.1.5\" \/><input type=\"hidden\" name=\"_wpcf7_locale\" value=\"da_DK\" \/><input type=\"hidden\" name=\"_wpcf7_unit_tag\" value=\"wpcf7-f3023-o4\" \/><input type=\"hidden\" name=\"_wpcf7_container_post\" value=\"0\" \/><input type=\"hidden\" name=\"_wpcf7_posted_data_hash\" value=\"\" \/>\n<\/fieldset>\n<div class=\"row\">\n\t<div class=\"col-xs-12 col-sm-6 col-md-6 col-lg-6\">\n\t\t<div class=\"wpcf7-form-item\">\n\t\t\t<p><span class=\"wpcf7-form-control-wrap\" data-name=\"your-name\"><input size=\"40\" maxlength=\"400\" class=\"wpcf7-form-control wpcf7-text wpcf7-validates-as-required\" aria-required=\"true\" aria-invalid=\"false\" placeholder=\"Votre nom\" value=\"\" type=\"text\" name=\"your-name\" \/><\/span>\n\t\t\t<\/p>\n\t\t<\/div>\n\t<\/div>\n\t<div class=\"col-xs-12 col-sm-6 col-md-6 col-lg-6\">\n\t\t<div class=\"wpcf7-form-item\">\n\t\t\t<p><span class=\"wpcf7-form-control-wrap\" data-name=\"email\"><input size=\"40\" maxlength=\"400\" class=\"wpcf7-form-control wpcf7-email wpcf7-validates-as-required wpcf7-text wpcf7-validates-as-email\" aria-required=\"true\" aria-invalid=\"false\" placeholder=\"EMAIL\" value=\"\" type=\"email\" name=\"email\" \/><\/span>\n\t\t\t<\/p>\n\t\t<\/div>\n\t<\/div>\n<\/div>\n<div class=\"row\">\n\t<div class=\"col-xs-12 col-sm-12 col-md-12 col-lg-12\">\n\t\t<div class=\"wpcf7-form-item\">\n\t\t\t<p><span class=\"wpcf7-form-control-wrap\" data-name=\"subject\"><input size=\"40\" maxlength=\"400\" class=\"wpcf7-form-control wpcf7-text wpcf7-validates-as-required\" aria-required=\"true\" aria-invalid=\"false\" placeholder=\"Sujet\" value=\"\" type=\"text\" name=\"subject\" \/><\/span>\n\t\t\t<\/p>\n\t\t<\/div>\n\t<\/div>\n<\/div>\n<div class=\"row\">\n\t<div class=\"col-xs-12 col-sm-12 col-md-12 col-lg-12\">\n\t\t<div class=\"wpcf7-form-item\">\n\t\t\t<p><span class=\"wpcf7-form-control-wrap\" data-name=\"message\"><textarea cols=\"40\" rows=\"10\" maxlength=\"2000\" class=\"wpcf7-form-control wpcf7-textarea wpcf7-validates-as-required\" aria-required=\"true\" aria-invalid=\"false\" placeholder=\"Message\" name=\"message\"><\/textarea><\/span><span id=\"wpcf7-69d072c4192de-wrapper\" class=\"wpcf7-form-control-wrap mail-wrap\" ><label for=\"wpcf7-69d072c4192de-field\" class=\"hp-message\">Please leave this field empty.<\/label><input id=\"wpcf7-69d072c4192de-field\"  class=\"wpcf7-form-control wpcf7-text\" type=\"text\" name=\"mail\" value=\"\" size=\"40\" tabindex=\"-1\" autocomplete=\"new-password\" \/><\/span>\n\t\t\t<\/p>\n\t\t<\/div>\n\t<\/div>\n<\/div>\n<div class=\"row\" style=\"padding-top: 10px;\">\n\t<div class=\"col-xs-12 col-sm-12 col-md-12 col-lg-12\">\n\t\t<p><input class=\"wpcf7-form-control wpcf7-submit has-spinner btn btn-primary btn-lg\" type=\"submit\" value=\"Envoyer votre message\" \/>\n\t\t<\/p>\n\t<\/div>\n<\/div><input type='hidden' class='wpcf7-pum' value='{\"closepopup\":false,\"closedelay\":0,\"openpopup\":false,\"openpopup_id\":0}' \/><div class=\"wpcf7-response-output\" aria-hidden=\"true\"><\/div>\n<\/form>\n<\/div>\n[vc_empty_space height=\u00a0\u00bb30px\u00a0\u00bb][\/vc_column][vc_column width=\u00a0\u00bb1\/3&Prime;][vc_column_text]LEAD | R\u00d6DL apporte, depuis le centre de Copenhague, des conseils juridiques sp\u00e9cialis\u00e9s aux entreprises danoises et internationales.[\/vc_column_text][vc_empty_space height=\u00a0\u00bb20px\u00a0\u00bb][vc_row_inner custom_responsive=\u00a0\u00bbsmall-1-column\u00a0\u00bb][vc_column_inner width=\u00a0\u00bb1\/2&Prime;][vc_raw_html]JTNDc3BhbiUyMGNsYXNzJTNEJTIyY29sb3ItcHJpbWFyeSUyMGJsb2NrJTIyJTNFVGxmJTIwJTNBJTNDJTJGc3BhbiUzRSUwQSUzQ2RpdiUyMGNsYXNzJTNEJTIycGFnZS1nZXQtY29udGFjdCUyMiUzRSUwQSUwOSUzQ3VsJTNFJTBBJTA5JTA5JTNDbGklM0UlM0NpJTIwY2xhc3MlM0QlMjJmYSUyMCUyMGZhLXBob25lJTIyJTNFJTNDJTJGaSUzRSUyQiUyMDQ1JTIwNDQlMjA0NSUyMDUwJTIwMDAlM0MlMkZsaSUzRSUwQSUwOSUzQyUyRnVsJTNFJTBBJTNDJTJGZGl2JTNFJTBB[\/vc_raw_html][\/vc_column_inner][vc_column_inner width=\u00a0\u00bb1\/2&Prime;][vc_raw_html]JTNDc3BhbiUyMGNsYXNzJTNEJTIyY29sb3ItcHJpbWFyeSUyMGJsb2NrJTIyJTNFRW1haWwlMjAlM0ElM0MlMkZzcGFuJTNFJTBBJTNDZGl2JTIwY2xhc3MlM0QlMjJwYWdlLWdldC1jb250YWN0JTIyJTNFJTBBJTA5JTNDdWwlM0UlMEElMDklMDklM0NsaSUzRSUzQ2klMjBjbGFzcyUzRCUyMmZhJTIwJTIwJTIwZmEtZW52ZWxvcGUlMjIlM0UlM0MlMkZpJTNFJTNDYSUyMGhyZWYlM0QlMjJtYWlsdG8lM0FpbmZvJTQwbGVhZC1yb2VkbC5kayUyMiUzRWluZm8lNDBsZWFkLXJvZWRsLmRrJTNDJTJGYSUzRSUzQyUyRmxpJTNFJTBBJTA5JTNDJTJGdWwlM0UlMEElM0MlMkZkaXYlM0U=[\/vc_raw_html][\/vc_column_inner][\/vc_row_inner][vc_row_inner][vc_column_inner][vc_raw_html]JTNDc3BhbiUyMGNsYXNzJTNEJTIyY29sb3ItcHJpbWFyeSUyMGJsb2NrJTIyJTNFQWRyZXNzZSUyMCUzQSUzQyUyRnNwYW4lM0UlMEElM0NkaXYlMjBjbGFzcyUzRCUyMnBhZ2UtZ2V0LWNvbnRhY3QlMjIlM0UlMEElMDklM0N1bCUzRSUwQSUwOSUwOSUzQ2xpJTNFJTNDaSUyMGNsYXNzJTNEJTIyZmElMjBmYS1tYXAtbWFya2VyJTIyJTNFJTNDJTJGaSUzRVN0b3JlJTIwS29uZ2Vuc2dhZGUlMjA0MCUyMEglMkMlMjAyLiUyMFNhbCUwQTEyNjQlMjBLJUMzJUI4YmVuaGF2biUyMEslMjAlM0NhJTIwaHJlZiUzRCUyMmh0dHBzJTNBJTJGJTJGd3d3Lmdvb2dsZS5kZSUyRm1hcHMlMkZwbGFjZSUyRlN0b3JlJTJCS29uZ2Vuc2dhZGUlMkI0MEglMkMlMkJzYWwlMkIyJTJDJTJCMTI2NCUyQkslMjVDMyUyNUI4YmVuaGF2biUyQyUyQkQlMjVDMyUyNUE0bmVtYXJrJTJGJTQwNTUuNjgyODY1MiUyQzEyLjU4NjYwMzglMkMxOS41eiUyRmRhdGElM0QlMjE0bTUlMjEzbTQlMjExczB4NDY1MjUzMTg1YzFjM2ZlMSUzQTB4NzI4YmNmMWJjODQ3MDg2OSUyMThtMiUyMTNkNTUuNjgyODM1NyUyMTRkMTIuNTg2NzM5NiUyMiUyMHRhcmdldCUzRCUyMl9ibGFuayUyMiUzRVZvaXIlMjBsJTI3ZW1wbGFjZW1lbnQlMjBzdXIlMjBsYSUyMGNhcnRlJTNDJTJGYSUzRSUzQyUyRmxpJTNFJTBBJTA5JTNDJTJGdWwlM0UlMEElM0MlMkZkaXYlM0U=[\/vc_raw_html][\/vc_column_inner][\/vc_row_inner][vc_raw_html]JTNDc3BhbiUyMGNsYXNzJTNEJTIyY29sb3ItcHJpbWFyeSUyMGJsb2NrJTIyJTNFQ1ZSLW5yLiUyMCUzQSUzQyUyRnNwYW4lM0UlMEElM0NkaXYlMjBjbGFzcyUzRCUyMnBhZ2UtZ2V0LWNvbnRhY3QlMjIlM0UlMEElMDklM0N1bCUzRSUwQSUwOSUwOSUzQ2xpJTNFJTNDaSUyMGNsYXNzJTNEJTIyZmFzJTIwZmEtc2hpZWxkLWFsdCUyMiUzRSUzQyUyRmklM0UzMjMyMTQ4OCUzQyUyRmxpJTNFJTBBJTA5JTA5JTBBJTA5JTNDJTJGdWwlM0UlMEElM0MlMkZkaXYlM0U=[\/vc_raw_html][\/vc_column][\/vc_row]<\/p>\n<\/div>","protected":false},"excerpt":{"rendered":"<p>[vc_row full_width=\u00a0\u00bbstretch_row_content_no_spaces\u00a0\u00bb][vc_column][vc_single_image image=\u00a0\u00bb4507&Prime; img_size=\u00a0\u00bbfull\u00a0\u00bb alignment=\u00a0\u00bbcenter\u00a0\u00bb onclick=\u00a0\u00bbcustom_link\u00a0\u00bb img_link_target=\u00a0\u00bb_blank\u00a0\u00bb link=\u00a0\u00bbhttps:\/\/www.google.de\/maps\/place\/Lead+Advokatpartnerselskab\/@55.6828387,12.5845509,17z\/data=!3m1!4b1!4m5!3m4!1s0x4652531474fd0b73:0x6abf889239ef0b51!8m2!3d55.6828357!4d12.5867396?hl=de&amp;authuser=0&Prime;][vc_empty_space height=\u00a0\u00bb90px\u00a0\u00bb][\/vc_column][\/vc_row][vc_row][vc_column][cms_heading hd_subtitle=\u00a0\u00bbLEAD | R\u00d6DL \u00e0 Copenhague\u00a0\u00bb hd_title=\u00a0\u00bbNous contacter\u00a0\u00bb hd_description=\u00a0\u00bbNous vous r\u00e9pondrons sous peu\u00a0\u00bb cms_template=\u00a0\u00bbcms_heading.php\u00a0\u00bb][vc_empty_space height=\u00a0\u00bb43px\u00a0\u00bb][\/vc_column][\/vc_row][vc_row css=\u00a0\u00bb.vc_custom_1443841003888{padding-bottom: 60px !important;}\u00a0\u00bb][vc_column width=\u00a0\u00bb2\/3&Prime;][vc_empty_space height=\u00a0\u00bb30px\u00a0\u00bb][\/vc_column][vc_column width=\u00a0\u00bb1\/3&Prime;][vc_column_text]LEAD | R\u00d6DL apporte, depuis le centre de Copenhague, des conseils juridiques sp\u00e9cialis\u00e9s aux entreprises danoises et internationales.[\/vc_column_text][vc_empty_space height=\u00a0\u00bb20px\u00a0\u00bb][vc_row_inner custom_responsive=\u00a0\u00bbsmall-1-column\u00a0\u00bb][vc_column_inner width=\u00a0\u00bb1\/2&Prime;][vc_raw_html]JTNDc3BhbiUyMGNsYXNzJTNEJTIyY29sb3ItcHJpbWFyeSUyMGJsb2NrJTIyJTNFVGxmJTIwJTNBJTNDJTJGc3BhbiUzRSUwQSUzQ2RpdiUyMGNsYXNzJTNEJTIycGFnZS1nZXQtY29udGFjdCUyMiUzRSUwQSUwOSUzQ3VsJTNFJTBBJTA5JTA5JTNDbGklM0UlM0NpJTIwY2xhc3MlM0QlMjJmYSUyMCUyMGZhLXBob25lJTIyJTNFJTNDJTJGaSUzRSUyQiUyMDQ1JTIwNDQlMjA0NSUyMDUwJTIwMDAlM0MlMkZsaSUzRSUwQSUwOSUzQyUyRnVsJTNFJTBBJTNDJTJGZGl2JTNFJTBB[\/vc_raw_html][\/vc_column_inner][vc_column_inner width=\u00a0\u00bb1\/2&Prime;][vc_raw_html]JTNDc3BhbiUyMGNsYXNzJTNEJTIyY29sb3ItcHJpbWFyeSUyMGJsb2NrJTIyJTNFRW1haWwlMjAlM0ElM0MlMkZzcGFuJTNFJTBBJTNDZGl2JTIwY2xhc3MlM0QlMjJwYWdlLWdldC1jb250YWN0JTIyJTNFJTBBJTA5JTNDdWwlM0UlMEElMDklMDklM0NsaSUzRSUzQ2klMjBjbGFzcyUzRCUyMmZhJTIwJTIwJTIwZmEtZW52ZWxvcGUlMjIlM0UlM0MlMkZpJTNFJTNDYSUyMGhyZWYlM0QlMjJtYWlsdG8lM0FpbmZvJTQwbGVhZC1yb2VkbC5kayUyMiUzRWluZm8lNDBsZWFkLXJvZWRsLmRrJTNDJTJGYSUzRSUzQyUyRmxpJTNFJTBBJTA5JTNDJTJGdWwlM0UlMEElM0MlMkZkaXYlM0U=[\/vc_raw_html][\/vc_column_inner][\/vc_row_inner][vc_row_inner][vc_column_inner][vc_raw_html]JTNDc3BhbiUyMGNsYXNzJTNEJTIyY29sb3ItcHJpbWFyeSUyMGJsb2NrJTIyJTNFQWRyZXNzZSUyMCUzQSUzQyUyRnNwYW4lM0UlMEElM0NkaXYlMjBjbGFzcyUzRCUyMnBhZ2UtZ2V0LWNvbnRhY3QlMjIlM0UlMEElMDklM0N1bCUzRSUwQSUwOSUwOSUzQ2xpJTNFJTNDaSUyMGNsYXNzJTNEJTIyZmElMjBmYS1tYXAtbWFya2VyJTIyJTNFJTNDJTJGaSUzRVN0b3JlJTIwS29uZ2Vuc2dhZGUlMjA0MCUyMEglMkMlMjAyLiUyMFNhbCUwQTEyNjQlMjBLJUMzJUI4YmVuaGF2biUyMEslMjAlM0NhJTIwaHJlZiUzRCUyMmh0dHBzJTNBJTJGJTJGd3d3Lmdvb2dsZS5kZSUyRm1hcHMlMkZwbGFjZSUyRlN0b3JlJTJCS29uZ2Vuc2dhZGUlMkI0MEglMkMlMkJzYWwlMkIyJTJDJTJCMTI2NCUyQkslMjVDMyUyNUI4YmVuaGF2biUyQyUyQkQlMjVDMyUyNUE0bmVtYXJrJTJGJTQwNTUuNjgyODY1MiUyQzEyLjU4NjYwMzglMkMxOS41eiUyRmRhdGElM0QlMjE0bTUlMjEzbTQlMjExczB4NDY1MjUzMTg1YzFjM2ZlMSUzQTB4NzI4YmNmMWJjODQ3MDg2OSUyMThtMiUyMTNkNTUuNjgyODM1NyUyMTRkMTIuNTg2NzM5NiUyMiUyMHRhcmdldCUzRCUyMl9ibGFuayUyMiUzRVZvaXIlMjBsJTI3ZW1wbGFjZW1lbnQlMjBzdXIlMjBsYSUyMGNhcnRlJTNDJTJGYSUzRSUzQyUyRmxpJTNFJTBBJTA5JTNDJTJGdWwlM0UlMEElM0MlMkZkaXYlM0U=[\/vc_raw_html][\/vc_column_inner][\/vc_row_inner][vc_raw_html]JTNDc3BhbiUyMGNsYXNzJTNEJTIyY29sb3ItcHJpbWFyeSUyMGJsb2NrJTIyJTNFQ1ZSLW5yLiUyMCUzQSUzQyUyRnNwYW4lM0UlMEElM0NkaXYlMjBjbGFzcyUzRCUyMnBhZ2UtZ2V0LWNvbnRhY3QlMjIlM0UlMEElMDklM0N1bCUzRSUwQSUwOSUwOSUzQ2xpJTNFJTNDaSUyMGNsYXNzJTNEJTIyZmFzJTIwZmEtc2hpZWxkLWFsdCUyMiUzRSUzQyUyRmklM0UzMjMyMTQ4OCUzQyUyRmxpJTNFJTBBJTA5JTA5JTBBJTA5JTNDJTJGdWwlM0UlMEElM0MlMkZkaXYlM0U=[\/vc_raw_html][\/vc_column][\/vc_row]<\/p>\n","protected":false},"author":1,"featured_media":0,"parent":0,"menu_order":0,"comment_status":"closed","ping_status":"closed","template":"","meta":{"footnotes":""},"class_list":["post-217","page","type-page","status-publish","hentry"],"yoast_head":"<!-- This site is optimized with the Yoast SEO plugin v27.0 - https:\/\/yoast.com\/product\/yoast-seo-wordpress\/ -->\n<title>Contact - LEAD | R\u00d6DL<\/title>\n<meta name=\"robots\" content=\"index, follow, max-snippet:-1, max-image-preview:large, max-video-preview:-1\" \/>\n<link rel=\"canonical\" href=\"https:\/\/lead-roedl.dk\/\/kontakt\/\" \/>\n<meta property=\"og:locale\" content=\"fr_FR\" \/>\n<meta property=\"og:type\" content=\"article\" \/>\n<meta property=\"og:title\" content=\"[:da]Kontakt[:en]Contact[:de]Kontakt[:fr]Contact[:] - LEAD | R\u00d6DL\" \/>\n<meta property=\"og:description\" content=\"[vc_row full_width=\u00a0\u00bbstretch_row_content_no_spaces\u00a0\u00bb][vc_column][vc_single_image image=\u00a0\u00bb4507&Prime; img_size=\u00a0\u00bbfull\u00a0\u00bb alignment=\u00a0\u00bbcenter\u00a0\u00bb onclick=\u00a0\u00bbcustom_link\u00a0\u00bb img_link_target=\u00a0\u00bb_blank\u00a0\u00bb link=\u00a0\u00bbhttps:\/\/www.google.de\/maps\/place\/Lead+Advokatpartnerselskab\/@55.6828387,12.5845509,17z\/data=!3m1!4b1!4m5!3m4!1s0x4652531474fd0b73:0x6abf889239ef0b51!8m2!3d55.6828357!4d12.5867396?hl=de&amp;authuser=0&Prime;][vc_empty_space height=\u00a0\u00bb90px\u00a0\u00bb][\/vc_column][\/vc_row][vc_row][vc_column][cms_heading hd_subtitle=\u00a0\u00bbLEAD | R\u00d6DL \u00e0 Copenhague\u00a0\u00bb hd_title=\u00a0\u00bbNous contacter\u00a0\u00bb hd_description=\u00a0\u00bbNous vous r\u00e9pondrons sous peu\u00a0\u00bb cms_template=\u00a0\u00bbcms_heading.php\u00a0\u00bb][vc_empty_space height=\u00a0\u00bb43px\u00a0\u00bb][\/vc_column][\/vc_row][vc_row css=\u00a0\u00bb.vc_custom_1443841003888{padding-bottom: 60px !important;}\u00a0\u00bb][vc_column width=\u00a0\u00bb2\/3&Prime;][vc_empty_space height=\u00a0\u00bb30px\u00a0\u00bb][\/vc_column][vc_column width=\u00a0\u00bb1\/3&Prime;][vc_column_text]LEAD | R\u00d6DL apporte, depuis le centre de Copenhague, des conseils juridiques sp\u00e9cialis\u00e9s aux entreprises danoises et internationales.[\/vc_column_text][vc_empty_space height=\u00a0\u00bb20px\u00a0\u00bb][vc_row_inner custom_responsive=\u00a0\u00bbsmall-1-column\u00a0\u00bb][vc_column_inner width=\u00a0\u00bb1\/2&Prime;][vc_raw_html]JTNDc3BhbiUyMGNsYXNzJTNEJTIyY29sb3ItcHJpbWFyeSUyMGJsb2NrJTIyJTNFVGxmJTIwJTNBJTNDJTJGc3BhbiUzRSUwQSUzQ2RpdiUyMGNsYXNzJTNEJTIycGFnZS1nZXQtY29udGFjdCUyMiUzRSUwQSUwOSUzQ3VsJTNFJTBBJTA5JTA5JTNDbGklM0UlM0NpJTIwY2xhc3MlM0QlMjJmYSUyMCUyMGZhLXBob25lJTIyJTNFJTNDJTJGaSUzRSUyQiUyMDQ1JTIwNDQlMjA0NSUyMDUwJTIwMDAlM0MlMkZsaSUzRSUwQSUwOSUzQyUyRnVsJTNFJTBBJTNDJTJGZGl2JTNFJTBB[\/vc_raw_html][\/vc_column_inner][vc_column_inner width=\u00a0\u00bb1\/2&Prime;][vc_raw_html]JTNDc3BhbiUyMGNsYXNzJTNEJTIyY29sb3ItcHJpbWFyeSUyMGJsb2NrJTIyJTNFRW1haWwlMjAlM0ElM0MlMkZzcGFuJTNFJTBBJTNDZGl2JTIwY2xhc3MlM0QlMjJwYWdlLWdldC1jb250YWN0JTIyJTNFJTBBJTA5JTNDdWwlM0UlMEElMDklMDklM0NsaSUzRSUzQ2klMjBjbGFzcyUzRCUyMmZhJTIwJTIwJTIwZmEtZW52ZWxvcGUlMjIlM0UlM0MlMkZpJTNFJTNDYSUyMGhyZWYlM0QlMjJtYWlsdG8lM0FpbmZvJTQwbGVhZC1yb2VkbC5kayUyMiUzRWluZm8lNDBsZWFkLXJvZWRsLmRrJTNDJTJGYSUzRSUzQyUyRmxpJTNFJTBBJTA5JTNDJTJGdWwlM0UlMEElM0MlMkZkaXYlM0U=[\/vc_raw_html][\/vc_column_inner][\/vc_row_inner][vc_row_inner][vc_column_inner][vc_raw_html]JTNDc3BhbiUyMGNsYXNzJTNEJTIyY29sb3ItcHJpbWFyeSUyMGJsb2NrJTIyJTNFQWRyZXNzZSUyMCUzQSUzQyUyRnNwYW4lM0UlMEElM0NkaXYlMjBjbGFzcyUzRCUyMnBhZ2UtZ2V0LWNvbnRhY3QlMjIlM0UlMEElMDklM0N1bCUzRSUwQSUwOSUwOSUzQ2xpJTNFJTNDaSUyMGNsYXNzJTNEJTIyZmElMjBmYS1tYXAtbWFya2VyJTIyJTNFJTNDJTJGaSUzRVN0b3JlJTIwS29uZ2Vuc2dhZGUlMjA0MCUyMEglMkMlMjAyLiUyMFNhbCUwQTEyNjQlMjBLJUMzJUI4YmVuaGF2biUyMEslMjAlM0NhJTIwaHJlZiUzRCUyMmh0dHBzJTNBJTJGJTJGd3d3Lmdvb2dsZS5kZSUyRm1hcHMlMkZwbGFjZSUyRlN0b3JlJTJCS29uZ2Vuc2dhZGUlMkI0MEglMkMlMkJzYWwlMkIyJTJDJTJCMTI2NCUyQkslMjVDMyUyNUI4YmVuaGF2biUyQyUyQkQlMjVDMyUyNUE0bmVtYXJrJTJGJTQwNTUuNjgyODY1MiUyQzEyLjU4NjYwMzglMkMxOS41eiUyRmRhdGElM0QlMjE0bTUlMjEzbTQlMjExczB4NDY1MjUzMTg1YzFjM2ZlMSUzQTB4NzI4YmNmMWJjODQ3MDg2OSUyMThtMiUyMTNkNTUuNjgyODM1NyUyMTRkMTIuNTg2NzM5NiUyMiUyMHRhcmdldCUzRCUyMl9ibGFuayUyMiUzRVZvaXIlMjBsJTI3ZW1wbGFjZW1lbnQlMjBzdXIlMjBsYSUyMGNhcnRlJTNDJTJGYSUzRSUzQyUyRmxpJTNFJTBBJTA5JTNDJTJGdWwlM0UlMEElM0MlMkZkaXYlM0U=[\/vc_raw_html][\/vc_column_inner][\/vc_row_inner][vc_raw_html]JTNDc3BhbiUyMGNsYXNzJTNEJTIyY29sb3ItcHJpbWFyeSUyMGJsb2NrJTIyJTNFQ1ZSLW5yLiUyMCUzQSUzQyUyRnNwYW4lM0UlMEElM0NkaXYlMjBjbGFzcyUzRCUyMnBhZ2UtZ2V0LWNvbnRhY3QlMjIlM0UlMEElMDklM0N1bCUzRSUwQSUwOSUwOSUzQ2xpJTNFJTNDaSUyMGNsYXNzJTNEJTIyZmFzJTIwZmEtc2hpZWxkLWFsdCUyMiUzRSUzQyUyRmklM0UzMjMyMTQ4OCUzQyUyRmxpJTNFJTBBJTA5JTA5JTBBJTA5JTNDJTJGdWwlM0UlMEElM0MlMkZkaXYlM0U=[\/vc_raw_html][\/vc_column][\/vc_row]\" \/>\n<meta property=\"og:url\" content=\"https:\/\/lead-roedl.dk\/\/kontakt\/\" \/>\n<meta property=\"og:site_name\" content=\"LEAD | R\u00d6DL\" \/>\n<meta property=\"article:modified_time\" content=\"2022-10-06T11:40:47+00:00\" \/>\n<meta property=\"og:image\" content=\"https:\/\/lead-roedl.dk\/wp-content\/uploads\/2022\/10\/preview.jpg\" \/>\n\t<meta property=\"og:image:width\" content=\"1200\" \/>\n\t<meta property=\"og:image:height\" content=\"630\" \/>\n\t<meta property=\"og:image:type\" content=\"image\/jpeg\" \/>\n<meta name=\"twitter:card\" content=\"summary_large_image\" \/>\n<meta name=\"twitter:label1\" content=\"Dur\u00e9e de lecture estim\u00e9e\" \/>\n\t<meta name=\"twitter:data1\" content=\"7 minutes\" \/>\n<script type=\"application\/ld+json\" class=\"yoast-schema-graph\">{\"@context\":\"https:\/\/schema.org\",\"@graph\":[{\"@type\":\"WebPage\",\"@id\":\"https:\/\/lead-roedl.dk\/\/kontakt\/\",\"url\":\"https:\/\/lead-roedl.dk\/\/kontakt\/\",\"name\":\"[:da]Kontakt[:en]Contact[:de]Kontakt[:fr]Contact[:] - LEAD | R\u00d6DL\",\"isPartOf\":{\"@id\":\"https:\/\/lead-roedl.dk\/#website\"},\"datePublished\":\"2015-09-30T09:01:53+00:00\",\"dateModified\":\"2022-10-06T11:40:47+00:00\",\"breadcrumb\":{\"@id\":\"https:\/\/lead-roedl.dk\/\/kontakt\/#breadcrumb\"},\"inLanguage\":\"fr-FR\",\"potentialAction\":[{\"@type\":\"ReadAction\",\"target\":[\"https:\/\/lead-roedl.dk\/\/kontakt\/\"]}]},{\"@type\":\"BreadcrumbList\",\"@id\":\"https:\/\/lead-roedl.dk\/\/kontakt\/#breadcrumb\",\"itemListElement\":[{\"@type\":\"ListItem\",\"position\":1,\"name\":\"Startseite\",\"item\":\"https:\/\/lead-roedl.dk\/\/\"},{\"@type\":\"ListItem\",\"position\":2,\"name\":\"Kontakt\"}]},{\"@type\":\"WebSite\",\"@id\":\"https:\/\/lead-roedl.dk\/#website\",\"url\":\"https:\/\/lead-roedl.dk\/\",\"name\":\"LEAD | R\u00d6DL\",\"description\":\"\",\"publisher\":{\"@id\":\"https:\/\/lead-roedl.dk\/#organization\"},\"potentialAction\":[{\"@type\":\"SearchAction\",\"target\":{\"@type\":\"EntryPoint\",\"urlTemplate\":\"https:\/\/lead-roedl.dk\/?s={search_term_string}\"},\"query-input\":{\"@type\":\"PropertyValueSpecification\",\"valueRequired\":true,\"valueName\":\"search_term_string\"}}],\"inLanguage\":\"fr-FR\"},{\"@type\":\"Organization\",\"@id\":\"https:\/\/lead-roedl.dk\/#organization\",\"name\":\"LEAD | R\u00d6DL\",\"url\":\"https:\/\/lead-roedl.dk\/\",\"logo\":{\"@type\":\"ImageObject\",\"inLanguage\":\"fr-FR\",\"@id\":\"https:\/\/lead-roedl.dk\/#\/schema\/logo\/image\/\",\"url\":\"https:\/\/lead-roedl.dk\/\/wp-content\/uploads\/2018\/12\/LEAD_LOGO_GREEN.jpg\",\"contentUrl\":\"https:\/\/lead-roedl.dk\/\/wp-content\/uploads\/2018\/12\/LEAD_LOGO_GREEN.jpg\",\"width\":499,\"height\":82,\"caption\":\"LEAD | R\u00d6DL\"},\"image\":{\"@id\":\"https:\/\/lead-roedl.dk\/#\/schema\/logo\/image\/\"},\"sameAs\":[\"https:\/\/www.linkedin.com\/in\/michael-skovgaard-christensen-3402612\/\"]}]}<\/script>\n<!-- \/ Yoast SEO plugin. -->","yoast_head_json":{"title":"[:da]Kontakt[:en]Contact[:de]Kontakt[:fr]Contact[:] - LEAD | R\u00d6DL","robots":{"index":"index","follow":"follow","max-snippet":"max-snippet:-1","max-image-preview":"max-image-preview:large","max-video-preview":"max-video-preview:-1"},"canonical":"https:\/\/lead-roedl.dk\/\/kontakt\/","og_locale":"fr_FR","og_type":"article","og_title":"[:da]Kontakt[:en]Contact[:de]Kontakt[:fr]Contact[:] - LEAD | R\u00d6DL","og_description":"[vc_row full_width=\u00a0\u00bbstretch_row_content_no_spaces\u00a0\u00bb][vc_column][vc_single_image image=\u00a0\u00bb4507&Prime; img_size=\u00a0\u00bbfull\u00a0\u00bb alignment=\u00a0\u00bbcenter\u00a0\u00bb onclick=\u00a0\u00bbcustom_link\u00a0\u00bb img_link_target=\u00a0\u00bb_blank\u00a0\u00bb link=\u00a0\u00bbhttps:\/\/www.google.de\/maps\/place\/Lead+Advokatpartnerselskab\/@55.6828387,12.5845509,17z\/data=!3m1!4b1!4m5!3m4!1s0x4652531474fd0b73:0x6abf889239ef0b51!8m2!3d55.6828357!4d12.5867396?hl=de&amp;authuser=0&Prime;][vc_empty_space height=\u00a0\u00bb90px\u00a0\u00bb][\/vc_column][\/vc_row][vc_row][vc_column][cms_heading hd_subtitle=\u00a0\u00bbLEAD | R\u00d6DL \u00e0 Copenhague\u00a0\u00bb hd_title=\u00a0\u00bbNous contacter\u00a0\u00bb hd_description=\u00a0\u00bbNous vous r\u00e9pondrons sous peu\u00a0\u00bb cms_template=\u00a0\u00bbcms_heading.php\u00a0\u00bb][vc_empty_space height=\u00a0\u00bb43px\u00a0\u00bb][\/vc_column][\/vc_row][vc_row css=\u00a0\u00bb.vc_custom_1443841003888{padding-bottom: 60px !important;}\u00a0\u00bb][vc_column width=\u00a0\u00bb2\/3&Prime;][vc_empty_space height=\u00a0\u00bb30px\u00a0\u00bb][\/vc_column][vc_column width=\u00a0\u00bb1\/3&Prime;][vc_column_text]LEAD | R\u00d6DL apporte, depuis le centre de Copenhague, des conseils juridiques sp\u00e9cialis\u00e9s aux entreprises danoises et internationales.[\/vc_column_text][vc_empty_space height=\u00a0\u00bb20px\u00a0\u00bb][vc_row_inner custom_responsive=\u00a0\u00bbsmall-1-column\u00a0\u00bb][vc_column_inner width=\u00a0\u00bb1\/2&Prime;][vc_raw_html]JTNDc3BhbiUyMGNsYXNzJTNEJTIyY29sb3ItcHJpbWFyeSUyMGJsb2NrJTIyJTNFVGxmJTIwJTNBJTNDJTJGc3BhbiUzRSUwQSUzQ2RpdiUyMGNsYXNzJTNEJTIycGFnZS1nZXQtY29udGFjdCUyMiUzRSUwQSUwOSUzQ3VsJTNFJTBBJTA5JTA5JTNDbGklM0UlM0NpJTIwY2xhc3MlM0QlMjJmYSUyMCUyMGZhLXBob25lJTIyJTNFJTNDJTJGaSUzRSUyQiUyMDQ1JTIwNDQlMjA0NSUyMDUwJTIwMDAlM0MlMkZsaSUzRSUwQSUwOSUzQyUyRnVsJTNFJTBBJTNDJTJGZGl2JTNFJTBB[\/vc_raw_html][\/vc_column_inner][vc_column_inner width=\u00a0\u00bb1\/2&Prime;][vc_raw_html]JTNDc3BhbiUyMGNsYXNzJTNEJTIyY29sb3ItcHJpbWFyeSUyMGJsb2NrJTIyJTNFRW1haWwlMjAlM0ElM0MlMkZzcGFuJTNFJTBBJTNDZGl2JTIwY2xhc3MlM0QlMjJwYWdlLWdldC1jb250YWN0JTIyJTNFJTBBJTA5JTNDdWwlM0UlMEElMDklMDklM0NsaSUzRSUzQ2klMjBjbGFzcyUzRCUyMmZhJTIwJTIwJTIwZmEtZW52ZWxvcGUlMjIlM0UlM0MlMkZpJTNFJTNDYSUyMGhyZWYlM0QlMjJtYWlsdG8lM0FpbmZvJTQwbGVhZC1yb2VkbC5kayUyMiUzRWluZm8lNDBsZWFkLXJvZWRsLmRrJTNDJTJGYSUzRSUzQyUyRmxpJTNFJTBBJTA5JTNDJTJGdWwlM0UlMEElM0MlMkZkaXYlM0U=[\/vc_raw_html][\/vc_column_inner][\/vc_row_inner][vc_row_inner][vc_column_inner][vc_raw_html]JTNDc3BhbiUyMGNsYXNzJTNEJTIyY29sb3ItcHJpbWFyeSUyMGJsb2NrJTIyJTNFQWRyZXNzZSUyMCUzQSUzQyUyRnNwYW4lM0UlMEElM0NkaXYlMjBjbGFzcyUzRCUyMnBhZ2UtZ2V0LWNvbnRhY3QlMjIlM0UlMEElMDklM0N1bCUzRSUwQSUwOSUwOSUzQ2xpJTNFJTNDaSUyMGNsYXNzJTNEJTIyZmElMjBmYS1tYXAtbWFya2VyJTIyJTNFJTNDJTJGaSUzRVN0b3JlJTIwS29uZ2Vuc2dhZGUlMjA0MCUyMEglMkMlMjAyLiUyMFNhbCUwQTEyNjQlMjBLJUMzJUI4YmVuaGF2biUyMEslMjAlM0NhJTIwaHJlZiUzRCUyMmh0dHBzJTNBJTJGJTJGd3d3Lmdvb2dsZS5kZSUyRm1hcHMlMkZwbGFjZSUyRlN0b3JlJTJCS29uZ2Vuc2dhZGUlMkI0MEglMkMlMkJzYWwlMkIyJTJDJTJCMTI2NCUyQkslMjVDMyUyNUI4YmVuaGF2biUyQyUyQkQlMjVDMyUyNUE0bmVtYXJrJTJGJTQwNTUuNjgyODY1MiUyQzEyLjU4NjYwMzglMkMxOS41eiUyRmRhdGElM0QlMjE0bTUlMjEzbTQlMjExczB4NDY1MjUzMTg1YzFjM2ZlMSUzQTB4NzI4YmNmMWJjODQ3MDg2OSUyMThtMiUyMTNkNTUuNjgyODM1NyUyMTRkMTIuNTg2NzM5NiUyMiUyMHRhcmdldCUzRCUyMl9ibGFuayUyMiUzRVZvaXIlMjBsJTI3ZW1wbGFjZW1lbnQlMjBzdXIlMjBsYSUyMGNhcnRlJTNDJTJGYSUzRSUzQyUyRmxpJTNFJTBBJTA5JTNDJTJGdWwlM0UlMEElM0MlMkZkaXYlM0U=[\/vc_raw_html][\/vc_column_inner][\/vc_row_inner][vc_raw_html]JTNDc3BhbiUyMGNsYXNzJTNEJTIyY29sb3ItcHJpbWFyeSUyMGJsb2NrJTIyJTNFQ1ZSLW5yLiUyMCUzQSUzQyUyRnNwYW4lM0UlMEElM0NkaXYlMjBjbGFzcyUzRCUyMnBhZ2UtZ2V0LWNvbnRhY3QlMjIlM0UlMEElMDklM0N1bCUzRSUwQSUwOSUwOSUzQ2xpJTNFJTNDaSUyMGNsYXNzJTNEJTIyZmFzJTIwZmEtc2hpZWxkLWFsdCUyMiUzRSUzQyUyRmklM0UzMjMyMTQ4OCUzQyUyRmxpJTNFJTBBJTA5JTA5JTBBJTA5JTNDJTJGdWwlM0UlMEElM0MlMkZkaXYlM0U=[\/vc_raw_html][\/vc_column][\/vc_row]","og_url":"https:\/\/lead-roedl.dk\/\/kontakt\/","og_site_name":"LEAD | R\u00d6DL","article_modified_time":"2022-10-06T11:40:47+00:00","og_image":[{"width":1200,"height":630,"url":"https:\/\/lead-roedl.dk\/wp-content\/uploads\/2022\/10\/preview.jpg","type":"image\/jpeg"}],"twitter_card":"summary_large_image","twitter_misc":{"Dur\u00e9e de lecture estim\u00e9e":"7 minutes"},"schema":{"@context":"https:\/\/schema.org","@graph":[{"@type":"WebPage","@id":"https:\/\/lead-roedl.dk\/\/kontakt\/","url":"https:\/\/lead-roedl.dk\/\/kontakt\/","name":"[:da]Kontakt[:en]Contact[:de]Kontakt[:fr]Contact[:] - LEAD | R\u00d6DL","isPartOf":{"@id":"https:\/\/lead-roedl.dk\/#website"},"datePublished":"2015-09-30T09:01:53+00:00","dateModified":"2022-10-06T11:40:47+00:00","breadcrumb":{"@id":"https:\/\/lead-roedl.dk\/\/kontakt\/#breadcrumb"},"inLanguage":"fr-FR","potentialAction":[{"@type":"ReadAction","target":["https:\/\/lead-roedl.dk\/\/kontakt\/"]}]},{"@type":"BreadcrumbList","@id":"https:\/\/lead-roedl.dk\/\/kontakt\/#breadcrumb","itemListElement":[{"@type":"ListItem","position":1,"name":"Startseite","item":"https:\/\/lead-roedl.dk\/\/"},{"@type":"ListItem","position":2,"name":"Kontakt"}]},{"@type":"WebSite","@id":"https:\/\/lead-roedl.dk\/#website","url":"https:\/\/lead-roedl.dk\/","name":"LEAD | R\u00d6DL","description":"","publisher":{"@id":"https:\/\/lead-roedl.dk\/#organization"},"potentialAction":[{"@type":"SearchAction","target":{"@type":"EntryPoint","urlTemplate":"https:\/\/lead-roedl.dk\/?s={search_term_string}"},"query-input":{"@type":"PropertyValueSpecification","valueRequired":true,"valueName":"search_term_string"}}],"inLanguage":"fr-FR"},{"@type":"Organization","@id":"https:\/\/lead-roedl.dk\/#organization","name":"LEAD | R\u00d6DL","url":"https:\/\/lead-roedl.dk\/","logo":{"@type":"ImageObject","inLanguage":"fr-FR","@id":"https:\/\/lead-roedl.dk\/#\/schema\/logo\/image\/","url":"https:\/\/lead-roedl.dk\/\/wp-content\/uploads\/2018\/12\/LEAD_LOGO_GREEN.jpg","contentUrl":"https:\/\/lead-roedl.dk\/\/wp-content\/uploads\/2018\/12\/LEAD_LOGO_GREEN.jpg","width":499,"height":82,"caption":"LEAD | R\u00d6DL"},"image":{"@id":"https:\/\/lead-roedl.dk\/#\/schema\/logo\/image\/"},"sameAs":["https:\/\/www.linkedin.com\/in\/michael-skovgaard-christensen-3402612\/"]}]}},"_links":{"self":[{"href":"https:\/\/lead-roedl.dk\/fr\/wp-json\/wp\/v2\/pages\/217","targetHints":{"allow":["GET"]}}],"collection":[{"href":"https:\/\/lead-roedl.dk\/fr\/wp-json\/wp\/v2\/pages"}],"about":[{"href":"https:\/\/lead-roedl.dk\/fr\/wp-json\/wp\/v2\/types\/page"}],"author":[{"embeddable":true,"href":"https:\/\/lead-roedl.dk\/fr\/wp-json\/wp\/v2\/users\/1"}],"replies":[{"embeddable":true,"href":"https:\/\/lead-roedl.dk\/fr\/wp-json\/wp\/v2\/comments?post=217"}],"version-history":[{"count":71,"href":"https:\/\/lead-roedl.dk\/fr\/wp-json\/wp\/v2\/pages\/217\/revisions"}],"predecessor-version":[{"id":4508,"href":"https:\/\/lead-roedl.dk\/fr\/wp-json\/wp\/v2\/pages\/217\/revisions\/4508"}],"wp:attachment":[{"href":"https:\/\/lead-roedl.dk\/fr\/wp-json\/wp\/v2\/media?parent=217"}],"curies":[{"name":"wp","href":"https:\/\/api.w.org\/{rel}","templated":true}]}}