{"id":3395,"date":"2018-12-13T11:17:55","date_gmt":"2018-12-13T10:17:55","guid":{"rendered":"https:\/\/lead-roedl.dk\/?page_id=3395"},"modified":"2021-08-09T15:37:08","modified_gmt":"2021-08-09T13:37:08","slug":"cookie-policy","status":"publish","type":"page","link":"https:\/\/lead-roedl.dk\/fr\/cookie-policy\/","title":{"rendered":"Politque de gestion des cookies"},"content":{"rendered":"<div class=\"wpb-content-wrapper\"><p>[vc_row][vc_column][vc_column_text]<\/p>\n<h2><strong>POLITIQUE DE GESTION DES COOKIES<\/strong><\/h2>\n<p><strong>Acc\u00e8s, suppression et modification de vos donn\u00e9es personnelles<\/strong><\/p>\n<p>Vos donn\u00e9es \u00e0 caract\u00e8re personnel seront uniquement transmises \u00e0 des tiers si la loi l\u2019autorise, y compris aux fins d\u2019ex\u00e9cution du contrat, aux fins de facturation, \u00e0 des fins marketing ou si vous y avez consenti auparavant.<\/p>\n<p>Vous pouvez \u00e0 tout moment vous opposer \u00e0 l\u2019utilisation de vos donn\u00e9es \u00e0 caract\u00e8re personnel \u00e0 des fins publicitaires en tout ou en partie.<\/p>\n<p>Nous ne transmettrons pas vos donn\u00e9es personnelles sans votre consentement explicite.<\/p>\n<p>Si vous souhaitez modifier ou supprimer les donn\u00e9es personnelles que nous avons stock\u00e9es, veuillez nous contacter sur\u00a0:\u00a0<a href=\"mailto:info@lead-roedl.dk\">info@lead-roedl.dk<\/a>.<\/p>\n<p>Si vous ne souhaitez plus recevoir de newsletters \u00e0 l\u2019avenir, vous pouvez vous y opposer sur le lien suivant.<\/p>\n<p><strong>\u00a0<\/strong><strong>Que sont les cookies ?<\/strong><\/p>\n<p>Les cookies sont de fichiers conserv\u00e9s sur votre support de donn\u00e9es qui enregistrent certains param\u00e8tres et certaines donn\u00e9es pour permettre des \u00e9changes avec notre syst\u00e8me via votre navigateur.<\/p>\n<p>Les cookies ne contiennent ni donn\u00e9e personnelle en eux-m\u00eames ni virus.<\/p>\n<p>Nous utilisons des cookies pour nous assurer que vous pouvez utiliser toutes les fonctions techniques de notre site, telles que la newsletter et la fonction de \u00ab\u00a0commentaire\u00a0\u00bb.<\/p>\n<p><strong>\u00a0<\/strong><strong>Le but des cookies sur notre page Web<\/strong><\/p>\n<p>Les informations transmises par les cookies nous permettent d\u2019adapter notre site, nos offres et de faciliter votre utilisation en enregistrant, par exemple, certaines donn\u00e9es, vous \u00e9vitant ainsi d\u2019avoir \u00e0 les saisir \u00e0 plusieurs reprises.<\/p>\n<p>Nous utilisons des cookies afin de nous assurer que vous pouvez profiter de toutes les fonctions techniques du site, tels que la newsletter et les commentaires. Ils nous servent aussi \u00e0 r\u00e9colter des informations sur la fr\u00e9quentation du site et nous permettent de les faire analyser avec Google analytics. Vos donn\u00e9es personnelles ne sont pas collect\u00e9es et les cookies ne permettent pas de vous identifier (nom, adresse).<\/p>\n<p>Lead-roedl.dk utilise 3 types de first-party cookies, lesquels ne sont conserv\u00e9s sur votre ordinateur que jusqu\u2019\u00e0 la cl\u00f4ture de votre navigateur.<\/p>\n<p>Le but de ces cookies est de vous identifier en tant qu\u2019utilisateur et de se rappeler vos pr\u00e9f\u00e9rences d\u2019utilisation telles que la langue dans laquelle le site doit s\u2019afficher lorsque vous y naviguez. De plus, ils enregistrent le temps que vous avez pass\u00e9 sur notre site et les fonctions que vous utilis\u00e9es.<\/p>\n<p>Lead-roedl.dk utilise enfin 3 autres types de first-party cookies qui, eux, pourront rester conserv\u00e9s sur votre ordinateur entre 30 minutes et 2 ans. Ils enregistreront des informations li\u00e9es \u00e0 la localisation de votre adresse IP, les dates auxquelles vous aurez visiter notre site et le nombre de fois que vous l\u2019aurez visit\u00e9. Ces cookies enregistrent aussi la mani\u00e8re dont vous \u00eates arriv\u00e9s sur le site (i.e. gr\u00e2ce \u00e0 un moteur de recherche, via un lien, etc).<\/p>\n<p><strong>Comment supprimer ou bloquer les cookies?<\/strong><\/p>\n<p>La m\u00e9thode de suppression ou de blocage des cookies d\u00e9pend de votre navigateur et de votre ordinateur. Si vous utilisez un PC, vous devez appuyer sur [CTRL] [SHIFT] [SUPPRIMER] et suivre les instructions dans la fen\u00eatre apparue.<\/p>\n<p>Vous pouvez \u00e9galement suivre les instructions fournies sur ces pages Web, en fonction de votre navigateur:<\/p>\n<p><a href=\"https:\/\/support.microsoft.com\/en-us\/help\/17442\/windows-internet-explorer-delete-manage-cookies\">Internet Explorer<\/a><\/p>\n<p><a href=\"https:\/\/support.mozilla.org\/en-US\/kb\/clear-cookies-and-site-data-firefox?redirectlocale=en-US&amp;redirectslug=delete-cookies-remove-info-websites-stored\">Mozilla Firefox<\/a><\/p>\n<p><a href=\"https:\/\/support.google.com\/chrome\/answer\/95647?hl=en\">Google Chrome<\/a><\/p>\n<p><a href=\"https:\/\/help.opera.com\/en\/latest\/web-preferences\/#cookies\">Opera<\/a><\/p>\n<p><a href=\"https:\/\/support.apple.com\/en-us\/HT201265\">Safari<\/a><\/p>\n<p><a href=\"http:\/\/www.macromedia.com\/support\/documentation\/en\/flashplayer\/help\/settings_manager07.html\">Flash cookies<\/a><\/p>\n<p>&nbsp;<\/p>\n<p>[\/vc_column_text][vc_empty_space height=\u00a0\u00bb72px\u00a0\u00bb][\/vc_column][\/vc_row]<\/p>\n<\/div>","protected":false},"excerpt":{"rendered":"<p>[vc_row][vc_column][vc_column_text] POLITIQUE DE GESTION DES COOKIES Acc\u00e8s, suppression et modification de vos donn\u00e9es personnelles Vos donn\u00e9es \u00e0 caract\u00e8re personnel seront uniquement transmises \u00e0 des tiers si la loi l\u2019autorise, y compris aux fins d\u2019ex\u00e9cution du contrat, aux fins de facturation, \u00e0 des fins marketing ou si vous y avez consenti auparavant. Vous pouvez \u00e0 tout [&hellip;]<\/p>\n","protected":false},"author":1,"featured_media":0,"parent":0,"menu_order":0,"comment_status":"closed","ping_status":"closed","template":"","meta":{"footnotes":""},"class_list":["post-3395","page","type-page","status-publish","hentry"],"yoast_head":"<!-- This site is optimized with the Yoast SEO plugin v27.0 - https:\/\/yoast.com\/product\/yoast-seo-wordpress\/ -->\n<title>Politque de gestion des cookies - LEAD | R\u00d6DL<\/title>\n<meta name=\"robots\" content=\"index, follow, max-snippet:-1, max-image-preview:large, max-video-preview:-1\" \/>\n<link rel=\"canonical\" href=\"https:\/\/lead-roedl.dk\/\/de\/cookie-policy\/\" \/>\n<meta property=\"og:locale\" content=\"fr_FR\" \/>\n<meta property=\"og:type\" content=\"article\" \/>\n<meta property=\"og:title\" content=\"[:da]Cookiepolitik[:en]Cookie Policy[:de]Cookiepolitik[:fr]Politque de gestion des cookies[:] - LEAD | R\u00d6DL\" \/>\n<meta property=\"og:description\" content=\"[vc_row][vc_column][vc_column_text] POLITIQUE DE GESTION DES COOKIES Acc\u00e8s, suppression et modification de vos donn\u00e9es personnelles Vos donn\u00e9es \u00e0 caract\u00e8re personnel seront uniquement transmises \u00e0 des tiers si la loi l\u2019autorise, y compris aux fins d\u2019ex\u00e9cution du contrat, aux fins de facturation, \u00e0 des fins marketing ou si vous y avez consenti auparavant. Vous pouvez \u00e0 tout [&hellip;]\" \/>\n<meta property=\"og:url\" content=\"https:\/\/lead-roedl.dk\/\/de\/cookie-policy\/\" \/>\n<meta property=\"og:site_name\" content=\"LEAD | R\u00d6DL\" \/>\n<meta property=\"article:modified_time\" content=\"2021-08-09T13:37:08+00:00\" \/>\n<meta property=\"og:image\" content=\"https:\/\/lead-roedl.dk\/wp-content\/uploads\/2022\/10\/preview.jpg\" \/>\n\t<meta property=\"og:image:width\" content=\"1200\" \/>\n\t<meta property=\"og:image:height\" content=\"630\" \/>\n\t<meta property=\"og:image:type\" content=\"image\/jpeg\" \/>\n<meta name=\"twitter:card\" content=\"summary_large_image\" \/>\n<meta name=\"twitter:label1\" content=\"Dur\u00e9e de lecture estim\u00e9e\" \/>\n\t<meta name=\"twitter:data1\" content=\"8 minutes\" \/>\n<script type=\"application\/ld+json\" class=\"yoast-schema-graph\">{\"@context\":\"https:\/\/schema.org\",\"@graph\":[{\"@type\":\"WebPage\",\"@id\":\"https:\/\/lead-roedl.dk\/\/de\/cookie-policy\/\",\"url\":\"https:\/\/lead-roedl.dk\/\/de\/cookie-policy\/\",\"name\":\"[:da]Cookiepolitik[:en]Cookie Policy[:de]Cookiepolitik[:fr]Politque de gestion des cookies[:] - LEAD | R\u00d6DL\",\"isPartOf\":{\"@id\":\"https:\/\/lead-roedl.dk\/#website\"},\"datePublished\":\"2018-12-13T10:17:55+00:00\",\"dateModified\":\"2021-08-09T13:37:08+00:00\",\"breadcrumb\":{\"@id\":\"https:\/\/lead-roedl.dk\/\/de\/cookie-policy\/#breadcrumb\"},\"inLanguage\":\"fr-FR\",\"potentialAction\":[{\"@type\":\"ReadAction\",\"target\":[\"https:\/\/lead-roedl.dk\/\/de\/cookie-policy\/\"]}]},{\"@type\":\"BreadcrumbList\",\"@id\":\"https:\/\/lead-roedl.dk\/\/de\/cookie-policy\/#breadcrumb\",\"itemListElement\":[{\"@type\":\"ListItem\",\"position\":1,\"name\":\"Startseite\",\"item\":\"https:\/\/lead-roedl.dk\/\/\"},{\"@type\":\"ListItem\",\"position\":2,\"name\":\"Cookiepolitik\"}]},{\"@type\":\"WebSite\",\"@id\":\"https:\/\/lead-roedl.dk\/#website\",\"url\":\"https:\/\/lead-roedl.dk\/\",\"name\":\"LEAD | R\u00d6DL\",\"description\":\"\",\"publisher\":{\"@id\":\"https:\/\/lead-roedl.dk\/#organization\"},\"potentialAction\":[{\"@type\":\"SearchAction\",\"target\":{\"@type\":\"EntryPoint\",\"urlTemplate\":\"https:\/\/lead-roedl.dk\/?s={search_term_string}\"},\"query-input\":{\"@type\":\"PropertyValueSpecification\",\"valueRequired\":true,\"valueName\":\"search_term_string\"}}],\"inLanguage\":\"fr-FR\"},{\"@type\":\"Organization\",\"@id\":\"https:\/\/lead-roedl.dk\/#organization\",\"name\":\"LEAD | R\u00d6DL\",\"url\":\"https:\/\/lead-roedl.dk\/\",\"logo\":{\"@type\":\"ImageObject\",\"inLanguage\":\"fr-FR\",\"@id\":\"https:\/\/lead-roedl.dk\/#\/schema\/logo\/image\/\",\"url\":\"https:\/\/lead-roedl.dk\/\/wp-content\/uploads\/2018\/12\/LEAD_LOGO_GREEN.jpg\",\"contentUrl\":\"https:\/\/lead-roedl.dk\/\/wp-content\/uploads\/2018\/12\/LEAD_LOGO_GREEN.jpg\",\"width\":499,\"height\":82,\"caption\":\"LEAD | R\u00d6DL\"},\"image\":{\"@id\":\"https:\/\/lead-roedl.dk\/#\/schema\/logo\/image\/\"},\"sameAs\":[\"https:\/\/www.linkedin.com\/in\/michael-skovgaard-christensen-3402612\/\"]}]}<\/script>\n<!-- \/ Yoast SEO plugin. -->","yoast_head_json":{"title":"[:da]Cookiepolitik[:en]Cookie Policy[:de]Cookiepolitik[:fr]Politque de gestion des cookies[:] - LEAD | R\u00d6DL","robots":{"index":"index","follow":"follow","max-snippet":"max-snippet:-1","max-image-preview":"max-image-preview:large","max-video-preview":"max-video-preview:-1"},"canonical":"https:\/\/lead-roedl.dk\/\/de\/cookie-policy\/","og_locale":"fr_FR","og_type":"article","og_title":"[:da]Cookiepolitik[:en]Cookie Policy[:de]Cookiepolitik[:fr]Politque de gestion des cookies[:] - LEAD | R\u00d6DL","og_description":"[vc_row][vc_column][vc_column_text] POLITIQUE DE GESTION DES COOKIES Acc\u00e8s, suppression et modification de vos donn\u00e9es personnelles Vos donn\u00e9es \u00e0 caract\u00e8re personnel seront uniquement transmises \u00e0 des tiers si la loi l\u2019autorise, y compris aux fins d\u2019ex\u00e9cution du contrat, aux fins de facturation, \u00e0 des fins marketing ou si vous y avez consenti auparavant. Vous pouvez \u00e0 tout [&hellip;]","og_url":"https:\/\/lead-roedl.dk\/\/de\/cookie-policy\/","og_site_name":"LEAD | R\u00d6DL","article_modified_time":"2021-08-09T13:37:08+00:00","og_image":[{"width":1200,"height":630,"url":"https:\/\/lead-roedl.dk\/wp-content\/uploads\/2022\/10\/preview.jpg","type":"image\/jpeg"}],"twitter_card":"summary_large_image","twitter_misc":{"Dur\u00e9e de lecture estim\u00e9e":"8 minutes"},"schema":{"@context":"https:\/\/schema.org","@graph":[{"@type":"WebPage","@id":"https:\/\/lead-roedl.dk\/\/de\/cookie-policy\/","url":"https:\/\/lead-roedl.dk\/\/de\/cookie-policy\/","name":"[:da]Cookiepolitik[:en]Cookie Policy[:de]Cookiepolitik[:fr]Politque de gestion des cookies[:] - LEAD | R\u00d6DL","isPartOf":{"@id":"https:\/\/lead-roedl.dk\/#website"},"datePublished":"2018-12-13T10:17:55+00:00","dateModified":"2021-08-09T13:37:08+00:00","breadcrumb":{"@id":"https:\/\/lead-roedl.dk\/\/de\/cookie-policy\/#breadcrumb"},"inLanguage":"fr-FR","potentialAction":[{"@type":"ReadAction","target":["https:\/\/lead-roedl.dk\/\/de\/cookie-policy\/"]}]},{"@type":"BreadcrumbList","@id":"https:\/\/lead-roedl.dk\/\/de\/cookie-policy\/#breadcrumb","itemListElement":[{"@type":"ListItem","position":1,"name":"Startseite","item":"https:\/\/lead-roedl.dk\/\/"},{"@type":"ListItem","position":2,"name":"Cookiepolitik"}]},{"@type":"WebSite","@id":"https:\/\/lead-roedl.dk\/#website","url":"https:\/\/lead-roedl.dk\/","name":"LEAD | R\u00d6DL","description":"","publisher":{"@id":"https:\/\/lead-roedl.dk\/#organization"},"potentialAction":[{"@type":"SearchAction","target":{"@type":"EntryPoint","urlTemplate":"https:\/\/lead-roedl.dk\/?s={search_term_string}"},"query-input":{"@type":"PropertyValueSpecification","valueRequired":true,"valueName":"search_term_string"}}],"inLanguage":"fr-FR"},{"@type":"Organization","@id":"https:\/\/lead-roedl.dk\/#organization","name":"LEAD | R\u00d6DL","url":"https:\/\/lead-roedl.dk\/","logo":{"@type":"ImageObject","inLanguage":"fr-FR","@id":"https:\/\/lead-roedl.dk\/#\/schema\/logo\/image\/","url":"https:\/\/lead-roedl.dk\/\/wp-content\/uploads\/2018\/12\/LEAD_LOGO_GREEN.jpg","contentUrl":"https:\/\/lead-roedl.dk\/\/wp-content\/uploads\/2018\/12\/LEAD_LOGO_GREEN.jpg","width":499,"height":82,"caption":"LEAD | R\u00d6DL"},"image":{"@id":"https:\/\/lead-roedl.dk\/#\/schema\/logo\/image\/"},"sameAs":["https:\/\/www.linkedin.com\/in\/michael-skovgaard-christensen-3402612\/"]}]}},"_links":{"self":[{"href":"https:\/\/lead-roedl.dk\/fr\/wp-json\/wp\/v2\/pages\/3395","targetHints":{"allow":["GET"]}}],"collection":[{"href":"https:\/\/lead-roedl.dk\/fr\/wp-json\/wp\/v2\/pages"}],"about":[{"href":"https:\/\/lead-roedl.dk\/fr\/wp-json\/wp\/v2\/types\/page"}],"author":[{"embeddable":true,"href":"https:\/\/lead-roedl.dk\/fr\/wp-json\/wp\/v2\/users\/1"}],"replies":[{"embeddable":true,"href":"https:\/\/lead-roedl.dk\/fr\/wp-json\/wp\/v2\/comments?post=3395"}],"version-history":[{"count":27,"href":"https:\/\/lead-roedl.dk\/fr\/wp-json\/wp\/v2\/pages\/3395\/revisions"}],"predecessor-version":[{"id":4329,"href":"https:\/\/lead-roedl.dk\/fr\/wp-json\/wp\/v2\/pages\/3395\/revisions\/4329"}],"wp:attachment":[{"href":"https:\/\/lead-roedl.dk\/fr\/wp-json\/wp\/v2\/media?parent=3395"}],"curies":[{"name":"wp","href":"https:\/\/api.w.org\/{rel}","templated":true}]}}