{"id":3399,"date":"2018-12-13T11:19:15","date_gmt":"2018-12-13T10:19:15","guid":{"rendered":"https:\/\/lead-roedl.dk\/?page_id=3399"},"modified":"2024-12-18T10:16:21","modified_gmt":"2024-12-18T09:16:21","slug":"english-privacy-policy","status":"publish","type":"page","link":"https:\/\/lead-roedl.dk\/fr\/english-privacy-policy\/","title":{"rendered":"Privacy Policy"},"content":{"rendered":"<div class=\"wpb-content-wrapper\"><p>[vc_row][vc_column][vc_column_text]<\/p>\n<h2><strong>PRIVACY POLICY<br \/>\n<\/strong><\/h2>\n<p><strong>\u00a0<\/strong><\/p>\n<h4><strong>1. Introduction<\/strong><\/h4>\n<p>Privacy and data protection is important to us, and therefore this Privacy Policy will explain how we manage the personal data we obtain from our clients, and persons whom the clients\u2019 matters pertain to.<\/p>\n<p>When LEAD | R\u00d6DL processes personal data, LEAD | R\u00d6DL is a personal data controller. Therefore, LEAD | R\u00d6DL determines the purpose and means for processing the personal data and bears the responsibility under applicable data protection regulations.<\/p>\n<p>&nbsp;<\/p>\n<h4><strong>2. <\/strong><strong>LEAD | R\u00d6DL\u2019s contact information:<\/strong><\/h4>\n<p>The legal entity responsible as a data controller for the processing of your personal data is:<\/p>\n<p><strong>LEAD ADVOKATPARTNERSELSKAB<\/strong><\/p>\n<p><strong>CVR-no.<\/strong> \u00a0\u00a0\u00a0\u00a0\u00a0 32 32 14 88<\/p>\n<p><strong>Phone<\/strong>\u00a0\u00a0\u00a0\u00a0\u00a0\u00a0\u00a0\u00a0\u00a0\u00a0 +45 4445 5000<\/p>\n<p><strong>E-mail<\/strong>\u00a0\u00a0\u00a0\u00a0\u00a0\u00a0\u00a0\u00a0\u00a0\u00a0 <a href=\"mailto:info@lead-roedl.dk\">info@lead-roedl.dk<\/a><\/p>\n<p><strong>Address<\/strong>\u00a0 \u00a0 \u00a0 Store Kongensgade 40 H, 2. Sal, DK-1264 K\u00f8benhavn K<\/p>\n<p>&nbsp;<\/p>\n<p>If you have any questions concerning LEAD | R\u00d6DL\u2019s processing of personal data, please contact us at the above-mentioned e-mail address.<\/p>\n<p>&nbsp;<\/p>\n<h4><strong>3. Description of processing<\/strong><\/h4>\n<p>Below, we have described what types of personal data we process, the purpose, and the legal grounds upon which we base the processing. Company information is not subject to the General Data Protection Regulation (GDPR).<\/p>\n<p>&nbsp;<\/p>\n<h5>(1)<\/h5>\n<p><strong>Personal data:<\/strong><\/p>\n<p><em>&#8211; Contact information 1:<\/em><\/p>\n<p>&#8211; Full name<\/p>\n<p>&#8211; E-mail address<\/p>\n<p><strong>\u00a0<\/strong><\/p>\n<p><strong>Purpose:<\/strong><\/p>\n<p>&#8211; Registering companies as clients and contact persons at the client company.<\/p>\n<p>&#8211; Registering natural persons as clients.<\/p>\n<p>&#8211; Invoicing our clients.<\/p>\n<p>&#8211; Complying with bookkeeping legislation.<\/p>\n<p>&nbsp;<\/p>\n<p><strong>Legal ground:<\/strong><\/p>\n<p>&#8211; Fulfilment of a contractual obligation.<\/p>\n<p>&#8211; Complying with a legal obligation.<\/p>\n<p>&nbsp;<\/p>\n<hr \/>\n<h5>(2)<\/h5>\n<p><strong>Personal data:<\/strong><\/p>\n<p><em>Contact information 2:<\/em><\/p>\n<p>&#8211; Full name<\/p>\n<p>&#8211; E-mail address<\/p>\n<p>&#8211; Street address<\/p>\n<p>&#8211; Personal identification no.<\/p>\n<p><strong>\u00a0<\/strong><\/p>\n<p><strong>Purpose:<\/strong><\/p>\n<p>&#8211; To ensure that there is no conflict of interest.<\/p>\n<p>&#8211; Invoicing our clients.<\/p>\n<p>&#8211; Complying with bookkeeping legislation.<\/p>\n<p>&nbsp;<\/p>\n<p><strong>Legal ground:<\/strong><\/p>\n<p>&#8211; The processing is necessary in order to enter into a contract, which the person has requested.<\/p>\n<p>&#8211; Fulfilment of a contractual obligation.<\/p>\n<p>&#8211; Complying with a legal obligation.<\/p>\n<p>&nbsp;<\/p>\n<hr \/>\n<h5>(3)<\/h5>\n<p><strong>Personal data<\/strong><\/p>\n<p><em>Information according to the Danish Money Laundering Act (hvidvaskloven) (DMLA):<\/em><\/p>\n<p>&#8211; Identity information such as name, personal identification no. etc.<\/p>\n<p>&#8211; A copy of the passport, or other similar document that can be used for identification and passport no.<\/p>\n<p>&#8211; An assessment if the person is a politically exposed person.<\/p>\n<p>&nbsp;<\/p>\n<p><strong>Purpose:<\/strong><\/p>\n<p>&#8211; Complying with the DMLA legislation.<\/p>\n<p><strong>\u00a0<\/strong><\/p>\n<p><strong>Legal ground:<\/strong><\/p>\n<p>&#8211; Complying with a legal obligation.<\/p>\n<p>&nbsp;<\/p>\n<hr \/>\n<h5>(4)<\/h5>\n<p><strong>Personal data:<\/strong><\/p>\n<p><em>Information in connection with legal matters:<\/em><\/p>\n<p><em>Given the nature of a law firm\u2019s activities, it is not possible to provide an exhaustive list of types of personal data that will be processed. Below are some examples:<\/em><\/p>\n<p>&#8211; Contact information<\/p>\n<p>&#8211; Meeting notes etc.<\/p>\n<p>&#8211; Mentions of persons in (drafting) documents.<\/p>\n<p>&#8211; Other information that is required when handling the client\u2019s case.<\/p>\n<p><strong>\u00a0<\/strong><\/p>\n<p><strong>Purpose:<\/strong><\/p>\n<p>&#8211; A necessary step in order to enter into a contract, which the client has requested.<\/p>\n<p>&#8211; To handle the client\u2019s matter according to the client\u2019s instructions, and in accordance with the ethics rules provided by the Danish Bar and Law Society.<\/p>\n<p><strong>\u00a0<\/strong><\/p>\n<p><strong>Legal ground:<\/strong><\/p>\n<p><em>Regular personal data:<\/em><\/p>\n<p>&#8211; Fulfilment of a contractual obligation<\/p>\n<p>&#8211; Complying with a legal obligation<\/p>\n<p>&nbsp;<\/p>\n<p>Depending on the circumstances, we will process sensitive personal data relating to criminal offenses or other sensitive categories of personal data, if necessary for establishing, exercising or defending legal affairs, cf. Section 8, item 3 and 4 of the Danish Data Protection Act (databeskyttelsesloven).<\/p>\n<p>&nbsp;<\/p>\n<hr \/>\n<h5>(5)<\/h5>\n<p><strong>Personal data:<\/strong><\/p>\n<p><em>When signing up to our courses \u2013 contact information 3:<\/em><\/p>\n<p>&#8211; Name<\/p>\n<p>&#8211; Company<\/p>\n<p>&#8211; Position<\/p>\n<p>&#8211; E-mail address<\/p>\n<p>&#8211; Telephone number<\/p>\n<p>&#8211; Street address<\/p>\n<p><strong>\u00a0<\/strong><\/p>\n<p><strong>Purpose:<\/strong><\/p>\n<p>&#8211; We may use this information in regard to our courses, if we need to contact you about cancellation, change of place, change of time etc.<\/p>\n<p>&#8211; We may use this information for direct marketing of other relevant courses<\/p>\n<p>&nbsp;<\/p>\n<p><strong>Legal ground:<\/strong><\/p>\n<p>&#8211; The processing is necessary for the purposes of the legitimate interests pursued by the controller<\/p>\n<p>&nbsp;<\/p>\n<p>LEAD | R\u00d6DL collects data from yourself with your prior consent. As a result, you can always choose, if you wish to give us the information, however LEAD | R\u00d6DL cannot provide its services unless the requested contact information and information according to the Danish Money Laundering Act are provided. You have the right to withdraw you consent at any time, but please note that this can have negative effects of your contract with LEAD | R\u00d6DL. Furthermore, you should note that if you withdraw your consent, the withdrawal will not affect our processing and disclosure prior to the withdrawal of your consent.<\/p>\n<p>At times LEAD | R\u00d6DL may obtain your contact information through publicly accessible sources, your employer, your counter-party etc. In this case you still have the rights as described in point 7. This information may be processed without your prior consent to provide our services to our clients.<\/p>\n<p><strong>\u00a0<\/strong><\/p>\n<h4><strong>4. Recipients<\/strong><\/h4>\n<p>We will treat your data as confidential and we will not unnecessarily disclose it to third parties, However, if necessary, the personal data may be transferred to the following categories of recipients:<\/p>\n<ul>\n<li>Courts, similar judicial entities and\/or authorities.<\/li>\n<li>Other authorities, such as SKAT (the Danish Tax Authorities).<\/li>\n<li>Recipients whom LEAD | R\u00d6DL has been directed by the client to transfer information to.<\/li>\n<li>Companies that provide services, upon which, LEAD | R\u00d6DL relies for its core activities (such as digital infrastructure).<\/li>\n<\/ul>\n<p>&nbsp;<\/p>\n<h4><strong>5. Transfer to third countries<\/strong><\/h4>\n<p>LEAD | R\u00d6DL will not transfer your personal data to third countries (countries outside of the EU\/EEA), unless this is necessary to carry out the assignment given by a client. If so is the case, and there is no decision from the EU Commission that the country, which the personal data will be transferred to, provides adequate data protection legislation to ensure the safety of the personal data, LEAD | R\u00d6DL will use relevant safeguards to ensure the safety of the personal data.<\/p>\n<p>&nbsp;<\/p>\n<h4><strong>6. Storage and deletion of personal data<\/strong><\/h4>\n<p>LEAD | R\u00d6DL stores all client related information as well as personal data, for as long as there are legitimate purposes. There is no general duration of this storage, but we base our assessment on i.e. the guidance from the Danish Bar and Law society about this issue, which as a main rule can entail storage for up to ten (10) years, after completion of the relevant assignment. Special legislation, including the Danish Bookkeeping Act, the Danish Money Laundering Act, and the Danish Limitation Act, may entail an obligation for us to store data for an extended period. If the data is anonymized, we may also process and store it for a longer time. The personal data collected by us according to the Danish Money Laundering Act is stored for five (5) years after the end of the client relationship and is then deleted.<\/p>\n<p><strong>\u00a0<\/strong><\/p>\n<h4><strong>\u00a0<\/strong><strong>7. Your rights<\/strong><\/h4>\n<p>LEAD | R\u00d6DL is a law firm and is therefore subject to rules of professional secrecy. This means that LEAD | R\u00d6DL is not allowed to disclose information relating to the clients\u2019 matters to anyone but the client.<\/p>\n<p>The rights that a person has in regards of their personal data are not absolute, meaning that certain criteria must be at hand for the right to be exercised. Also, there are exceptions to some of the rights. LEAD | R\u00d6DL will accommodate request to the extent that LEAD | R\u00d6DL is obliged under the data protection regulations, and that doing so it not contrary to the interest of LEAD | R\u00d6DL\u2019s clients.<\/p>\n<p>A person has the following rights regarding their personal data:<\/p>\n<p><strong>&#8211; Access:<\/strong> you have the right to information about the processing, access to the personal data in question and the right to obtain a copy of it.<\/p>\n<p>&nbsp;<\/p>\n<p><strong>&#8211; Rectification:<\/strong> LEAD | R\u00d6DL must correct the personal data if it is incorrect.<\/p>\n<p>&nbsp;<\/p>\n<p><strong>&#8211; Deletion:<\/strong> LEAD | R\u00d6DL must erase the personal data in certain circumstances, such as if there is no purpose for processing it any longer.<\/p>\n<p>&nbsp;<\/p>\n<p><strong>&#8211; Object to processing:<\/strong> you have the right to object to LEAD | R\u00d6DL\u2019s processing of personal data.<\/p>\n<p>&nbsp;<\/p>\n<p><strong>&#8211; Restriction of the processing:<\/strong> you have the right to have LEAD | R\u00d6DL restrict the processing of personal data (not to erase it).<\/p>\n<p>&nbsp;<\/p>\n<p><strong>&#8211; Data portability:<\/strong> if you want LEAD | R\u00d6DL to transfer the personal data to another personal data controller, LEAD | R\u00d6DL must accommodate this request.<\/p>\n<p>&nbsp;<\/p>\n<p>If you wish to exercise any of your abovementioned rights regarding your personal data, please contact <u><a href=\"mailto:info@lead-roedl.dk\">info@lead-roedl.dk<\/a> <\/u>with the subject \u201cPrivacy Policy\u201d. Such rights may be subject to conditions or restrictions. Accordingly, there is no certainty that you will be entitled to exercise the right, as it will depend on the circumstances.<\/p>\n<p>You are welcome to contact us on the above-mentioned e-mail, if you disagree with the way or the purposes for which we process your personal data. You may also lodge a complaint at the supervisory authority, if you believe that LEAD | R\u00d6DL\u2019s processing of personal data infringes applicable data protection regulations. The supervisory authority in Denmark is Datatilsynet.<\/p>\n<p>&nbsp;<\/p>\n<p>The Danish Data Protection Agency<\/p>\n<p>Borgergade 28, 5<sup>th<\/sup> floor<\/p>\n<p>1300 Copenhagen<\/p>\n<p>Denmark<\/p>\n<p>T: +45 3319 3200<\/p>\n<p>E-mail: <a href=\"mailto:dt@datatilsynet.dk\">dt@datatilsynet.dk<\/a><\/p>\n<p>If you are not based in Denmark, you may contact the supervisory authority that is relevant to you.<\/p>\n<p>&nbsp;<\/p>\n<p><em>Updated December 2018<\/em>[\/vc_column_text][\/vc_column][\/vc_row]<\/p>\n<\/div>","protected":false},"excerpt":{"rendered":"<p>[vc_row][vc_column][vc_column_text] PRIVACY POLICY \u00a0 1. Introduction Privacy and data protection is important to us, and therefore this Privacy Policy will explain how we manage the personal data we obtain from our clients, and persons whom the clients\u2019 matters pertain to. When LEAD | R\u00d6DL processes personal data, LEAD | R\u00d6DL is a personal data controller. [&hellip;]<\/p>\n","protected":false},"author":1,"featured_media":0,"parent":0,"menu_order":0,"comment_status":"closed","ping_status":"closed","template":"","meta":{"footnotes":""},"class_list":["post-3399","page","type-page","status-publish","hentry"],"yoast_head":"<!-- This site is optimized with the Yoast SEO plugin v27.3 - https:\/\/yoast.com\/product\/yoast-seo-wordpress\/ -->\n<title>Privacy Policy - LEAD | R\u00d6DL<\/title>\n<meta name=\"robots\" content=\"index, follow, max-snippet:-1, max-image-preview:large, max-video-preview:-1\" \/>\n<link rel=\"canonical\" href=\"https:\/\/lead-roedl.dk\/\/english-privacy-policy\/\" \/>\n<meta property=\"og:locale\" content=\"fr_FR\" \/>\n<meta property=\"og:type\" content=\"article\" \/>\n<meta property=\"og:title\" content=\"[:da]Privatlivspolitik[:en]Privacy Policy[:de]Privacy Policy[:fr]Privacy Policy[:] - LEAD | R\u00d6DL\" \/>\n<meta property=\"og:description\" content=\"[vc_row][vc_column][vc_column_text] PRIVACY POLICY \u00a0 1. Introduction Privacy and data protection is important to us, and therefore this Privacy Policy will explain how we manage the personal data we obtain from our clients, and persons whom the clients\u2019 matters pertain to. When LEAD | R\u00d6DL processes personal data, LEAD | R\u00d6DL is a personal data controller. [&hellip;]\" \/>\n<meta property=\"og:url\" content=\"https:\/\/lead-roedl.dk\/\/english-privacy-policy\/\" \/>\n<meta property=\"og:site_name\" content=\"LEAD | R\u00d6DL\" \/>\n<meta property=\"article:modified_time\" content=\"2024-12-18T09:16:21+00:00\" \/>\n<meta property=\"og:image\" content=\"https:\/\/lead-roedl.dk\/wp-content\/uploads\/2022\/10\/preview.jpg\" \/>\n\t<meta property=\"og:image:width\" content=\"1200\" \/>\n\t<meta property=\"og:image:height\" content=\"630\" \/>\n\t<meta property=\"og:image:type\" content=\"image\/jpeg\" \/>\n<meta name=\"twitter:card\" content=\"summary_large_image\" \/>\n<meta name=\"twitter:label1\" content=\"Dur\u00e9e de lecture estim\u00e9e\" \/>\n\t<meta name=\"twitter:data1\" content=\"8 minutes\" \/>\n<script type=\"application\/ld+json\" class=\"yoast-schema-graph\">{\"@context\":\"https:\\\/\\\/schema.org\",\"@graph\":[{\"@type\":\"WebPage\",\"@id\":\"https:\\\/\\\/lead-roedl.dk\\\/\\\/english-privacy-policy\\\/\",\"url\":\"https:\\\/\\\/lead-roedl.dk\\\/\\\/english-privacy-policy\\\/\",\"name\":\"[:da]Privatlivspolitik[:en]Privacy Policy[:de]Privacy Policy[:fr]Privacy Policy[:] - LEAD | R\u00d6DL\",\"isPartOf\":{\"@id\":\"https:\\\/\\\/lead-roedl.dk\\\/#website\"},\"datePublished\":\"2018-12-13T10:19:15+00:00\",\"dateModified\":\"2024-12-18T09:16:21+00:00\",\"breadcrumb\":{\"@id\":\"https:\\\/\\\/lead-roedl.dk\\\/\\\/english-privacy-policy\\\/#breadcrumb\"},\"inLanguage\":\"fr-FR\",\"potentialAction\":[{\"@type\":\"ReadAction\",\"target\":[\"https:\\\/\\\/lead-roedl.dk\\\/\\\/english-privacy-policy\\\/\"]}]},{\"@type\":\"BreadcrumbList\",\"@id\":\"https:\\\/\\\/lead-roedl.dk\\\/\\\/english-privacy-policy\\\/#breadcrumb\",\"itemListElement\":[{\"@type\":\"ListItem\",\"position\":1,\"name\":\"Startseite\",\"item\":\"https:\\\/\\\/lead-roedl.dk\\\/\\\/\"},{\"@type\":\"ListItem\",\"position\":2,\"name\":\"Privatlivspolitik\"}]},{\"@type\":\"WebSite\",\"@id\":\"https:\\\/\\\/lead-roedl.dk\\\/#website\",\"url\":\"https:\\\/\\\/lead-roedl.dk\\\/\",\"name\":\"LEAD | R\u00d6DL\",\"description\":\"\",\"publisher\":{\"@id\":\"https:\\\/\\\/lead-roedl.dk\\\/#organization\"},\"potentialAction\":[{\"@type\":\"SearchAction\",\"target\":{\"@type\":\"EntryPoint\",\"urlTemplate\":\"https:\\\/\\\/lead-roedl.dk\\\/?s={search_term_string}\"},\"query-input\":{\"@type\":\"PropertyValueSpecification\",\"valueRequired\":true,\"valueName\":\"search_term_string\"}}],\"inLanguage\":\"fr-FR\"},{\"@type\":\"Organization\",\"@id\":\"https:\\\/\\\/lead-roedl.dk\\\/#organization\",\"name\":\"LEAD | R\u00d6DL\",\"url\":\"https:\\\/\\\/lead-roedl.dk\\\/\",\"logo\":{\"@type\":\"ImageObject\",\"inLanguage\":\"fr-FR\",\"@id\":\"https:\\\/\\\/lead-roedl.dk\\\/#\\\/schema\\\/logo\\\/image\\\/\",\"url\":\"https:\\\/\\\/lead-roedl.dk\\\/\\\/wp-content\\\/uploads\\\/2018\\\/12\\\/LEAD_LOGO_GREEN.jpg\",\"contentUrl\":\"https:\\\/\\\/lead-roedl.dk\\\/\\\/wp-content\\\/uploads\\\/2018\\\/12\\\/LEAD_LOGO_GREEN.jpg\",\"width\":499,\"height\":82,\"caption\":\"LEAD | R\u00d6DL\"},\"image\":{\"@id\":\"https:\\\/\\\/lead-roedl.dk\\\/#\\\/schema\\\/logo\\\/image\\\/\"},\"sameAs\":[\"https:\\\/\\\/www.linkedin.com\\\/in\\\/michael-skovgaard-christensen-3402612\\\/\"]}]}<\/script>\n<!-- \/ Yoast SEO plugin. -->","yoast_head_json":{"title":"[:da]Privatlivspolitik[:en]Privacy Policy[:de]Privacy Policy[:fr]Privacy Policy[:] - LEAD | R\u00d6DL","robots":{"index":"index","follow":"follow","max-snippet":"max-snippet:-1","max-image-preview":"max-image-preview:large","max-video-preview":"max-video-preview:-1"},"canonical":"https:\/\/lead-roedl.dk\/\/english-privacy-policy\/","og_locale":"fr_FR","og_type":"article","og_title":"[:da]Privatlivspolitik[:en]Privacy Policy[:de]Privacy Policy[:fr]Privacy Policy[:] - LEAD | R\u00d6DL","og_description":"[vc_row][vc_column][vc_column_text] PRIVACY POLICY \u00a0 1. Introduction Privacy and data protection is important to us, and therefore this Privacy Policy will explain how we manage the personal data we obtain from our clients, and persons whom the clients\u2019 matters pertain to. When LEAD | R\u00d6DL processes personal data, LEAD | R\u00d6DL is a personal data controller. [&hellip;]","og_url":"https:\/\/lead-roedl.dk\/\/english-privacy-policy\/","og_site_name":"LEAD | R\u00d6DL","article_modified_time":"2024-12-18T09:16:21+00:00","og_image":[{"width":1200,"height":630,"url":"https:\/\/lead-roedl.dk\/wp-content\/uploads\/2022\/10\/preview.jpg","type":"image\/jpeg"}],"twitter_card":"summary_large_image","twitter_misc":{"Dur\u00e9e de lecture estim\u00e9e":"8 minutes"},"schema":{"@context":"https:\/\/schema.org","@graph":[{"@type":"WebPage","@id":"https:\/\/lead-roedl.dk\/\/english-privacy-policy\/","url":"https:\/\/lead-roedl.dk\/\/english-privacy-policy\/","name":"[:da]Privatlivspolitik[:en]Privacy Policy[:de]Privacy Policy[:fr]Privacy Policy[:] - LEAD | R\u00d6DL","isPartOf":{"@id":"https:\/\/lead-roedl.dk\/#website"},"datePublished":"2018-12-13T10:19:15+00:00","dateModified":"2024-12-18T09:16:21+00:00","breadcrumb":{"@id":"https:\/\/lead-roedl.dk\/\/english-privacy-policy\/#breadcrumb"},"inLanguage":"fr-FR","potentialAction":[{"@type":"ReadAction","target":["https:\/\/lead-roedl.dk\/\/english-privacy-policy\/"]}]},{"@type":"BreadcrumbList","@id":"https:\/\/lead-roedl.dk\/\/english-privacy-policy\/#breadcrumb","itemListElement":[{"@type":"ListItem","position":1,"name":"Startseite","item":"https:\/\/lead-roedl.dk\/\/"},{"@type":"ListItem","position":2,"name":"Privatlivspolitik"}]},{"@type":"WebSite","@id":"https:\/\/lead-roedl.dk\/#website","url":"https:\/\/lead-roedl.dk\/","name":"LEAD | R\u00d6DL","description":"","publisher":{"@id":"https:\/\/lead-roedl.dk\/#organization"},"potentialAction":[{"@type":"SearchAction","target":{"@type":"EntryPoint","urlTemplate":"https:\/\/lead-roedl.dk\/?s={search_term_string}"},"query-input":{"@type":"PropertyValueSpecification","valueRequired":true,"valueName":"search_term_string"}}],"inLanguage":"fr-FR"},{"@type":"Organization","@id":"https:\/\/lead-roedl.dk\/#organization","name":"LEAD | R\u00d6DL","url":"https:\/\/lead-roedl.dk\/","logo":{"@type":"ImageObject","inLanguage":"fr-FR","@id":"https:\/\/lead-roedl.dk\/#\/schema\/logo\/image\/","url":"https:\/\/lead-roedl.dk\/\/wp-content\/uploads\/2018\/12\/LEAD_LOGO_GREEN.jpg","contentUrl":"https:\/\/lead-roedl.dk\/\/wp-content\/uploads\/2018\/12\/LEAD_LOGO_GREEN.jpg","width":499,"height":82,"caption":"LEAD | R\u00d6DL"},"image":{"@id":"https:\/\/lead-roedl.dk\/#\/schema\/logo\/image\/"},"sameAs":["https:\/\/www.linkedin.com\/in\/michael-skovgaard-christensen-3402612\/"]}]}},"_links":{"self":[{"href":"https:\/\/lead-roedl.dk\/fr\/wp-json\/wp\/v2\/pages\/3399","targetHints":{"allow":["GET"]}}],"collection":[{"href":"https:\/\/lead-roedl.dk\/fr\/wp-json\/wp\/v2\/pages"}],"about":[{"href":"https:\/\/lead-roedl.dk\/fr\/wp-json\/wp\/v2\/types\/page"}],"author":[{"embeddable":true,"href":"https:\/\/lead-roedl.dk\/fr\/wp-json\/wp\/v2\/users\/1"}],"replies":[{"embeddable":true,"href":"https:\/\/lead-roedl.dk\/fr\/wp-json\/wp\/v2\/comments?post=3399"}],"version-history":[{"count":25,"href":"https:\/\/lead-roedl.dk\/fr\/wp-json\/wp\/v2\/pages\/3399\/revisions"}],"predecessor-version":[{"id":5039,"href":"https:\/\/lead-roedl.dk\/fr\/wp-json\/wp\/v2\/pages\/3399\/revisions\/5039"}],"wp:attachment":[{"href":"https:\/\/lead-roedl.dk\/fr\/wp-json\/wp\/v2\/media?parent=3399"}],"curies":[{"name":"wp","href":"https:\/\/api.w.org\/{rel}","templated":true}]}}