{"id":3401,"date":"2018-12-13T11:19:34","date_gmt":"2018-12-13T10:19:34","guid":{"rendered":"https:\/\/lead-roedl.dk\/?page_id=3401"},"modified":"2021-01-11T16:23:28","modified_gmt":"2021-01-11T15:23:28","slug":"english-legal-notice-disclaimer","status":"publish","type":"page","link":"https:\/\/lead-roedl.dk\/fr\/english-legal-notice-disclaimer\/","title":{"rendered":"Imformations Clients"},"content":{"rendered":"<div class=\"wpb-content-wrapper\"><p>[vc_row][vc_column][vc_column_text]<\/p>\n<h2><strong>INFORMATIONS CLIENTS<br \/>\n<\/strong><\/h2>\n<p>Le Conseil des Avocats au Danemark (Advokatr\u00e5det) a \u00e9labor\u00e9 un ensemble de r\u00e8gles d\u00e9ontologiques r\u00e9gissant l\u2019exercice de la profession d\u2019avocat.<\/p>\n<p>Les r\u00e8gles d\u00e9ontologiques comprennent dans le paragraphe 3.3 une obligation pour l\u2019avocat de donner \u00e0 ses clients des informations suivantes:<\/p>\n<p><strong>LEAD Advokatpartnerselskab<\/strong><br \/>\nStore Kongensgade 40 H, 2. Sal<br \/>\nDK-1264 K\u00f8benhavn K<\/p>\n<p>CVR-nummer: 32321488<br \/>\nTlf. +45 44455000<br \/>\nFax +45 44455001<br \/>\n<a href=\"mailto:info@lead-roedl.dk\">info@lead-roedl.dk<\/a><\/p>\n<p>LEAD Advokatpartnerselskab est une soci\u00e9t\u00e9 de participation de droit danois constitu\u00e9e selon les dispositions du chapitre 21 de la loi sur les soci\u00e9t\u00e9s.<\/p>\n<p>Les avocats associ\u00e9s ou employ\u00e9s chez LEAD Advokatpartnerselskab disposent tous d\u2019une autorisation donn\u00e9e par le Ministre de la Justice au Danemark et sont tous inscrits au barreau du Danemark. Dans la mesure o\u00f9 nous employons des avocats \u00e9trangers, ceux-ci sont inscrits au barreau sous leur titre d\u2019origine.<\/p>\n<p>Tous les avocats chez LEAD ont souscrit l\u2019assurance de responsabilit\u00e9 professionnelle requise par la l\u00e9gislation danoise lors de l\u2019exercice de la profession d\u2019avocat. L\u2019assurance de responsabilit\u00e9 professionnelle couvre les avocats de LEAD mondialement. L&rsquo;assurance professionnelle est souscrite aupr\u00e8s de HDI-Gerling Forsikring, Indiakaj 6, 1., DK-2100 Copenhague.<\/p>\n<p>Les conditions de LEAD Advokatpartnerselskab applicables dans les relations contractuelles avec les clients sont publi\u00e9es sur le pr\u00e9sent site web.<\/p>\n<p>LEAD Advokatpartnerselskab peut \u00eatre amen\u00e9 \u00e0 collaborer avec des avocats externes, si le client le souhaite. Dans ce cas, LEAD informe le client des mesures mises en oeuvre pour \u00e9viter les conflits d\u2019int\u00e9r\u00eats.<\/p>\n<p>Les avocats chez LEAD Advokatpartnerselskab sont soumis aux r\u00e8gles de discipline et de surveillance du barreau ainsi qu\u2019aux r\u00e8gles sur la bonne pratique de la profession d\u2019avocat pr\u00e9vues par l\u2019article 126 du code de proc\u00e9dure civile et p\u00e9nale.<\/p>\n<p>Nous renvoyons au site web du Barreau du Danemark pour plus d\u2019informations.[\/vc_column_text][vc_empty_space height=\u00a0\u00bb72px\u00a0\u00bb][\/vc_column][\/vc_row]<\/p>\n<\/div>","protected":false},"excerpt":{"rendered":"<p>[vc_row][vc_column][vc_column_text] INFORMATIONS CLIENTS Le Conseil des Avocats au Danemark (Advokatr\u00e5det) a \u00e9labor\u00e9 un ensemble de r\u00e8gles d\u00e9ontologiques r\u00e9gissant l\u2019exercice de la profession d\u2019avocat. Les r\u00e8gles d\u00e9ontologiques comprennent dans le paragraphe 3.3 une obligation pour l\u2019avocat de donner \u00e0 ses clients des informations suivantes: LEAD Advokatpartnerselskab Store Kongensgade 40 H, 2. Sal DK-1264 K\u00f8benhavn K CVR-nummer: [&hellip;]<\/p>\n","protected":false},"author":1,"featured_media":0,"parent":0,"menu_order":0,"comment_status":"closed","ping_status":"closed","template":"","meta":{"footnotes":""},"class_list":["post-3401","page","type-page","status-publish","hentry"],"yoast_head":"<!-- This site is optimized with the Yoast SEO plugin v27.3 - https:\/\/yoast.com\/product\/yoast-seo-wordpress\/ -->\n<title>Imformations Clients - LEAD | R\u00d6DL<\/title>\n<meta name=\"robots\" content=\"index, follow, max-snippet:-1, max-image-preview:large, max-video-preview:-1\" \/>\n<link rel=\"canonical\" href=\"https:\/\/lead-roedl.dk\/\/en\/english-legal-notice-disclaimer\/\" \/>\n<meta property=\"og:locale\" content=\"fr_FR\" \/>\n<meta property=\"og:type\" content=\"article\" \/>\n<meta property=\"og:title\" content=\"[:da]Klientoplysninger[:en]Legal notice &amp; Disclaimer[:de]Impressum[:fr]Imformations Clients[:] - LEAD | R\u00d6DL\" \/>\n<meta property=\"og:description\" content=\"[vc_row][vc_column][vc_column_text] INFORMATIONS CLIENTS Le Conseil des Avocats au Danemark (Advokatr\u00e5det) a \u00e9labor\u00e9 un ensemble de r\u00e8gles d\u00e9ontologiques r\u00e9gissant l\u2019exercice de la profession d\u2019avocat. Les r\u00e8gles d\u00e9ontologiques comprennent dans le paragraphe 3.3 une obligation pour l\u2019avocat de donner \u00e0 ses clients des informations suivantes: LEAD Advokatpartnerselskab Store Kongensgade 40 H, 2. Sal DK-1264 K\u00f8benhavn K CVR-nummer: [&hellip;]\" \/>\n<meta property=\"og:url\" content=\"https:\/\/lead-roedl.dk\/\/en\/english-legal-notice-disclaimer\/\" \/>\n<meta property=\"og:site_name\" content=\"LEAD | R\u00d6DL\" \/>\n<meta property=\"article:modified_time\" content=\"2021-01-11T15:23:28+00:00\" \/>\n<meta property=\"og:image\" content=\"https:\/\/lead-roedl.dk\/wp-content\/uploads\/2022\/10\/preview.jpg\" \/>\n\t<meta property=\"og:image:width\" content=\"1200\" \/>\n\t<meta property=\"og:image:height\" content=\"630\" \/>\n\t<meta property=\"og:image:type\" content=\"image\/jpeg\" \/>\n<meta name=\"twitter:card\" content=\"summary_large_image\" \/>\n<meta name=\"twitter:label1\" content=\"Dur\u00e9e de lecture estim\u00e9e\" \/>\n\t<meta name=\"twitter:data1\" content=\"6 minutes\" \/>\n<script type=\"application\/ld+json\" class=\"yoast-schema-graph\">{\"@context\":\"https:\\\/\\\/schema.org\",\"@graph\":[{\"@type\":\"WebPage\",\"@id\":\"https:\\\/\\\/lead-roedl.dk\\\/\\\/en\\\/english-legal-notice-disclaimer\\\/\",\"url\":\"https:\\\/\\\/lead-roedl.dk\\\/\\\/en\\\/english-legal-notice-disclaimer\\\/\",\"name\":\"[:da]Klientoplysninger[:en]Legal notice & Disclaimer[:de]Impressum[:fr]Imformations Clients[:] - LEAD | R\u00d6DL\",\"isPartOf\":{\"@id\":\"https:\\\/\\\/lead-roedl.dk\\\/#website\"},\"datePublished\":\"2018-12-13T10:19:34+00:00\",\"dateModified\":\"2021-01-11T15:23:28+00:00\",\"breadcrumb\":{\"@id\":\"https:\\\/\\\/lead-roedl.dk\\\/\\\/en\\\/english-legal-notice-disclaimer\\\/#breadcrumb\"},\"inLanguage\":\"fr-FR\",\"potentialAction\":[{\"@type\":\"ReadAction\",\"target\":[\"https:\\\/\\\/lead-roedl.dk\\\/\\\/en\\\/english-legal-notice-disclaimer\\\/\"]}]},{\"@type\":\"BreadcrumbList\",\"@id\":\"https:\\\/\\\/lead-roedl.dk\\\/\\\/en\\\/english-legal-notice-disclaimer\\\/#breadcrumb\",\"itemListElement\":[{\"@type\":\"ListItem\",\"position\":1,\"name\":\"Startseite\",\"item\":\"https:\\\/\\\/lead-roedl.dk\\\/\\\/\"},{\"@type\":\"ListItem\",\"position\":2,\"name\":\"Legal notice &#038; Disclaimer\"}]},{\"@type\":\"WebSite\",\"@id\":\"https:\\\/\\\/lead-roedl.dk\\\/#website\",\"url\":\"https:\\\/\\\/lead-roedl.dk\\\/\",\"name\":\"LEAD | R\u00d6DL\",\"description\":\"\",\"publisher\":{\"@id\":\"https:\\\/\\\/lead-roedl.dk\\\/#organization\"},\"potentialAction\":[{\"@type\":\"SearchAction\",\"target\":{\"@type\":\"EntryPoint\",\"urlTemplate\":\"https:\\\/\\\/lead-roedl.dk\\\/?s={search_term_string}\"},\"query-input\":{\"@type\":\"PropertyValueSpecification\",\"valueRequired\":true,\"valueName\":\"search_term_string\"}}],\"inLanguage\":\"fr-FR\"},{\"@type\":\"Organization\",\"@id\":\"https:\\\/\\\/lead-roedl.dk\\\/#organization\",\"name\":\"LEAD | R\u00d6DL\",\"url\":\"https:\\\/\\\/lead-roedl.dk\\\/\",\"logo\":{\"@type\":\"ImageObject\",\"inLanguage\":\"fr-FR\",\"@id\":\"https:\\\/\\\/lead-roedl.dk\\\/#\\\/schema\\\/logo\\\/image\\\/\",\"url\":\"https:\\\/\\\/lead-roedl.dk\\\/\\\/wp-content\\\/uploads\\\/2018\\\/12\\\/LEAD_LOGO_GREEN.jpg\",\"contentUrl\":\"https:\\\/\\\/lead-roedl.dk\\\/\\\/wp-content\\\/uploads\\\/2018\\\/12\\\/LEAD_LOGO_GREEN.jpg\",\"width\":499,\"height\":82,\"caption\":\"LEAD | R\u00d6DL\"},\"image\":{\"@id\":\"https:\\\/\\\/lead-roedl.dk\\\/#\\\/schema\\\/logo\\\/image\\\/\"},\"sameAs\":[\"https:\\\/\\\/www.linkedin.com\\\/in\\\/michael-skovgaard-christensen-3402612\\\/\"]}]}<\/script>\n<!-- \/ Yoast SEO plugin. -->","yoast_head_json":{"title":"[:da]Klientoplysninger[:en]Legal notice & Disclaimer[:de]Impressum[:fr]Imformations Clients[:] - LEAD | R\u00d6DL","robots":{"index":"index","follow":"follow","max-snippet":"max-snippet:-1","max-image-preview":"max-image-preview:large","max-video-preview":"max-video-preview:-1"},"canonical":"https:\/\/lead-roedl.dk\/\/en\/english-legal-notice-disclaimer\/","og_locale":"fr_FR","og_type":"article","og_title":"[:da]Klientoplysninger[:en]Legal notice & Disclaimer[:de]Impressum[:fr]Imformations Clients[:] - LEAD | R\u00d6DL","og_description":"[vc_row][vc_column][vc_column_text] INFORMATIONS CLIENTS Le Conseil des Avocats au Danemark (Advokatr\u00e5det) a \u00e9labor\u00e9 un ensemble de r\u00e8gles d\u00e9ontologiques r\u00e9gissant l\u2019exercice de la profession d\u2019avocat. Les r\u00e8gles d\u00e9ontologiques comprennent dans le paragraphe 3.3 une obligation pour l\u2019avocat de donner \u00e0 ses clients des informations suivantes: LEAD Advokatpartnerselskab Store Kongensgade 40 H, 2. Sal DK-1264 K\u00f8benhavn K CVR-nummer: [&hellip;]","og_url":"https:\/\/lead-roedl.dk\/\/en\/english-legal-notice-disclaimer\/","og_site_name":"LEAD | R\u00d6DL","article_modified_time":"2021-01-11T15:23:28+00:00","og_image":[{"width":1200,"height":630,"url":"https:\/\/lead-roedl.dk\/wp-content\/uploads\/2022\/10\/preview.jpg","type":"image\/jpeg"}],"twitter_card":"summary_large_image","twitter_misc":{"Dur\u00e9e de lecture estim\u00e9e":"6 minutes"},"schema":{"@context":"https:\/\/schema.org","@graph":[{"@type":"WebPage","@id":"https:\/\/lead-roedl.dk\/\/en\/english-legal-notice-disclaimer\/","url":"https:\/\/lead-roedl.dk\/\/en\/english-legal-notice-disclaimer\/","name":"[:da]Klientoplysninger[:en]Legal notice & Disclaimer[:de]Impressum[:fr]Imformations Clients[:] - LEAD | R\u00d6DL","isPartOf":{"@id":"https:\/\/lead-roedl.dk\/#website"},"datePublished":"2018-12-13T10:19:34+00:00","dateModified":"2021-01-11T15:23:28+00:00","breadcrumb":{"@id":"https:\/\/lead-roedl.dk\/\/en\/english-legal-notice-disclaimer\/#breadcrumb"},"inLanguage":"fr-FR","potentialAction":[{"@type":"ReadAction","target":["https:\/\/lead-roedl.dk\/\/en\/english-legal-notice-disclaimer\/"]}]},{"@type":"BreadcrumbList","@id":"https:\/\/lead-roedl.dk\/\/en\/english-legal-notice-disclaimer\/#breadcrumb","itemListElement":[{"@type":"ListItem","position":1,"name":"Startseite","item":"https:\/\/lead-roedl.dk\/\/"},{"@type":"ListItem","position":2,"name":"Legal notice &#038; Disclaimer"}]},{"@type":"WebSite","@id":"https:\/\/lead-roedl.dk\/#website","url":"https:\/\/lead-roedl.dk\/","name":"LEAD | R\u00d6DL","description":"","publisher":{"@id":"https:\/\/lead-roedl.dk\/#organization"},"potentialAction":[{"@type":"SearchAction","target":{"@type":"EntryPoint","urlTemplate":"https:\/\/lead-roedl.dk\/?s={search_term_string}"},"query-input":{"@type":"PropertyValueSpecification","valueRequired":true,"valueName":"search_term_string"}}],"inLanguage":"fr-FR"},{"@type":"Organization","@id":"https:\/\/lead-roedl.dk\/#organization","name":"LEAD | R\u00d6DL","url":"https:\/\/lead-roedl.dk\/","logo":{"@type":"ImageObject","inLanguage":"fr-FR","@id":"https:\/\/lead-roedl.dk\/#\/schema\/logo\/image\/","url":"https:\/\/lead-roedl.dk\/\/wp-content\/uploads\/2018\/12\/LEAD_LOGO_GREEN.jpg","contentUrl":"https:\/\/lead-roedl.dk\/\/wp-content\/uploads\/2018\/12\/LEAD_LOGO_GREEN.jpg","width":499,"height":82,"caption":"LEAD | R\u00d6DL"},"image":{"@id":"https:\/\/lead-roedl.dk\/#\/schema\/logo\/image\/"},"sameAs":["https:\/\/www.linkedin.com\/in\/michael-skovgaard-christensen-3402612\/"]}]}},"_links":{"self":[{"href":"https:\/\/lead-roedl.dk\/fr\/wp-json\/wp\/v2\/pages\/3401","targetHints":{"allow":["GET"]}}],"collection":[{"href":"https:\/\/lead-roedl.dk\/fr\/wp-json\/wp\/v2\/pages"}],"about":[{"href":"https:\/\/lead-roedl.dk\/fr\/wp-json\/wp\/v2\/types\/page"}],"author":[{"embeddable":true,"href":"https:\/\/lead-roedl.dk\/fr\/wp-json\/wp\/v2\/users\/1"}],"replies":[{"embeddable":true,"href":"https:\/\/lead-roedl.dk\/fr\/wp-json\/wp\/v2\/comments?post=3401"}],"version-history":[{"count":7,"href":"https:\/\/lead-roedl.dk\/fr\/wp-json\/wp\/v2\/pages\/3401\/revisions"}],"predecessor-version":[{"id":4285,"href":"https:\/\/lead-roedl.dk\/fr\/wp-json\/wp\/v2\/pages\/3401\/revisions\/4285"}],"wp:attachment":[{"href":"https:\/\/lead-roedl.dk\/fr\/wp-json\/wp\/v2\/media?parent=3401"}],"curies":[{"name":"wp","href":"https:\/\/api.w.org\/{rel}","templated":true}]}}