{"id":708,"date":"2015-10-09T08:06:20","date_gmt":"2015-10-09T06:06:20","guid":{"rendered":"http:\/\/tn.joomexp.com\/wordpress\/wp-trust\/?page_id=708"},"modified":"2025-11-27T13:44:59","modified_gmt":"2025-11-27T12:44:59","slug":"om-os","status":"publish","type":"page","link":"https:\/\/lead-roedl.dk\/fr\/om-os\/","title":{"rendered":"A propos de nous"},"content":{"rendered":"<div class=\"wpb-content-wrapper\"><p>[vc_row 0=\u00a0\u00bb\u00a0\u00bb][vc_column 0=\u00a0\u00bb\u00a0\u00bb][vc_empty_space height=\u00a0\u00bb70 px\u00a0\u00bb][vc_column_text css_animation=\u00a0\u00bbslideInLeft\u00a0\u00bb css=\u00a0\u00bb\u00a0\u00bb]<\/p>\n<h5>LEAD | R\u00d6DL n\u2019est pas un cabinet d&rsquo;avocats danois comme les autres. Nous sommes bien plus.<\/h5>\n<h5>LEAD | R\u00d6DL est un cabinet multiculturel qui poss\u00e8de \u00e0 la fois des capacit\u00e9s linguistiques et une compr\u00e9hension culturelle de sa client\u00e8le vari\u00e9e et internationale. Cela nous permet de r\u00e9pondre pr\u00e9cis\u00e9ment aux besoins de nos clients, tout en maintenant des standards professionnels \u00e9lev\u00e9s.<\/h5>\n<h5>Depuis la cr\u00e9ation de LEAD en 2011, la demande a augment\u00e9 de mani\u00e8re exponentielle. En 2017, LEAD a conclu un partenariat avec la soci\u00e9t\u00e9 allemande LEAD | R\u00d6DL. LEAD | R\u00d6DL dispose d\u00e9sormais d&rsquo;un r\u00e9seau de 111 bureaux dans plus de 50 pays, ce qui se refl\u00e8te dans notre client\u00e8le mondiale.<\/h5>\n<p>[\/vc_column_text][\/vc_column][\/vc_row][vc_row 0=\u00a0\u00bb\u00a0\u00bb][vc_column 0=\u00a0\u00bb\u00a0\u00bb][vc_empty_space height=\u00a0\u00bb70 px\u00a0\u00bb][vc_row_inner 0=\u00a0\u00bb\u00a0\u00bb][vc_column_inner width=\u00a0\u00bb1\/3&Prime;][cms_fancybox_single title_item=\u00a0\u00bbVision\u00a0\u00bb button_type=\u00a0\u00bbtext\u00a0\u00bb button_link=\u00a0\u00bb\u00a0\u00bb cms_fancybox_order_box=\u00a0\u00bb01&Prime; description_item=\u00a0\u00bbNous voulons que vous jouiez \u00e0 l\u2019ext\u00e9rieur en ayant le sentiment de jouer sur votre propre terrain; qu\u2019ensemble nous trouvions la solution qui vous corresponde. Nous sommes donc les partenaires privil\u00e9gi\u00e9s de nos clients danois et internationaux.\u00a0\u00bb cms_template=\u00a0\u00bbcms_fancybox_single.php\u00a0\u00bb][\/vc_column_inner][vc_column_inner width=\u00a0\u00bb1\/3&Prime;][cms_fancybox_single title_item=\u00a0\u00bbMission\u00a0\u00bb button_type=\u00a0\u00bbtext\u00a0\u00bb button_link=\u00a0\u00bb\u00a0\u00bb cms_fancybox_order_box=\u00a0\u00bb02&Prime; description_item=\u00a0\u00bbNotre mission est simple : \u00ab Team, Trust with a touch of Tradition \u00bb &#8211; Travail d\u2019\u00e9quipe, Totale confiance avec une Touche de tradition.\u00a0\u00bb cms_template=\u00a0\u00bbcms_fancybox_single.php\u00a0\u00bb][\/vc_column_inner][vc_column_inner width=\u00a0\u00bb1\/3&Prime;][cms_fancybox_single title_item=\u00a0\u00bbContact personnel\u00a0\u00bb button_type=\u00a0\u00bbtext\u00a0\u00bb button_link=\u00a0\u00bb\u00a0\u00bb cms_fancybox_order_box=\u00a0\u00bb03&Prime; description_item=\u00a0\u00bbNous nous effor\u00e7ons de fournir des conseils valorisants pour votre entreprise. Communication et transparence sont au centre des relations avec nos clients.\u00a0\u00bb cms_template=\u00a0\u00bbcms_fancybox_single.php\u00a0\u00bb][\/vc_column_inner][\/vc_row_inner][vc_empty_space height=\u00a0\u00bb84px\u00a0\u00bb][\/vc_column][\/vc_row][vc_row full_width=\u00a0\u00bbstretch_row\u00a0\u00bb parallax=\u00a0\u00bbcontent-moving\u00a0\u00bb background_overlay_color=\u00a0\u00bbyes\u00a0\u00bb row_overlay_color=\u00a0\u00bbrgba(27,26,26,0.85)\u00a0\u00bb][vc_column 0=\u00a0\u00bb\u00a0\u00bb][vc_empty_space height=\u00a0\u00bb130px\u00a0\u00bb][cms_carousel xsmall_items=\u00a0\u00bb1&Prime; small_items=\u00a0\u00bb1&Prime; medium_items=\u00a0\u00bb1&Prime; large_items=\u00a0\u00bb1&Prime; margin=\u00a0\u00bb0&Prime; nav=\u00a0\u00bbfalse\u00a0\u00bb dots=\u00a0\u00bbfalse\u00a0\u00bb autoplay=\u00a0\u00bbfalse\u00a0\u00bb description_color=\u00a0\u00bb#ffffff\u00a0\u00bb source=\u00a0\u00bbsize:3|order_by:date|post_type:testimonials|remove_query:52&Prime; cms_template=\u00a0\u00bbcms_carousel&#8211;layout-teatimonial3.php\u00a0\u00bb][vc_empty_space height=\u00a0\u00bb130px\u00a0\u00bb][\/vc_column][\/vc_row][vc_row 0=\u00a0\u00bb\u00a0\u00bb][vc_column 0=\u00a0\u00bb\u00a0\u00bb][vc_empty_space height=\u00a0\u00bb86px\u00a0\u00bb][cms_heading hd_title=\u00a0\u00bbInformations pratiques\u00a0\u00bb cms_template=\u00a0\u00bbcms_heading&#8211;layout10.php\u00a0\u00bb][\/vc_column][\/vc_row][vc_row 0=\u00a0\u00bb\u00a0\u00bb][vc_column width=\u00a0\u00bb1\/4&Prime;][cms_cta cta_text=\u00a0\u00bbINFORMATIONS CLIENTS\u00a0\u00bb cta_text_color=\u00a0\u00bb#000000&Prime; button_text=\u00a0\u00bbVOIR PLUS\u00a0\u00bb link_button=\u00a0\u00bbhttps:\/\/lead-roedl.dk\/\/fr\/english-legal-notice-disclaimer\/\u00a0\u00bb icon_fontawesome=\u00a0\u00bbfa fa-user\u00a0\u00bb button_style=\u00a0\u00bbbtn-primary\u00a0\u00bb button_size=\u00a0\u00bbbtn-lg\u00a0\u00bb button_align=\u00a0\u00bbcta-bottom\u00a0\u00bb][vc_empty_space height=\u00a0\u00bb86px\u00a0\u00bb][\/vc_column][vc_column width=\u00a0\u00bb1\/4&Prime;][cms_cta cta_text=\u00a0\u00bbCARRI\u00c8RE\u00a0\u00bb cta_text_color=\u00a0\u00bb#000000&Prime; button_text=\u00a0\u00bbVOIR PLUS\u00a0\u00bb link_button=\u00a0\u00bbhttps:\/\/lead-roedl.dk\/\/fr\/karriere\/\u00a0\u00bb icon_fontawesome=\u00a0\u00bbfa fa-heart\u00a0\u00bb button_style=\u00a0\u00bbbtn-primary\u00a0\u00bb button_size=\u00a0\u00bbbtn-lg\u00a0\u00bb button_align=\u00a0\u00bbcta-bottom\u00a0\u00bb][vc_empty_space height=\u00a0\u00bb86px\u00a0\u00bb][\/vc_column][vc_column width=\u00a0\u00bb1\/4&Prime;][cms_cta cta_text=\u00a0\u00bbCONDITIONS D&rsquo;UTILISATION\u00a0\u00bb cta_text_color=\u00a0\u00bb#000000&Prime; button_text=\u00a0\u00bbVOIR PLUS\u00a0\u00bb link_button=\u00a0\u00bbhttps:\/\/lead-roedl.dk\/\/fr\/terms-of-business\/\u00a0\u00bb icon_fontawesome=\u00a0\u00bbfa fa-paragraph\u00a0\u00bb button_style=\u00a0\u00bbbtn-primary\u00a0\u00bb button_size=\u00a0\u00bbbtn-lg\u00a0\u00bb button_align=\u00a0\u00bbcta-bottom\u00a0\u00bb][vc_empty_space height=\u00a0\u00bb86px\u00a0\u00bb][\/vc_column][vc_column width=\u00a0\u00bb1\/4&Prime;][cms_cta cta_text=\u00a0\u00bbPOLITIQUE DE GESTION DES COOKIE\u00a0\u00bb cta_text_color=\u00a0\u00bb#000000&Prime; button_text=\u00a0\u00bbVOIR PLUS\u00a0\u00bb link_button=\u00a0\u00bbhttps:\/\/lead-roedl.dk\/\/fr\/cookie-policy\/\u00a0\u00bb icon_fontawesome=\u00a0\u00bbfa fa-folder-open\u00a0\u00bb button_style=\u00a0\u00bbbtn-primary\u00a0\u00bb button_size=\u00a0\u00bbbtn-lg\u00a0\u00bb button_align=\u00a0\u00bbcta-bottom\u00a0\u00bb][vc_empty_space height=\u00a0\u00bb86px\u00a0\u00bb][\/vc_column][\/vc_row][vc_row full_width=\u00a0\u00bbstretch_row\u00a0\u00bb css=\u00a0\u00bb.vc_custom_1499860618361{background-color: #f9f9f9 !important;}\u00a0\u00bb][vc_column 0=\u00a0\u00bb\u00a0\u00bb][vc_empty_space height=\u00a0\u00bb86px\u00a0\u00bb][cms_heading hd_title=\u00a0\u00bbAvocats\u00a0\u00bb hd_description=\u00a0\u00bbNous avons l\u2019ambition d\u2019\u00eatre le partenaire juridique privil\u00e9gi\u00e9 des entreprises danoises et \u00e9trang\u00e8res, car votre entreprise doit, elle aussi, avoir une longueur d&rsquo;avance. D\u00e9couvrez ici l&rsquo;\u00e9quipe portant cette vision:\u00a0\u00bb hd_view_text=\u00a0\u00bbRencontrez l&rsquo;\u00e9quipe ici\u00a0\u00bb hd_view_link=\u00a0\u00bbhttps:\/\/lead-roedl.dk\/\/fr\/medarbejdere\/\u00a0\u00bb cms_template=\u00a0\u00bbcms_heading.php\u00a0\u00bb][vc_empty_space height=\u00a0\u00bb40px\u00a0\u00bb][cms_carousel xsmall_items=\u00a0\u00bb1&Prime; small_items=\u00a0\u00bb2&Prime; medium_items=\u00a0\u00bb3&Prime; large_items=\u00a0\u00bb4&Prime; margin=\u00a0\u00bb30&Prime; nav=\u00a0\u00bbfalse\u00a0\u00bb dots=\u00a0\u00bbfalse\u00a0\u00bb autoplay=\u00a0\u00bbfalse\u00a0\u00bb source=\u00a0\u00bbsize:4|order_by:ID|order:DESC|post_type:attorneys\u00a0\u00bb cms_template=\u00a0\u00bbcms_carousel&#8211;layout-attorneys1.php\u00a0\u00bb][vc_empty_space height=\u00a0\u00bb61px\u00a0\u00bb][\/vc_column][\/vc_row]<\/p>\n<\/div>","protected":false},"excerpt":{"rendered":"<p>[vc_row 0=\u00a0\u00bb\u00a0\u00bb][vc_column 0=\u00a0\u00bb\u00a0\u00bb][vc_empty_space height=\u00a0\u00bb70 px\u00a0\u00bb][vc_column_text css_animation=\u00a0\u00bbslideInLeft\u00a0\u00bb css=\u00a0\u00bb\u00a0\u00bb] LEAD | R\u00d6DL n\u2019est pas un cabinet d&rsquo;avocats danois comme les autres. Nous sommes bien plus. LEAD | R\u00d6DL est un cabinet multiculturel qui poss\u00e8de \u00e0 la fois des capacit\u00e9s linguistiques et une compr\u00e9hension culturelle de sa client\u00e8le vari\u00e9e et internationale. Cela nous permet de r\u00e9pondre pr\u00e9cis\u00e9ment aux [&hellip;]<\/p>\n","protected":false},"author":1,"featured_media":0,"parent":0,"menu_order":0,"comment_status":"closed","ping_status":"closed","template":"","meta":{"footnotes":""},"class_list":["post-708","page","type-page","status-publish","hentry"],"yoast_head":"<!-- This site is optimized with the Yoast SEO plugin v27.3 - https:\/\/yoast.com\/product\/yoast-seo-wordpress\/ -->\n<title>A propos de nous - LEAD | R\u00d6DL<\/title>\n<meta name=\"robots\" content=\"index, follow, max-snippet:-1, max-image-preview:large, max-video-preview:-1\" \/>\n<link rel=\"canonical\" href=\"https:\/\/lead-roedl.dk\/\/om-os\/\" \/>\n<meta property=\"og:locale\" content=\"fr_FR\" \/>\n<meta property=\"og:type\" content=\"article\" \/>\n<meta property=\"og:title\" content=\"[:da]Om os[:en]About us[:de]\u00dcber uns[:fr]A propos de nous[:] - LEAD | R\u00d6DL\" \/>\n<meta property=\"og:description\" content=\"[vc_row 0=\u00a0\u00bb\u00a0\u00bb][vc_column 0=\u00a0\u00bb\u00a0\u00bb][vc_empty_space height=\u00a0\u00bb70 px\u00a0\u00bb][vc_column_text css_animation=\u00a0\u00bbslideInLeft\u00a0\u00bb css=\u00a0\u00bb\u00a0\u00bb] LEAD | R\u00d6DL n\u2019est pas un cabinet d&rsquo;avocats danois comme les autres. Nous sommes bien plus. LEAD | R\u00d6DL est un cabinet multiculturel qui poss\u00e8de \u00e0 la fois des capacit\u00e9s linguistiques et une compr\u00e9hension culturelle de sa client\u00e8le vari\u00e9e et internationale. Cela nous permet de r\u00e9pondre pr\u00e9cis\u00e9ment aux [&hellip;]\" \/>\n<meta property=\"og:url\" content=\"https:\/\/lead-roedl.dk\/\/om-os\/\" \/>\n<meta property=\"og:site_name\" content=\"LEAD | R\u00d6DL\" \/>\n<meta property=\"article:modified_time\" content=\"2025-11-27T12:44:59+00:00\" \/>\n<meta property=\"og:image\" content=\"https:\/\/lead-roedl.dk\/wp-content\/uploads\/2022\/10\/preview.jpg\" \/>\n\t<meta property=\"og:image:width\" content=\"1200\" \/>\n\t<meta property=\"og:image:height\" content=\"630\" \/>\n\t<meta property=\"og:image:type\" content=\"image\/jpeg\" \/>\n<meta name=\"twitter:card\" content=\"summary_large_image\" \/>\n<meta name=\"twitter:label1\" content=\"Dur\u00e9e de lecture estim\u00e9e\" \/>\n\t<meta name=\"twitter:data1\" content=\"2 minutes\" \/>\n<script type=\"application\/ld+json\" class=\"yoast-schema-graph\">{\"@context\":\"https:\\\/\\\/schema.org\",\"@graph\":[{\"@type\":\"WebPage\",\"@id\":\"https:\\\/\\\/lead-roedl.dk\\\/\\\/om-os\\\/\",\"url\":\"https:\\\/\\\/lead-roedl.dk\\\/\\\/om-os\\\/\",\"name\":\"[:da]Om os[:en]About us[:de]\u00dcber uns[:fr]A propos de nous[:] - LEAD | R\u00d6DL\",\"isPartOf\":{\"@id\":\"https:\\\/\\\/lead-roedl.dk\\\/#website\"},\"datePublished\":\"2015-10-09T06:06:20+00:00\",\"dateModified\":\"2025-11-27T12:44:59+00:00\",\"breadcrumb\":{\"@id\":\"https:\\\/\\\/lead-roedl.dk\\\/\\\/om-os\\\/#breadcrumb\"},\"inLanguage\":\"fr-FR\",\"potentialAction\":[{\"@type\":\"ReadAction\",\"target\":[\"https:\\\/\\\/lead-roedl.dk\\\/\\\/om-os\\\/\"]}]},{\"@type\":\"BreadcrumbList\",\"@id\":\"https:\\\/\\\/lead-roedl.dk\\\/\\\/om-os\\\/#breadcrumb\",\"itemListElement\":[{\"@type\":\"ListItem\",\"position\":1,\"name\":\"Startseite\",\"item\":\"https:\\\/\\\/lead-roedl.dk\\\/\\\/\"},{\"@type\":\"ListItem\",\"position\":2,\"name\":\"Om os\"}]},{\"@type\":\"WebSite\",\"@id\":\"https:\\\/\\\/lead-roedl.dk\\\/#website\",\"url\":\"https:\\\/\\\/lead-roedl.dk\\\/\",\"name\":\"LEAD | R\u00d6DL\",\"description\":\"\",\"publisher\":{\"@id\":\"https:\\\/\\\/lead-roedl.dk\\\/#organization\"},\"potentialAction\":[{\"@type\":\"SearchAction\",\"target\":{\"@type\":\"EntryPoint\",\"urlTemplate\":\"https:\\\/\\\/lead-roedl.dk\\\/?s={search_term_string}\"},\"query-input\":{\"@type\":\"PropertyValueSpecification\",\"valueRequired\":true,\"valueName\":\"search_term_string\"}}],\"inLanguage\":\"fr-FR\"},{\"@type\":\"Organization\",\"@id\":\"https:\\\/\\\/lead-roedl.dk\\\/#organization\",\"name\":\"LEAD | R\u00d6DL\",\"url\":\"https:\\\/\\\/lead-roedl.dk\\\/\",\"logo\":{\"@type\":\"ImageObject\",\"inLanguage\":\"fr-FR\",\"@id\":\"https:\\\/\\\/lead-roedl.dk\\\/#\\\/schema\\\/logo\\\/image\\\/\",\"url\":\"https:\\\/\\\/lead-roedl.dk\\\/\\\/wp-content\\\/uploads\\\/2018\\\/12\\\/LEAD_LOGO_GREEN.jpg\",\"contentUrl\":\"https:\\\/\\\/lead-roedl.dk\\\/\\\/wp-content\\\/uploads\\\/2018\\\/12\\\/LEAD_LOGO_GREEN.jpg\",\"width\":499,\"height\":82,\"caption\":\"LEAD | R\u00d6DL\"},\"image\":{\"@id\":\"https:\\\/\\\/lead-roedl.dk\\\/#\\\/schema\\\/logo\\\/image\\\/\"},\"sameAs\":[\"https:\\\/\\\/www.linkedin.com\\\/in\\\/michael-skovgaard-christensen-3402612\\\/\"]}]}<\/script>\n<!-- \/ Yoast SEO plugin. -->","yoast_head_json":{"title":"[:da]Om os[:en]About us[:de]\u00dcber uns[:fr]A propos de nous[:] - LEAD | R\u00d6DL","robots":{"index":"index","follow":"follow","max-snippet":"max-snippet:-1","max-image-preview":"max-image-preview:large","max-video-preview":"max-video-preview:-1"},"canonical":"https:\/\/lead-roedl.dk\/\/om-os\/","og_locale":"fr_FR","og_type":"article","og_title":"[:da]Om os[:en]About us[:de]\u00dcber uns[:fr]A propos de nous[:] - LEAD | R\u00d6DL","og_description":"[vc_row 0=\u00a0\u00bb\u00a0\u00bb][vc_column 0=\u00a0\u00bb\u00a0\u00bb][vc_empty_space height=\u00a0\u00bb70 px\u00a0\u00bb][vc_column_text css_animation=\u00a0\u00bbslideInLeft\u00a0\u00bb css=\u00a0\u00bb\u00a0\u00bb] LEAD | R\u00d6DL n\u2019est pas un cabinet d&rsquo;avocats danois comme les autres. Nous sommes bien plus. LEAD | R\u00d6DL est un cabinet multiculturel qui poss\u00e8de \u00e0 la fois des capacit\u00e9s linguistiques et une compr\u00e9hension culturelle de sa client\u00e8le vari\u00e9e et internationale. Cela nous permet de r\u00e9pondre pr\u00e9cis\u00e9ment aux [&hellip;]","og_url":"https:\/\/lead-roedl.dk\/\/om-os\/","og_site_name":"LEAD | R\u00d6DL","article_modified_time":"2025-11-27T12:44:59+00:00","og_image":[{"width":1200,"height":630,"url":"https:\/\/lead-roedl.dk\/wp-content\/uploads\/2022\/10\/preview.jpg","type":"image\/jpeg"}],"twitter_card":"summary_large_image","twitter_misc":{"Dur\u00e9e de lecture estim\u00e9e":"2 minutes"},"schema":{"@context":"https:\/\/schema.org","@graph":[{"@type":"WebPage","@id":"https:\/\/lead-roedl.dk\/\/om-os\/","url":"https:\/\/lead-roedl.dk\/\/om-os\/","name":"[:da]Om os[:en]About us[:de]\u00dcber uns[:fr]A propos de nous[:] - LEAD | R\u00d6DL","isPartOf":{"@id":"https:\/\/lead-roedl.dk\/#website"},"datePublished":"2015-10-09T06:06:20+00:00","dateModified":"2025-11-27T12:44:59+00:00","breadcrumb":{"@id":"https:\/\/lead-roedl.dk\/\/om-os\/#breadcrumb"},"inLanguage":"fr-FR","potentialAction":[{"@type":"ReadAction","target":["https:\/\/lead-roedl.dk\/\/om-os\/"]}]},{"@type":"BreadcrumbList","@id":"https:\/\/lead-roedl.dk\/\/om-os\/#breadcrumb","itemListElement":[{"@type":"ListItem","position":1,"name":"Startseite","item":"https:\/\/lead-roedl.dk\/\/"},{"@type":"ListItem","position":2,"name":"Om os"}]},{"@type":"WebSite","@id":"https:\/\/lead-roedl.dk\/#website","url":"https:\/\/lead-roedl.dk\/","name":"LEAD | R\u00d6DL","description":"","publisher":{"@id":"https:\/\/lead-roedl.dk\/#organization"},"potentialAction":[{"@type":"SearchAction","target":{"@type":"EntryPoint","urlTemplate":"https:\/\/lead-roedl.dk\/?s={search_term_string}"},"query-input":{"@type":"PropertyValueSpecification","valueRequired":true,"valueName":"search_term_string"}}],"inLanguage":"fr-FR"},{"@type":"Organization","@id":"https:\/\/lead-roedl.dk\/#organization","name":"LEAD | R\u00d6DL","url":"https:\/\/lead-roedl.dk\/","logo":{"@type":"ImageObject","inLanguage":"fr-FR","@id":"https:\/\/lead-roedl.dk\/#\/schema\/logo\/image\/","url":"https:\/\/lead-roedl.dk\/\/wp-content\/uploads\/2018\/12\/LEAD_LOGO_GREEN.jpg","contentUrl":"https:\/\/lead-roedl.dk\/\/wp-content\/uploads\/2018\/12\/LEAD_LOGO_GREEN.jpg","width":499,"height":82,"caption":"LEAD | R\u00d6DL"},"image":{"@id":"https:\/\/lead-roedl.dk\/#\/schema\/logo\/image\/"},"sameAs":["https:\/\/www.linkedin.com\/in\/michael-skovgaard-christensen-3402612\/"]}]}},"_links":{"self":[{"href":"https:\/\/lead-roedl.dk\/fr\/wp-json\/wp\/v2\/pages\/708","targetHints":{"allow":["GET"]}}],"collection":[{"href":"https:\/\/lead-roedl.dk\/fr\/wp-json\/wp\/v2\/pages"}],"about":[{"href":"https:\/\/lead-roedl.dk\/fr\/wp-json\/wp\/v2\/types\/page"}],"author":[{"embeddable":true,"href":"https:\/\/lead-roedl.dk\/fr\/wp-json\/wp\/v2\/users\/1"}],"replies":[{"embeddable":true,"href":"https:\/\/lead-roedl.dk\/fr\/wp-json\/wp\/v2\/comments?post=708"}],"version-history":[{"count":73,"href":"https:\/\/lead-roedl.dk\/fr\/wp-json\/wp\/v2\/pages\/708\/revisions"}],"predecessor-version":[{"id":5240,"href":"https:\/\/lead-roedl.dk\/fr\/wp-json\/wp\/v2\/pages\/708\/revisions\/5240"}],"wp:attachment":[{"href":"https:\/\/lead-roedl.dk\/fr\/wp-json\/wp\/v2\/media?parent=708"}],"curies":[{"name":"wp","href":"https:\/\/api.w.org\/{rel}","templated":true}]}}