{"id":715,"date":"2015-10-09T08:23:17","date_gmt":"2015-10-09T08:23:17","guid":{"rendered":"http:\/\/tn.joomexp.com\/wordpress\/wp-trust\/?page_id=715"},"modified":"2025-12-10T14:11:45","modified_gmt":"2025-12-10T13:11:45","slug":"klienter","status":"publish","type":"page","link":"https:\/\/lead-roedl.dk\/fr\/klienter\/","title":{"rendered":"Clients"},"content":{"rendered":"<div class=\"wpb-content-wrapper\"><p>[vc_row full_width=\u00a0\u00bbstretch_row\u00a0\u00bb][vc_column][vc_empty_space height=\u00a0\u00bb5px\u00a0\u00bb][cms_heading hd_title=\u00a0\u00bbCLIENTS\u00a0\u00bb cms_template=\u00a0\u00bbcms_heading.php\u00a0\u00bb][vc_column_text]<\/p>\n<h5>Nos clients sont des entreprises qui ont une strat\u00e9gie. Ils savent o\u00f9 ils veulent aller. Ils reconnaissent la valeur apport\u00e9e par notre expertise, car ils savent que ces services peuvent les aider \u00e0 aller encore plus loin.<br \/>\nNos clients veulent des conseillers qui trouvent des solutions plut\u00f4t que de chercher des probl\u00e8mes. Des conseillers qui se penchent sur leur entreprise et leurs secteurs d\u2019activit\u00e9s. Des conseillers qui savent communiquer clairement et avec pr\u00e9cision, et qui apportent une valeur ajout\u00e9e.<\/h5>\n<h5>Si cela vous ressemble, LEAD | R\u00d6DL est votre partenaire juridique id\u00e9al. Nous relevons vos d\u00e9fis et nous concentrons sur des solutions bas\u00e9es sur une compr\u00e9hension approfondie de votre entreprise<\/h5>\n<p>[\/vc_column_text][vc_empty_space height=\u00a0\u00bb42px\u00a0\u00bb][\/vc_column][\/vc_row][vc_row full_width=\u00a0\u00bbstretch_row\u00a0\u00bb background_image_fixed=\u00a0\u00bbyes\u00a0\u00bb background_overlay_color=\u00a0\u00bbyes\u00a0\u00bb css=\u00a0\u00bb.vc_custom_1501597344189{background-position: center !important;background-repeat: no-repeat !important;background-size: cover !important;}\u00a0\u00bb row_overlay_color=\u00a0\u00bbrgba(27,26,26,0.86)\u00a0\u00bb][vc_column][vc_empty_space height=\u00a0\u00bb86px\u00a0\u00bb][cms_heading subtitle_color=\u00a0\u00bb#e5e4e4&Prime; hd_title=\u00a0\u00bbT\u00e9moignages de nos clients\u00a0\u00bb title_color=\u00a0\u00bb#ffffff\u00a0\u00bb hd_description=\u00a0\u00bbD\u00e9couvrez ce que nos clients disent de nous.\u00a0\u00bb description_color=\u00a0\u00bb#959595&Prime; text_color=\u00a0\u00bb#ffffff\u00a0\u00bb cms_template=\u00a0\u00bbcms_heading.php\u00a0\u00bb][vc_empty_space height=\u00a0\u00bb40px\u00a0\u00bb][cms_carousel xsmall_items=\u00a0\u00bb1&Prime; small_items=\u00a0\u00bb2&Prime; medium_items=\u00a0\u00bb3&Prime; large_items=\u00a0\u00bb3&Prime; margin=\u00a0\u00bb30&Prime; nav=\u00a0\u00bbfalse\u00a0\u00bb title_color=\u00a0\u00bb#ffffff\u00a0\u00bb source=\u00a0\u00bbsize:6|order_by:date|post_type:testimonials\u00a0\u00bb cms_template=\u00a0\u00bbcms_carousel&#8211;layout-teatimonial2.php\u00a0\u00bb][vc_empty_space height=\u00a0\u00bb20px\u00a0\u00bb][\/vc_column][\/vc_row]<\/p>\n<\/div>","protected":false},"excerpt":{"rendered":"<p>[vc_row full_width=\u00a0\u00bbstretch_row\u00a0\u00bb][vc_column][vc_empty_space height=\u00a0\u00bb5px\u00a0\u00bb][cms_heading hd_title=\u00a0\u00bbCLIENTS\u00a0\u00bb cms_template=\u00a0\u00bbcms_heading.php\u00a0\u00bb][vc_column_text] Nos clients sont des entreprises qui ont une strat\u00e9gie. Ils savent o\u00f9 ils veulent aller. Ils reconnaissent la valeur apport\u00e9e par notre expertise, car ils savent que ces services peuvent les aider \u00e0 aller encore plus loin. Nos clients veulent des conseillers qui trouvent des solutions plut\u00f4t que de chercher [&hellip;]<\/p>\n","protected":false},"author":1,"featured_media":0,"parent":0,"menu_order":0,"comment_status":"closed","ping_status":"closed","template":"","meta":{"footnotes":""},"class_list":["post-715","page","type-page","status-publish","hentry"],"yoast_head":"<!-- This site is optimized with the Yoast SEO plugin v27.5 - https:\/\/yoast.com\/product\/yoast-seo-wordpress\/ -->\n<title>Clients - LEAD | R\u00d6DL<\/title>\n<meta name=\"robots\" content=\"index, follow, max-snippet:-1, max-image-preview:large, max-video-preview:-1\" \/>\n<link rel=\"canonical\" href=\"https:\/\/lead-roedl.dk\/klienter\/\" \/>\n<meta property=\"og:locale\" content=\"fr_FR\" \/>\n<meta property=\"og:type\" content=\"article\" \/>\n<meta property=\"og:title\" content=\"[:da]Klienter[:en]Clients[:de]Mandanten[:fr]Clients[:] - LEAD | R\u00d6DL\" \/>\n<meta property=\"og:description\" content=\"[vc_row full_width=\u00a0\u00bbstretch_row\u00a0\u00bb][vc_column][vc_empty_space height=\u00a0\u00bb5px\u00a0\u00bb][cms_heading hd_title=\u00a0\u00bbCLIENTS\u00a0\u00bb cms_template=\u00a0\u00bbcms_heading.php\u00a0\u00bb][vc_column_text] Nos clients sont des entreprises qui ont une strat\u00e9gie. Ils savent o\u00f9 ils veulent aller. Ils reconnaissent la valeur apport\u00e9e par notre expertise, car ils savent que ces services peuvent les aider \u00e0 aller encore plus loin. Nos clients veulent des conseillers qui trouvent des solutions plut\u00f4t que de chercher [&hellip;]\" \/>\n<meta property=\"og:url\" content=\"https:\/\/lead-roedl.dk\/klienter\/\" \/>\n<meta property=\"og:site_name\" content=\"LEAD | R\u00d6DL\" \/>\n<meta property=\"article:modified_time\" content=\"2025-12-10T13:11:45+00:00\" \/>\n<meta property=\"og:image\" content=\"https:\/\/lead-roedl.dk\/wp-content\/uploads\/2022\/10\/preview.jpg\" \/>\n\t<meta property=\"og:image:width\" content=\"1200\" \/>\n\t<meta property=\"og:image:height\" content=\"630\" \/>\n\t<meta property=\"og:image:type\" content=\"image\/jpeg\" \/>\n<meta name=\"twitter:card\" content=\"summary_large_image\" \/>\n<meta name=\"twitter:label1\" content=\"Dur\u00e9e de lecture estim\u00e9e\" \/>\n\t<meta name=\"twitter:data1\" content=\"5 minutes\" \/>\n<script type=\"application\/ld+json\" class=\"yoast-schema-graph\">{\"@context\":\"https:\\\/\\\/schema.org\",\"@graph\":[{\"@type\":\"WebPage\",\"@id\":\"https:\\\/\\\/lead-roedl.dk\\\/klienter\\\/\",\"url\":\"https:\\\/\\\/lead-roedl.dk\\\/klienter\\\/\",\"name\":\"[:da]Klienter[:en]Clients[:de]Mandanten[:fr]Clients[:] - LEAD | R\u00d6DL\",\"isPartOf\":{\"@id\":\"https:\\\/\\\/lead-roedl.dk\\\/#website\"},\"datePublished\":\"2015-10-09T08:23:17+00:00\",\"dateModified\":\"2025-12-10T13:11:45+00:00\",\"breadcrumb\":{\"@id\":\"https:\\\/\\\/lead-roedl.dk\\\/klienter\\\/#breadcrumb\"},\"inLanguage\":\"fr-FR\",\"potentialAction\":[{\"@type\":\"ReadAction\",\"target\":[\"https:\\\/\\\/lead-roedl.dk\\\/klienter\\\/\"]}]},{\"@type\":\"BreadcrumbList\",\"@id\":\"https:\\\/\\\/lead-roedl.dk\\\/klienter\\\/#breadcrumb\",\"itemListElement\":[{\"@type\":\"ListItem\",\"position\":1,\"name\":\"Startseite\",\"item\":\"https:\\\/\\\/lead-roedl.dk\\\/\\\/\"},{\"@type\":\"ListItem\",\"position\":2,\"name\":\"[:da]Klienter[:en]Clients[:de]Mandanten[:fr]Clients[:]\"}]},{\"@type\":\"WebSite\",\"@id\":\"https:\\\/\\\/lead-roedl.dk\\\/#website\",\"url\":\"https:\\\/\\\/lead-roedl.dk\\\/\",\"name\":\"LEAD | R\u00d6DL\",\"description\":\"\",\"publisher\":{\"@id\":\"https:\\\/\\\/lead-roedl.dk\\\/#organization\"},\"potentialAction\":[{\"@type\":\"SearchAction\",\"target\":{\"@type\":\"EntryPoint\",\"urlTemplate\":\"https:\\\/\\\/lead-roedl.dk\\\/?s={search_term_string}\"},\"query-input\":{\"@type\":\"PropertyValueSpecification\",\"valueRequired\":true,\"valueName\":\"search_term_string\"}}],\"inLanguage\":\"fr-FR\"},{\"@type\":\"Organization\",\"@id\":\"https:\\\/\\\/lead-roedl.dk\\\/#organization\",\"name\":\"LEAD | R\u00d6DL\",\"url\":\"https:\\\/\\\/lead-roedl.dk\\\/\",\"logo\":{\"@type\":\"ImageObject\",\"inLanguage\":\"fr-FR\",\"@id\":\"https:\\\/\\\/lead-roedl.dk\\\/#\\\/schema\\\/logo\\\/image\\\/\",\"url\":\"https:\\\/\\\/lead-roedl.dk\\\/\\\/wp-content\\\/uploads\\\/2018\\\/12\\\/LEAD_LOGO_GREEN.jpg\",\"contentUrl\":\"https:\\\/\\\/lead-roedl.dk\\\/\\\/wp-content\\\/uploads\\\/2018\\\/12\\\/LEAD_LOGO_GREEN.jpg\",\"width\":499,\"height\":82,\"caption\":\"LEAD | R\u00d6DL\"},\"image\":{\"@id\":\"https:\\\/\\\/lead-roedl.dk\\\/#\\\/schema\\\/logo\\\/image\\\/\"},\"sameAs\":[\"https:\\\/\\\/www.linkedin.com\\\/in\\\/michael-skovgaard-christensen-3402612\\\/\"]}]}<\/script>\n<!-- \/ Yoast SEO plugin. -->","yoast_head_json":{"title":"[:da]Klienter[:en]Clients[:de]Mandanten[:fr]Clients[:] - LEAD | R\u00d6DL","robots":{"index":"index","follow":"follow","max-snippet":"max-snippet:-1","max-image-preview":"max-image-preview:large","max-video-preview":"max-video-preview:-1"},"canonical":"https:\/\/lead-roedl.dk\/klienter\/","og_locale":"fr_FR","og_type":"article","og_title":"[:da]Klienter[:en]Clients[:de]Mandanten[:fr]Clients[:] - LEAD | R\u00d6DL","og_description":"[vc_row full_width=\u00a0\u00bbstretch_row\u00a0\u00bb][vc_column][vc_empty_space height=\u00a0\u00bb5px\u00a0\u00bb][cms_heading hd_title=\u00a0\u00bbCLIENTS\u00a0\u00bb cms_template=\u00a0\u00bbcms_heading.php\u00a0\u00bb][vc_column_text] Nos clients sont des entreprises qui ont une strat\u00e9gie. Ils savent o\u00f9 ils veulent aller. Ils reconnaissent la valeur apport\u00e9e par notre expertise, car ils savent que ces services peuvent les aider \u00e0 aller encore plus loin. Nos clients veulent des conseillers qui trouvent des solutions plut\u00f4t que de chercher [&hellip;]","og_url":"https:\/\/lead-roedl.dk\/klienter\/","og_site_name":"LEAD | R\u00d6DL","article_modified_time":"2025-12-10T13:11:45+00:00","og_image":[{"width":1200,"height":630,"url":"https:\/\/lead-roedl.dk\/wp-content\/uploads\/2022\/10\/preview.jpg","type":"image\/jpeg"}],"twitter_card":"summary_large_image","twitter_misc":{"Dur\u00e9e de lecture estim\u00e9e":"5 minutes"},"schema":{"@context":"https:\/\/schema.org","@graph":[{"@type":"WebPage","@id":"https:\/\/lead-roedl.dk\/klienter\/","url":"https:\/\/lead-roedl.dk\/klienter\/","name":"[:da]Klienter[:en]Clients[:de]Mandanten[:fr]Clients[:] - LEAD | R\u00d6DL","isPartOf":{"@id":"https:\/\/lead-roedl.dk\/#website"},"datePublished":"2015-10-09T08:23:17+00:00","dateModified":"2025-12-10T13:11:45+00:00","breadcrumb":{"@id":"https:\/\/lead-roedl.dk\/klienter\/#breadcrumb"},"inLanguage":"fr-FR","potentialAction":[{"@type":"ReadAction","target":["https:\/\/lead-roedl.dk\/klienter\/"]}]},{"@type":"BreadcrumbList","@id":"https:\/\/lead-roedl.dk\/klienter\/#breadcrumb","itemListElement":[{"@type":"ListItem","position":1,"name":"Startseite","item":"https:\/\/lead-roedl.dk\/\/"},{"@type":"ListItem","position":2,"name":"[:da]Klienter[:en]Clients[:de]Mandanten[:fr]Clients[:]"}]},{"@type":"WebSite","@id":"https:\/\/lead-roedl.dk\/#website","url":"https:\/\/lead-roedl.dk\/","name":"LEAD | R\u00d6DL","description":"","publisher":{"@id":"https:\/\/lead-roedl.dk\/#organization"},"potentialAction":[{"@type":"SearchAction","target":{"@type":"EntryPoint","urlTemplate":"https:\/\/lead-roedl.dk\/?s={search_term_string}"},"query-input":{"@type":"PropertyValueSpecification","valueRequired":true,"valueName":"search_term_string"}}],"inLanguage":"fr-FR"},{"@type":"Organization","@id":"https:\/\/lead-roedl.dk\/#organization","name":"LEAD | R\u00d6DL","url":"https:\/\/lead-roedl.dk\/","logo":{"@type":"ImageObject","inLanguage":"fr-FR","@id":"https:\/\/lead-roedl.dk\/#\/schema\/logo\/image\/","url":"https:\/\/lead-roedl.dk\/\/wp-content\/uploads\/2018\/12\/LEAD_LOGO_GREEN.jpg","contentUrl":"https:\/\/lead-roedl.dk\/\/wp-content\/uploads\/2018\/12\/LEAD_LOGO_GREEN.jpg","width":499,"height":82,"caption":"LEAD | R\u00d6DL"},"image":{"@id":"https:\/\/lead-roedl.dk\/#\/schema\/logo\/image\/"},"sameAs":["https:\/\/www.linkedin.com\/in\/michael-skovgaard-christensen-3402612\/"]}]}},"_links":{"self":[{"href":"https:\/\/lead-roedl.dk\/fr\/wp-json\/wp\/v2\/pages\/715","targetHints":{"allow":["GET"]}}],"collection":[{"href":"https:\/\/lead-roedl.dk\/fr\/wp-json\/wp\/v2\/pages"}],"about":[{"href":"https:\/\/lead-roedl.dk\/fr\/wp-json\/wp\/v2\/types\/page"}],"author":[{"embeddable":true,"href":"https:\/\/lead-roedl.dk\/fr\/wp-json\/wp\/v2\/users\/1"}],"replies":[{"embeddable":true,"href":"https:\/\/lead-roedl.dk\/fr\/wp-json\/wp\/v2\/comments?post=715"}],"version-history":[{"count":55,"href":"https:\/\/lead-roedl.dk\/fr\/wp-json\/wp\/v2\/pages\/715\/revisions"}],"predecessor-version":[{"id":3664,"href":"https:\/\/lead-roedl.dk\/fr\/wp-json\/wp\/v2\/pages\/715\/revisions\/3664"}],"wp:attachment":[{"href":"https:\/\/lead-roedl.dk\/fr\/wp-json\/wp\/v2\/media?parent=715"}],"curies":[{"name":"wp","href":"https:\/\/api.w.org\/{rel}","templated":true}]}}